{"id":744097,"date":"2025-08-28T01:49:25","date_gmt":"2025-08-27T22:49:25","guid":{"rendered":"https:\/\/roveyayinevi.com.tr\/index.php\/urun\/hukuk-antropolojisi-kabile-kadi-yargic\/"},"modified":"2026-04-16T02:55:41","modified_gmt":"2026-04-15T23:55:41","slug":"hukuk-antropolojisi-kabile-kadi-yargic","status":"publish","type":"product","link":"https:\/\/roveyayinevi.com.tr\/index.php\/urun\/hukuk-antropolojisi-kabile-kadi-yargic\/","title":{"rendered":"Hukuk Antropolojisi \u2013 Kabile, Kad\u0131, Yarg\u0131\u00e7"},"content":{"rendered":"<p>\u201cAntropoloji ve kar\u015f\u0131la\u015ft\u0131rmal\u0131 hukukun bilgileri \u0131\u015f\u0131\u011f\u0131nda hukukun do\u011fas\u0131na ili\u015fkin b\u00fcy\u00fcleyici bir ara\u015ft\u0131rma\u2026 D\u00fcnyan\u0131n her yerinden ve tarihin her d\u00f6neminden zengin \u00f6rneklerle dolu. Hukuk kuram\u0131, kar\u015f\u0131la\u015ft\u0131rmal\u0131 hukuk veya hukuk antropolojisi alanlar\u0131na ilgi duyan herkese tavsiye edilir.\u201d Gordon R. Woodman, The Journal of Legal Pluralism and Unofficial Law   \u201cPirie\u2019nin kitab\u0131, etnografik bilgiye dayal\u0131 bu ara\u015ft\u0131rma alan\u0131na heyecan verici bir giri\u015f niteli\u011findedir.\u201d Eve Darian-Smith, Law and History Review   \u201cBu kitap, ger\u00e7ek bir disiplinleraras\u0131 \u00e7al\u0131\u015fma ve sosyohukuk \u00e7al\u0131\u015fmalar\u0131 i\u00e7in temel bir soruyu ele almaktad\u0131r: Hukuk nedir? Pirie\u2019nin dikkatlice in\u015fa edilmi\u015f ve savunulmu\u015f tezi k\u0131\u015fk\u0131rt\u0131c\u0131d\u0131r.\u201d Simon Halliday, University of York, Socio-Legal Studies   Bu kitab\u0131n merkezinde hukukun do\u011fas\u0131, \u00f6rf-\u00e2detle ili\u015fkisi, hukuki kurallar\u0131n, kategorilerin ve taleplerin formu hakk\u0131ndaki sorular bulunmaktad\u0131r. Kitap toplumsal d\u00fczene ve \u00e7at\u0131\u015fmalar\u0131n \u00e7\u00f6z\u00fcm\u00fcne dair etnografik \u00e7al\u0131\u015fmalar\u0131n yan\u0131 s\u0131ra insan haklar\u0131, uluslararas\u0131 hukuk kurallar\u0131 ve yeni m\u00fclkiyet bi\u00e7imleri hakk\u0131ndaki g\u00fcncel tart\u0131\u015fmalar\u0131 da ele al\u0131yor. Ayn\u0131 zamanda, hukuk tarih\u00e7ileri, klasik\u00e7iler ve oryantalistler taraf\u0131ndan \u00e7al\u0131\u015f\u0131lan zengin bir kodlar ve metinler k\u00fclliyat\u0131n\u0131 da g\u00f6zden ge\u00e7iriyor: Antik \u00c7in, Hindistan ve \u0130slam d\u00fcnyalar\u0131n\u0131n antropologlarca ihmal edilen b\u00fcy\u00fck hukuk sistemleri, bu d\u00fcnyalar\u0131n \u00e7eperlerinde \u00fcretilen hukuk formlar\u0131yla birlikte bu kitapta inceleniyor. Eserde antik kodlar, Orta\u00e7a\u011f kanunlar\u0131, k\u00f6y t\u00fcz\u00fckleri ve kabile yasalar\u0131 hakk\u0131nda zengin ampirik ayr\u0131nt\u0131lar sunuluyor. <\/p>\n","protected":false},"excerpt":{"rendered":"<p>\u201cAntropoloji ve kar\u015f\u0131la\u015ft\u0131rmal\u0131 hukukun bilgileri \u0131\u015f\u0131\u011f\u0131nda hukukun do\u011fas\u0131na ili\u015fkin b\u00fcy\u00fcleyici bir ara\u015ft\u0131rma\u2026 D\u00fcnyan\u0131n her yerinden ve tarihin her d\u00f6neminden zengin \u00f6rneklerle dolu. Hukuk kuram\u0131, kar\u015f\u0131la\u015ft\u0131rmal\u0131 hukuk<span class=\"excerpt-hellip\"> [\u2026]<\/span><\/p>\n","protected":false},"featured_media":0,"template":"","meta":{"_monsterinsights_skip_tracking":false,"_monsterinsights_sitenote_active":false,"_monsterinsights_sitenote_note":"","_monsterinsights_sitenote_category":0},"product_brand":[],"product_cat":[15350],"product_tag":[],"class_list":{"0":"post-744097","1":"product","2":"type-product","3":"status-publish","5":"product_cat-hukuk","6":"pa_cilt-ciltsiz","7":"pa_tur-kitap","8":"pa_yayinevi-fol-kitap","9":"pa_yazar-fernanda-pirie","11":"first","12":"instock","13":"sale","14":"shipping-taxable","15":"purchasable","16":"product-type-simple"},"_links":{"self":[{"href":"https:\/\/roveyayinevi.com.tr\/index.php\/wp-json\/wp\/v2\/product\/744097","targetHints":{"allow":["GET"]}}],"collection":[{"href":"https:\/\/roveyayinevi.com.tr\/index.php\/wp-json\/wp\/v2\/product"}],"about":[{"href":"https:\/\/roveyayinevi.com.tr\/index.php\/wp-json\/wp\/v2\/types\/product"}],"wp:attachment":[{"href":"https:\/\/roveyayinevi.com.tr\/index.php\/wp-json\/wp\/v2\/media?parent=744097"}],"wp:term":[{"taxonomy":"product_brand","embeddable":true,"href":"https:\/\/roveyayinevi.com.tr\/index.php\/wp-json\/wp\/v2\/product_brand?post=744097"},{"taxonomy":"product_cat","embeddable":true,"href":"https:\/\/roveyayinevi.com.tr\/index.php\/wp-json\/wp\/v2\/product_cat?post=744097"},{"taxonomy":"product_tag","embeddable":true,"href":"https:\/\/roveyayinevi.com.tr\/index.php\/wp-json\/wp\/v2\/product_tag?post=744097"}],"curies":[{"name":"wp","href":"https:\/\/api.w.org\/{rel}","templated":true}]}}