{"id":744095,"date":"2025-08-28T01:49:22","date_gmt":"2025-08-27T22:49:22","guid":{"rendered":"https:\/\/roveyayinevi.com.tr\/index.php\/urun\/bir-ask-masali\/"},"modified":"2026-04-16T02:55:41","modified_gmt":"2026-04-15T23:55:41","slug":"bir-ask-masali","status":"publish","type":"product","link":"https:\/\/roveyayinevi.com.tr\/index.php\/urun\/bir-ask-masali\/","title":{"rendered":"Bir A\u015fk Masal\u0131"},"content":{"rendered":"<p>\u00d6ZG\u00dcRL\u00dcK YOKSA A\u015eK DA YOKTUR   Asla sevdi\u011fin insan\u0131n gardiyan\u0131 olma\u2026 Bir varm\u0131\u015f bir yokmu\u015f, d\u00fcnyada acayiplikler \u00e7okmu\u015f. Bir gece be\u015f farkl\u0131 \u00fclkede, be\u015f prens ayn\u0131 r\u00fcyay\u0131 g\u00f6rm\u00fc\u015fler: Bir gen\u00e7 k\u0131z, kadim bir kentin alacakaranl\u0131k sokaklar\u0131nda \u0131\u015f\u0131ktan bir g\u00fczellik halinde dola\u015f\u0131yormu\u015f. \u0130\u015fte o k\u0131z\u0131 g\u00f6rd\u00fckten sonra, art\u0131k ne eski hayatlar\u0131 kalm\u0131\u015f ne de eski hakikatleri.   Ahmet \u00dcmit\u2019ten insanl\u0131\u011f\u0131n en y\u00fcce duygusu olan a\u015fk\u0131n do\u011fas\u0131na dair bir hik\u00e2yat.   Bir A\u015fk Masal\u0131, be\u015f prensin sevda u\u011fruna revan olduklar\u0131 bir yol ve hal maceras\u0131. Kaf Da\u011f\u0131\u2019ndan \u0131ss\u0131z \u00e7\u00f6llere, \u00fccra hanlardan sava\u015f\u00e7\u0131 kabilelerin \u00e7ad\u0131rlar\u0131na, devlerden denizk\u0131zlar\u0131na, balinalardan devasa y\u0131lanlara, c\u00fcmle tabiat\u0131n ve mahlukat\u0131n ge\u00e7i\u015f yapt\u0131\u011f\u0131 bir hayal perdesi.   \u201cYolculuklar\u0131n en \u00e7ilelisi a\u015fk i\u00e7in yap\u0131land\u0131r. Ve zorluk ne kadar artarsa a\u015fk o kadar k\u0131ymete biner, o kadar anlam kazan\u0131r, o kadar vazge\u00e7ilmez bir hal al\u0131r\u2026\u201d <\/p>\n","protected":false},"excerpt":{"rendered":"<p>\u00d6ZG\u00dcRL\u00dcK YOKSA A\u015eK DA YOKTUR Asla sevdi\u011fin insan\u0131n gardiyan\u0131 olma\u2026 Bir varm\u0131\u015f bir yokmu\u015f, d\u00fcnyada acayiplikler \u00e7okmu\u015f. Bir gece be\u015f farkl\u0131 \u00fclkede, be\u015f prens ayn\u0131 r\u00fcyay\u0131<span class=\"excerpt-hellip\"> [\u2026]<\/span><\/p>\n","protected":false},"featured_media":0,"template":"","meta":{"_monsterinsights_skip_tracking":false,"_monsterinsights_sitenote_active":false,"_monsterinsights_sitenote_note":"","_monsterinsights_sitenote_category":0},"product_brand":[],"product_cat":[12291,13706],"product_tag":[],"class_list":{"0":"post-744095","1":"product","2":"type-product","3":"status-publish","5":"product_cat-edebiyat","6":"product_cat-efsane-destan-masal","7":"pa_cilt-ciltsiz","8":"pa_tur-kitap","9":"pa_yayinevi-yapi-kredi-yayinlari","10":"pa_yazar-ahmet-umit","12":"first","13":"instock","14":"sale","15":"shipping-taxable","16":"purchasable","17":"product-type-simple"},"_links":{"self":[{"href":"https:\/\/roveyayinevi.com.tr\/index.php\/wp-json\/wp\/v2\/product\/744095","targetHints":{"allow":["GET"]}}],"collection":[{"href":"https:\/\/roveyayinevi.com.tr\/index.php\/wp-json\/wp\/v2\/product"}],"about":[{"href":"https:\/\/roveyayinevi.com.tr\/index.php\/wp-json\/wp\/v2\/types\/product"}],"wp:attachment":[{"href":"https:\/\/roveyayinevi.com.tr\/index.php\/wp-json\/wp\/v2\/media?parent=744095"}],"wp:term":[{"taxonomy":"product_brand","embeddable":true,"href":"https:\/\/roveyayinevi.com.tr\/index.php\/wp-json\/wp\/v2\/product_brand?post=744095"},{"taxonomy":"product_cat","embeddable":true,"href":"https:\/\/roveyayinevi.com.tr\/index.php\/wp-json\/wp\/v2\/product_cat?post=744095"},{"taxonomy":"product_tag","embeddable":true,"href":"https:\/\/roveyayinevi.com.tr\/index.php\/wp-json\/wp\/v2\/product_tag?post=744095"}],"curies":[{"name":"wp","href":"https:\/\/api.w.org\/{rel}","templated":true}]}}