{"id":744094,"date":"2025-08-28T01:49:21","date_gmt":"2025-08-27T22:49:21","guid":{"rendered":"https:\/\/roveyayinevi.com.tr\/index.php\/urun\/filozof-yahudi-ve-hiristiyan-arasindaki-diyaloglar\/"},"modified":"2026-04-16T02:55:41","modified_gmt":"2026-04-15T23:55:41","slug":"filozof-yahudi-ve-hiristiyan-arasindaki-diyaloglar","status":"publish","type":"product","link":"https:\/\/roveyayinevi.com.tr\/index.php\/urun\/filozof-yahudi-ve-hiristiyan-arasindaki-diyaloglar\/","title":{"rendered":"Filozof, Yahudi ve H\u0131ristiyan Aras\u0131ndaki Diyaloglar"},"content":{"rendered":"<p>Farkl\u0131 d\u00fcnyalara mensup ki\u015filer aras\u0131nda bir diyalog kurulacaksa, \u00f6nce akl\u0131n ilkeleri \u00fczerinde uzla\u015f\u0131lmal\u0131d\u0131r. Abelardus\u2019un bu klasik yap\u0131t\u0131nda g\u00f6r\u00fclece\u011fi \u00fczere, Abelardus\u00e7u ak\u0131lc\u0131l\u0131\u011f\u0131, filozof temsil eder ve diyalog hem Yahudiye hem de H\u0131ristiyana dinsel tavr\u0131n temelinde akl\u0131n olmas\u0131 gerekti\u011fi y\u00f6n\u00fcnde ilerler.   Diyaloglar \u015feklinde ilerleyen eser, Orta\u00e7a\u011f\u2019da yayg\u0131n bir \u015fekilde kullan\u0131lan \u00fcslup olan \u201cr\u00fcya g\u00f6rme\u201d ile ba\u015flar ve hakem, teistik inanca sahip bir filozof, H\u0131ristiyan ve Yahudi olmak \u00fczere d\u00f6rt karakterin birbiriyle diyaloglar\u0131ndan olu\u015fur. K\u0131sa bir giri\u015fin ard\u0131ndan, ilk m\u00fcnazarada Yahudi ile filozof; ikinci m\u00fcnazarada ise H\u0131ristiyan ile filozof \u00e7e\u015fitli felsefi ve teolojik konular \u00fczerine tart\u0131\u015f\u0131rlar. Giri\u015f b\u00f6l\u00fcm\u00fcnde hakem, \u00f6nce Yahudi ve filozofun sonras\u0131nda H\u0131ristiyan ve filozofun kendi aralar\u0131ndaki tart\u0131\u015fmalar\u0131n\u0131 dinledikten sonra inan\u00e7 bak\u0131m\u0131ndan kimin hakl\u0131 oldu\u011funa dair d\u00fc\u015f\u00fcncesini dile getirir.   Eserde konu\u015fmac\u0131 olarak ge\u00e7en d\u00f6rt karakterden birisi olan filozof, t\u0131pk\u0131 H\u0131ristiyan ve Yahudi karakterleri gibi tek tanr\u0131 inanc\u0131na sahip olsa da onlardan farkl\u0131 olarak kutsal kitaplara de\u011fil, do\u011fal yasaya (Lex naturalae) ba\u011fl\u0131 oldu\u011funu dile getirmekte ve tart\u0131\u015fmaya \u201ct\u00fcm disiplinlerin amac\u0131 olan ahl\u00e2k felsefesini\u201d ortaya koymak i\u00e7in geldi\u011fini belirtmektedir. Ona g\u00f6re, ahl\u00e2k felsefesi nihai iyinin ve nihai k\u00f6t\u00fcn\u00fcn ne oldu\u011funu ve nihai iyiye ula\u015fman\u0131n ve nihai k\u00f6t\u00fcden ka\u00e7\u0131nman\u0131n yollar\u0131n\u0131n ne oldu\u011funu g\u00f6steren bilimdir. <\/p>\n","protected":false},"excerpt":{"rendered":"<p>Farkl\u0131 d\u00fcnyalara mensup ki\u015filer aras\u0131nda bir diyalog kurulacaksa, \u00f6nce akl\u0131n ilkeleri \u00fczerinde uzla\u015f\u0131lmal\u0131d\u0131r. Abelardus\u2019un bu klasik yap\u0131t\u0131nda g\u00f6r\u00fclece\u011fi \u00fczere, Abelardus\u00e7u ak\u0131lc\u0131l\u0131\u011f\u0131, filozof temsil eder ve diyalog<span class=\"excerpt-hellip\"> [\u2026]<\/span><\/p>\n","protected":false},"featured_media":0,"template":"","meta":{"_monsterinsights_skip_tracking":false,"_monsterinsights_sitenote_active":false,"_monsterinsights_sitenote_note":"","_monsterinsights_sitenote_category":0},"product_brand":[],"product_cat":[12389,12388],"product_tag":[],"class_list":{"0":"post-744094","1":"product","2":"type-product","3":"status-publish","5":"product_cat-diger-felsefe","6":"product_cat-felsefe","7":"pa_cilt-ciltsiz","8":"pa_tur-kitap","9":"pa_yayinevi-dogu-bati-yayinlari","10":"pa_yazar-petrus-abelardus","12":"first","13":"instock","14":"sale","15":"shipping-taxable","16":"purchasable","17":"product-type-simple"},"_links":{"self":[{"href":"https:\/\/roveyayinevi.com.tr\/index.php\/wp-json\/wp\/v2\/product\/744094","targetHints":{"allow":["GET"]}}],"collection":[{"href":"https:\/\/roveyayinevi.com.tr\/index.php\/wp-json\/wp\/v2\/product"}],"about":[{"href":"https:\/\/roveyayinevi.com.tr\/index.php\/wp-json\/wp\/v2\/types\/product"}],"wp:attachment":[{"href":"https:\/\/roveyayinevi.com.tr\/index.php\/wp-json\/wp\/v2\/media?parent=744094"}],"wp:term":[{"taxonomy":"product_brand","embeddable":true,"href":"https:\/\/roveyayinevi.com.tr\/index.php\/wp-json\/wp\/v2\/product_brand?post=744094"},{"taxonomy":"product_cat","embeddable":true,"href":"https:\/\/roveyayinevi.com.tr\/index.php\/wp-json\/wp\/v2\/product_cat?post=744094"},{"taxonomy":"product_tag","embeddable":true,"href":"https:\/\/roveyayinevi.com.tr\/index.php\/wp-json\/wp\/v2\/product_tag?post=744094"}],"curies":[{"name":"wp","href":"https:\/\/api.w.org\/{rel}","templated":true}]}}