{"id":744093,"date":"2025-08-28T01:49:20","date_gmt":"2025-08-27T22:49:20","guid":{"rendered":"https:\/\/roveyayinevi.com.tr\/index.php\/urun\/tao-hakikatin-yolu-2-cilt-takim\/"},"modified":"2026-04-16T02:55:41","modified_gmt":"2026-04-15T23:55:41","slug":"tao-hakikatin-yolu-2-cilt-takim","status":"publish","type":"product","link":"https:\/\/roveyayinevi.com.tr\/index.php\/urun\/tao-hakikatin-yolu-2-cilt-takim\/","title":{"rendered":"Tao Hakikatin Yolu 2 Cilt Tak\u0131m"},"content":{"rendered":"<p>Ya\u015fam\u0131n b\u00fcy\u00fcs\u00fcn\u00fcn s\u0131rr\u0131, eylemsizli\u011fe eri\u015fmek i\u00e7in eylemi kullanmaya ba\u011fl\u0131d\u0131r. Sevgi seni \u00e7a\u011f\u0131r\u0131nca onu takip et, sonuna kadar takip et, tamamen kayboldu\u011fun noktaya kadar takip et. Bir pervane ol. Evet, sevgi bir alevdir, seven ise pervane. Pervaneden \u00e7ok \u015fey \u00f6\u011fren, s\u0131rra o sahip; nas\u0131l \u00f6l\u00fcnece\u011fini bilir. Sevgiyle, esrimeyle, dansla nas\u0131l \u00f6l\u00fcnece\u011fini bilmek, daha y\u00fcksek bir d\u00fczeyde yeniden do\u011fmay\u0131 bilmektir. Ve \u00f6l\u00fcnen her seferde daha y\u00fcksek bir d\u00fczeye ula\u015f\u0131l\u0131r. Ger\u00e7ek hayat, gizemlerin gizemidir. Bu gizemi a\u00e7\u0131klamak asla m\u00fcmk\u00fcn de\u011fildir. Kurgu insan zihninden do\u011far. Zihin bir aynad\u0131r, birka\u00e7 \u015feyi yans\u0131t\u0131r. E\u011fer iyi bir aynan, yarat\u0131c\u0131 bir aynan varsa bir \u015fiir yaratabilirsin, m\u00fczik yaratabilirsin, kurgu yaratabilirsin, yazabilirsin, resim yapabilirsin. Ama t\u00fcm resmedeceklerin, t\u00fcm yaratacaklar\u0131n ve t\u00fcm yazacaklar\u0131n, ger\u00e7e\u011fin \u00e7ok ufak, atomik bir par\u00e7as\u0131 \u2013asl\u0131nda bir par\u00e7as\u0131 de\u011fil de, zihninde o par\u00e7an\u0131n yans\u0131mas\u0131\u2013 olarak kalacakt\u0131r. <\/p>\n","protected":false},"excerpt":{"rendered":"<p>Ya\u015fam\u0131n b\u00fcy\u00fcs\u00fcn\u00fcn s\u0131rr\u0131, eylemsizli\u011fe eri\u015fmek i\u00e7in eylemi kullanmaya ba\u011fl\u0131d\u0131r. Sevgi seni \u00e7a\u011f\u0131r\u0131nca onu takip et, sonuna kadar takip et, tamamen kayboldu\u011fun noktaya kadar takip et. Bir<span class=\"excerpt-hellip\"> [\u2026]<\/span><\/p>\n","protected":false},"featured_media":0,"template":"","meta":{"_monsterinsights_skip_tracking":false,"_monsterinsights_sitenote_active":false,"_monsterinsights_sitenote_note":"","_monsterinsights_sitenote_category":0},"product_brand":[],"product_cat":[12364,12376],"product_tag":[],"class_list":{"0":"post-744093","1":"product","2":"type-product","3":"status-publish","5":"product_cat-genel-konular","6":"product_cat-kisisel-gelisim","7":"pa_cilt-ciltsiz","8":"pa_tur-kitap","9":"pa_yayinevi-omega","10":"pa_yazar-osho","12":"first","13":"instock","14":"sale","15":"shipping-taxable","16":"purchasable","17":"product-type-simple"},"_links":{"self":[{"href":"https:\/\/roveyayinevi.com.tr\/index.php\/wp-json\/wp\/v2\/product\/744093","targetHints":{"allow":["GET"]}}],"collection":[{"href":"https:\/\/roveyayinevi.com.tr\/index.php\/wp-json\/wp\/v2\/product"}],"about":[{"href":"https:\/\/roveyayinevi.com.tr\/index.php\/wp-json\/wp\/v2\/types\/product"}],"wp:attachment":[{"href":"https:\/\/roveyayinevi.com.tr\/index.php\/wp-json\/wp\/v2\/media?parent=744093"}],"wp:term":[{"taxonomy":"product_brand","embeddable":true,"href":"https:\/\/roveyayinevi.com.tr\/index.php\/wp-json\/wp\/v2\/product_brand?post=744093"},{"taxonomy":"product_cat","embeddable":true,"href":"https:\/\/roveyayinevi.com.tr\/index.php\/wp-json\/wp\/v2\/product_cat?post=744093"},{"taxonomy":"product_tag","embeddable":true,"href":"https:\/\/roveyayinevi.com.tr\/index.php\/wp-json\/wp\/v2\/product_tag?post=744093"}],"curies":[{"name":"wp","href":"https:\/\/api.w.org\/{rel}","templated":true}]}}