{"id":744091,"date":"2025-08-28T01:49:18","date_gmt":"2025-08-27T22:49:18","guid":{"rendered":"https:\/\/roveyayinevi.com.tr\/index.php\/urun\/dil-felsefesi-2\/"},"modified":"2026-04-16T02:55:41","modified_gmt":"2026-04-15T23:55:41","slug":"dil-felsefesi-2","status":"publish","type":"product","link":"https:\/\/roveyayinevi.com.tr\/index.php\/urun\/dil-felsefesi-2\/","title":{"rendered":"Dil Felsefesi"},"content":{"rendered":"<p>\u201cDil Felsefesi: G\u00fcncel Sorunlar, \u00c7\u00f6z\u00fcmler ve Tart\u0131\u015fmalar\u201d \u00f6\u011frencileri \u00f6zellikle dilsel fenomenlere odaklanarak yirmi birinci y\u00fczy\u0131l dil felsefesindeki ana meseleler ve teorilerle tan\u0131\u015ft\u0131r\u0131yor. Yazar William G. Lycan, kitab\u0131 d\u00f6rt genel b\u00f6l\u00fcme ay\u0131r\u0131yor. I. K\u0131s\u0131m\u2019da; G\u00f6nderme ve G\u00f6ndermede Bulunma, Russell\u2019\u0131n Betimlemeler Kuram\u0131 (ve \u0130tirazlar\u0131), Donnellan\u2019\u0131n Ayr\u0131m\u0131, Anaforik \u0130fadeler, \u00d6zel Adlar: Betimlemeci Kuram, Searle\u2019\u00fcn K\u00fcme Kuram\u0131 ve Nedenselci-Tarihselci G\u00f6nderme Kuram\u0131 gibi konular\u0131, II. K\u0131s\u0131m\u2019da; Anlam Kuramlar\u0131, Do\u011fruluk-Ko\u015fulu Kuramlar\u0131 ve Do\u011frulamac\u0131l\u0131k konular\u0131n\u0131, III. K\u0131s\u0131m\u2019da; Edimbilim ve S\u00f6z Edimleri, Edims\u00f6z G\u00fcc\u00fc, Sezdiri Ba\u011f\u0131nt\u0131lar\u0131 konular\u0131n\u0131 ayr\u0131nt\u0131l\u0131 bir bi\u00e7imde a\u00e7\u0131kl\u0131yor. IV. K\u0131s\u0131m\u2019da ise Anlat\u0131msal Dil ve De\u011fi\u015fmeceli Dil, \u0130roni ve \u0130\u011fneleme ile \u00e7e\u015fitli a\u00e7\u0131klay\u0131c\u0131 dil bi\u00e7imlerini ve E\u011fretileme\u2019nin ne oldu\u011funu ve \u00e7o\u011fu dinleyicinin bunu nas\u0131l kolayca kavrad\u0131\u011f\u0131n\u0131 inceliyor. <\/p>\n","protected":false},"excerpt":{"rendered":"<p>\u201cDil Felsefesi: G\u00fcncel Sorunlar, \u00c7\u00f6z\u00fcmler ve Tart\u0131\u015fmalar\u201d \u00f6\u011frencileri \u00f6zellikle dilsel fenomenlere odaklanarak yirmi birinci y\u00fczy\u0131l dil felsefesindeki ana meseleler ve teorilerle tan\u0131\u015ft\u0131r\u0131yor. Yazar William G. Lycan,<span class=\"excerpt-hellip\"> [\u2026]<\/span><\/p>\n","protected":false},"featured_media":0,"template":"","meta":{"_monsterinsights_skip_tracking":false,"_monsterinsights_sitenote_active":false,"_monsterinsights_sitenote_note":"","_monsterinsights_sitenote_category":0},"product_brand":[],"product_cat":[12389,12388],"product_tag":[],"class_list":{"0":"post-744091","1":"product","2":"type-product","3":"status-publish","5":"product_cat-diger-felsefe","6":"product_cat-felsefe","7":"pa_cilt-ciltsiz","8":"pa_tur-kitap","9":"pa_yayinevi-say-yayinlari","10":"pa_yazar-william-g-lycan","12":"first","13":"instock","14":"sale","15":"shipping-taxable","16":"purchasable","17":"product-type-simple"},"_links":{"self":[{"href":"https:\/\/roveyayinevi.com.tr\/index.php\/wp-json\/wp\/v2\/product\/744091","targetHints":{"allow":["GET"]}}],"collection":[{"href":"https:\/\/roveyayinevi.com.tr\/index.php\/wp-json\/wp\/v2\/product"}],"about":[{"href":"https:\/\/roveyayinevi.com.tr\/index.php\/wp-json\/wp\/v2\/types\/product"}],"wp:attachment":[{"href":"https:\/\/roveyayinevi.com.tr\/index.php\/wp-json\/wp\/v2\/media?parent=744091"}],"wp:term":[{"taxonomy":"product_brand","embeddable":true,"href":"https:\/\/roveyayinevi.com.tr\/index.php\/wp-json\/wp\/v2\/product_brand?post=744091"},{"taxonomy":"product_cat","embeddable":true,"href":"https:\/\/roveyayinevi.com.tr\/index.php\/wp-json\/wp\/v2\/product_cat?post=744091"},{"taxonomy":"product_tag","embeddable":true,"href":"https:\/\/roveyayinevi.com.tr\/index.php\/wp-json\/wp\/v2\/product_tag?post=744091"}],"curies":[{"name":"wp","href":"https:\/\/api.w.org\/{rel}","templated":true}]}}