{"id":744090,"date":"2025-08-28T01:49:17","date_gmt":"2025-08-27T22:49:17","guid":{"rendered":"https:\/\/roveyayinevi.com.tr\/index.php\/urun\/ask-saplanti-ve-intikam-cinayetleri\/"},"modified":"2026-04-16T02:55:41","modified_gmt":"2026-04-15T23:55:41","slug":"ask-saplanti-ve-intikam-cinayetleri","status":"publish","type":"product","link":"https:\/\/roveyayinevi.com.tr\/index.php\/urun\/ask-saplanti-ve-intikam-cinayetleri\/","title":{"rendered":"A\u015fk, Saplant\u0131 ve \u0130ntikam Cinayetleri"},"content":{"rendered":"<p>Tutku su\u00e7lar\u0131 hem \u00fcrk\u00fct\u00fcc\u00fc hem de garip bir \u015fekilde ba\u015ftan \u00e7\u0131kar\u0131c\u0131d\u0131r. Sevdi\u011finiz biri nas\u0131l korktu\u011funuz birine d\u00f6n\u00fc\u015febilir? Bu s\u00fcr\u00fckleyici antoloji, bu soruyu en etkileyici ger\u00e7ek su\u00e7 \u00f6yk\u00fclerinden, saplant\u0131 ve intikam cinayetlerinden baz\u0131lar\u0131yla ara\u015ft\u0131r\u0131yor. Duygular\u0131n k\u00f6r\u00fckledi\u011fi su\u00e7lar. A\u015fk, tutku, saplant\u0131, k\u0131skan\u00e7l\u0131k ve ihanet. Duygular s\u00f6z konusu oldu\u011funda, insanlar tuhaf ve beklenmedik \u015fekillerde tepki verebilirler. \u0130ster kar\u015f\u0131l\u0131ks\u0131z a\u015fktan incinmi\u015f bir kalp, ister a\u015fk\u0131 i\u00e7in her \u015feyi yapabilecek kadar tutkulu bir \u00e2\u015f\u0131k olsun en uysal insan bile aniden tersine d\u00f6nebilir ve karanl\u0131k niyetleri olan intikamc\u0131 bir ki\u015fi haline gelebilir. Antik Yunan miti \u0130ason ve Medea\u2019dan Shakespeare\u2019in Othello\u2019suna kadar, bu derinden hissedilen duygularla ilgili temalar varl\u0131\u011f\u0131n\u0131 s\u00fcrd\u00fcrm\u00fc\u015ft\u00fcr. Ancak mitoloji veya kurgunun aksine, A\u015fk, Saplant\u0131 ve \u0130ntikam Cinayetleri ger\u00e7ek hayattan \u00f6yk\u00fcler i\u00e7eriyor. \u201cAte\u015fli cinayetlerin cezbedici efsanelerine susam\u0131\u015f ger\u00e7ek su\u00e7 \u00f6yk\u00fcs\u00fc tutkunlar\u0131, bu son derece s\u00fcr\u00fckleyici koleksiyonu bir \u00e7\u0131rp\u0131da bitirecekler.\u201d <\/p>\n","protected":false},"excerpt":{"rendered":"<p>Tutku su\u00e7lar\u0131 hem \u00fcrk\u00fct\u00fcc\u00fc hem de garip bir \u015fekilde ba\u015ftan \u00e7\u0131kar\u0131c\u0131d\u0131r. Sevdi\u011finiz biri nas\u0131l korktu\u011funuz birine d\u00f6n\u00fc\u015febilir? Bu s\u00fcr\u00fckleyici antoloji, bu soruyu en etkileyici ger\u00e7ek su\u00e7<span class=\"excerpt-hellip\"> [\u2026]<\/span><\/p>\n","protected":false},"featured_media":0,"template":"","meta":{"_monsterinsights_skip_tracking":false,"_monsterinsights_sitenote_active":false,"_monsterinsights_sitenote_note":"","_monsterinsights_sitenote_category":0},"product_brand":[],"product_cat":[12357],"product_tag":[],"class_list":{"0":"post-744090","1":"product","2":"type-product","3":"status-publish","5":"product_cat-psikoloji","6":"pa_cilt-ciltsiz","7":"pa_tur-kitap","8":"pa_yayinevi-say-yayinlari","9":"pa_yazar-mitzi-szereto","11":"first","12":"instock","13":"sale","14":"shipping-taxable","15":"purchasable","16":"product-type-simple"},"_links":{"self":[{"href":"https:\/\/roveyayinevi.com.tr\/index.php\/wp-json\/wp\/v2\/product\/744090","targetHints":{"allow":["GET"]}}],"collection":[{"href":"https:\/\/roveyayinevi.com.tr\/index.php\/wp-json\/wp\/v2\/product"}],"about":[{"href":"https:\/\/roveyayinevi.com.tr\/index.php\/wp-json\/wp\/v2\/types\/product"}],"wp:attachment":[{"href":"https:\/\/roveyayinevi.com.tr\/index.php\/wp-json\/wp\/v2\/media?parent=744090"}],"wp:term":[{"taxonomy":"product_brand","embeddable":true,"href":"https:\/\/roveyayinevi.com.tr\/index.php\/wp-json\/wp\/v2\/product_brand?post=744090"},{"taxonomy":"product_cat","embeddable":true,"href":"https:\/\/roveyayinevi.com.tr\/index.php\/wp-json\/wp\/v2\/product_cat?post=744090"},{"taxonomy":"product_tag","embeddable":true,"href":"https:\/\/roveyayinevi.com.tr\/index.php\/wp-json\/wp\/v2\/product_tag?post=744090"}],"curies":[{"name":"wp","href":"https:\/\/api.w.org\/{rel}","templated":true}]}}