{"id":744089,"date":"2025-08-28T01:49:17","date_gmt":"2025-08-27T22:49:17","guid":{"rendered":"https:\/\/roveyayinevi.com.tr\/index.php\/urun\/siyaset\/"},"modified":"2026-04-16T02:55:41","modified_gmt":"2026-04-15T23:55:41","slug":"siyaset","status":"publish","type":"product","link":"https:\/\/roveyayinevi.com.tr\/index.php\/urun\/siyaset\/","title":{"rendered":"Siyaset"},"content":{"rendered":"<p>\u00c7ok satan yazar Andrew Heywood&#8217;un bu ufuk a\u00e7\u0131c\u0131 ders kitab\u0131n\u0131n be\u015finci edisyonu, siyasete kapsaml\u0131 ve g\u00fcvenilir bir giri\u015f sa\u011flama konusunda \u00f6nc\u00fcl\u00fck etmeye devam ediyor. \u0130lgi \u00e7ekici ve kolay anla\u015f\u0131l\u0131r tarz\u0131yla tan\u0131nan bu kitap, \u00f6\u011frencilerin disiplinin se\u00e7imler, oy kullanma, g\u00fcvenlik ve k\u00fcresel y\u00f6neti\u015fim gibi temel alt alanlar\u0131n\u0131 anlamland\u0131rmalar\u0131na b\u00f6ylece temel kavramlar\u0131 ve teorilerini anlamalar\u0131na yard\u0131mc\u0131 olur. Kitap, sistematik olarak g\u00f6zden ge\u00e7irilmi\u015f ve ba\u015ftan sona g\u00fcncellenmi\u015f olup ayn\u0131 zamanda farkl\u0131 bak\u0131\u015f a\u00e7\u0131lar\u0131 aras\u0131nda ba\u011flant\u0131lar kurmak ve \u00e7a\u011fda\u015f kurumlar\u0131n, olaylar\u0131n ve geli\u015fmelerin hayata ge\u00e7irilmesine yard\u0131mc\u0131 olmak i\u00e7in denenmi\u015f ve test edilmi\u015f bir dizi pedagojik \u00f6zellik kullan\u0131r.   \u00c7ok \u00e7e\u015fitli uluslararas\u0131 \u00f6rneklere dayanan bu metin, d\u00fcnyan\u0131n d\u00f6rt bir yan\u0131ndaki \u00f6\u011fretim g\u00f6revlileri i\u00e7in ideal bir se\u00e7imdir. Kitap lisans d\u00fczeyinde ve kar\u015f\u0131la\u015ft\u0131rmal\u0131 siyaset derslerinde ba\u015fvurulacak bir kaynak olarak kullan\u0131labilmesi i\u00e7in \u00f6zenle tasarlanm\u0131\u015f ve yaz\u0131lm\u0131\u015ft\u0131r. Ayr\u0131ca, ana veya yan dallar i\u00e7in bir referans noktas\u0131 olarak da kullan\u0131labilir.   Bu edisyonda yenilikler \u015funlard\u0131r: &#8211; Kitap, d\u00fcnyan\u0131n farkl\u0131 yerlerinde demokrasinin d\u00fc\u015f\u00fc\u015f\u00fcn\u00fc ve pop\u00fclizmin ve otoriterli\u011fin y\u00fckseli\u015fini yans\u0131tacak \u015fekilde yeniden yap\u0131land\u0131r\u0131ld\u0131 ve revize edildi. &#8211; Uygulamadaki Siyaset k\u0131s\u0131mlar\u0131 en son siyas\u00ee geli\u015fmeleri yans\u0131t\u0131yor; &#8216;Trump&#8217;\u0131n Zaferi: Kutupla\u015fma ve \u00d6fke Siyaseti mi?&#8217;; &#8216;G\u00fcney Afrika: Tek Parti Devleti mi?&#8217;; ve &#8216;Kuzey Kore: Haydut Bir N\u00fckleer G\u00fc\u00e7 m\u00fc?&#8217; &#8211; Sosyal medyan\u0131n ve &#8216;sahte haberler\u2019in ortaya \u00e7\u0131k\u0131\u015f\u0131 ve etkisi de\u011ferlendirilerek medya ortam\u0131n\u0131n d\u00f6n\u00fc\u015f\u00fcm\u00fc tart\u0131\u015f\u0131lmaktad\u0131r. &#8211; \u00d6\u011frenciler i\u00e7in web ba\u011flant\u0131lar\u0131, \u00f6\u011fretim g\u00f6revlileri i\u00e7in PowerPoint slaytlar\u0131, kitab\u0131 kullanma k\u0131lavuzu ile bloomsburyonlineresources.com\/politics-5e adresinde bulunabilir. Bu kaynaklar, bu ders kitab\u0131n\u0131 kullan\u0131rken \u00f6\u011fretme ve \u00f6\u011frenmeyi desteklemek i\u00e7in tasarlanm\u0131\u015ft\u0131r ve hi\u00e7bir ekstra \u00fccret \u00f6demeden kullan\u0131labilir. <\/p>\n","protected":false},"excerpt":{"rendered":"<p>\u00c7ok satan yazar Andrew Heywood&#8217;un bu ufuk a\u00e7\u0131c\u0131 ders kitab\u0131n\u0131n be\u015finci edisyonu, siyasete kapsaml\u0131 ve g\u00fcvenilir bir giri\u015f sa\u011flama konusunda \u00f6nc\u00fcl\u00fck etmeye devam ediyor. \u0130lgi \u00e7ekici<span class=\"excerpt-hellip\"> [\u2026]<\/span><\/p>\n","protected":false},"featured_media":0,"template":"","meta":{"_monsterinsights_skip_tracking":false,"_monsterinsights_sitenote_active":false,"_monsterinsights_sitenote_note":"","_monsterinsights_sitenote_category":0},"product_brand":[],"product_cat":[12337,14706],"product_tag":[],"class_list":{"0":"post-744089","1":"product","2":"type-product","3":"status-publish","5":"product_cat-politika-siyaset","6":"product_cat-siyaset-bilimi","7":"pa_cilt-ciltsiz","8":"pa_tur-kitap","9":"pa_yayinevi-felix-kitap","10":"pa_yazar-andrew-heywood","12":"first","13":"instock","14":"sale","15":"shipping-taxable","16":"purchasable","17":"product-type-simple"},"_links":{"self":[{"href":"https:\/\/roveyayinevi.com.tr\/index.php\/wp-json\/wp\/v2\/product\/744089","targetHints":{"allow":["GET"]}}],"collection":[{"href":"https:\/\/roveyayinevi.com.tr\/index.php\/wp-json\/wp\/v2\/product"}],"about":[{"href":"https:\/\/roveyayinevi.com.tr\/index.php\/wp-json\/wp\/v2\/types\/product"}],"wp:attachment":[{"href":"https:\/\/roveyayinevi.com.tr\/index.php\/wp-json\/wp\/v2\/media?parent=744089"}],"wp:term":[{"taxonomy":"product_brand","embeddable":true,"href":"https:\/\/roveyayinevi.com.tr\/index.php\/wp-json\/wp\/v2\/product_brand?post=744089"},{"taxonomy":"product_cat","embeddable":true,"href":"https:\/\/roveyayinevi.com.tr\/index.php\/wp-json\/wp\/v2\/product_cat?post=744089"},{"taxonomy":"product_tag","embeddable":true,"href":"https:\/\/roveyayinevi.com.tr\/index.php\/wp-json\/wp\/v2\/product_tag?post=744089"}],"curies":[{"name":"wp","href":"https:\/\/api.w.org\/{rel}","templated":true}]}}