{"id":744088,"date":"2025-08-28T01:49:15","date_gmt":"2025-08-27T22:49:15","guid":{"rendered":"https:\/\/roveyayinevi.com.tr\/index.php\/urun\/misi-misgibi-ciltli\/"},"modified":"2026-04-16T02:55:41","modified_gmt":"2026-04-15T23:55:41","slug":"misi-misgibi-ciltli","status":"publish","type":"product","link":"https:\/\/roveyayinevi.com.tr\/index.php\/urun\/misi-misgibi-ciltli\/","title":{"rendered":"Misi Misgibi (Ciltli)"},"content":{"rendered":"<p>Sabun kullanm\u0131yorlar madem, ba\u015fka bir canl\u0131 bulmal\u0131 hemen! Elif Yonat To\u011fay&#8217;\u0131n yaz\u0131p G\u00f6zde Eyce&#8217;nin resimledi\u011fi Misi Misgibi, temizlik tutkusu y\u00fcz\u00fcnden market raflar\u0131na s\u0131\u011famay\u0131p, dere tepe yollara d\u00fc\u015fen mis kokulu bir sabunla bulu\u015fturuyor minikleri.  Ki\u015fisel hijyenin ve bak\u0131m\u0131n \u00f6nemi hakk\u0131nda fark\u0131ndal\u0131k yaratan kitap, kar\u0131ncadan gergedana ve hatta okyanusta y\u00fczen bir balinaya, gezegenimizi payla\u015ft\u0131\u011f\u0131m\u0131z canl\u0131lar\u0131n beden temizli\u011fini nas\u0131l yapt\u0131klar\u0131 ve birbirleriyle olan ili\u015fkilerine dair ak\u0131lda kal\u0131c\u0131 bilgiler payla\u015f\u0131yor.  Misi Misgibi, mikroplar\u0131 yok etmekle g\u00f6revli. Temizlik i\u00e7in k\u00f6p\u00fcrmeye pek hevesli.   Temizleyecek bir beden bulmak i\u00e7in k\u00e2h sal\u0131na sal\u0131na y\u00fcr\u00fcyerek k\u00e2h fo\u015furdata fo\u015furdata y\u00fczerek d\u00fcnyay\u0131 dola\u015fmaya bile meyilli.  Denizdeki kaplumba\u011fa, daldaki ku\u015f, \u00e7ay\u0131rdaki zebra ve daha niceleri. Acaba hangisi tertemiz kokacak misler gibi? Eyvah, yoksa hi\u00e7birinin niyeti yok mu temizlenmeye? Belki de vard\u0131r ki\u015fisel bak\u0131mlar\u0131 i\u00e7in sabundan daha \u00f6te g\u00fcvendikleri ba\u015fka birileri&#8230; S\u00f6zc\u00fck se\u00e7imi ve ahenkli anlat\u0131m\u0131yla \u00e7ocuklar\u0131n dil geli\u015fimine katk\u0131da bulunan bu renkli \u00f6yk\u00fcn\u00fcn son b\u00f6l\u00fcm\u00fcnde, kitapta ad\u0131 ge\u00e7en canl\u0131lara dair ilgin\u00e7 ger\u00e7ekler a\u00e7\u0131klan\u0131yor.  Ke\u015fiflerle dolu bir okuma yolculu\u011fu sunan Misi Misgibi, miniklerin merak duygusunu kabartmay\u0131 ba\u015faran, s\u00fcrprizli bir resimli kitap. E hadi daha ne duruyorsunuz, g\u00f6stersenize Misi&#8217;ye banyonun yerini!<\/p>\n","protected":false},"excerpt":{"rendered":"<p>Sabun kullanm\u0131yorlar madem, ba\u015fka bir canl\u0131 bulmal\u0131 hemen! Elif Yonat To\u011fay&#8217;\u0131n yaz\u0131p G\u00f6zde Eyce&#8217;nin resimledi\u011fi Misi Misgibi, temizlik tutkusu y\u00fcz\u00fcnden market raflar\u0131na s\u0131\u011famay\u0131p, dere tepe yollara<span class=\"excerpt-hellip\"> [\u2026]<\/span><\/p>\n","protected":false},"featured_media":0,"template":"","meta":{"_monsterinsights_skip_tracking":false,"_monsterinsights_sitenote_active":false,"_monsterinsights_sitenote_note":"","_monsterinsights_sitenote_category":0},"product_brand":[],"product_cat":[12275,12274],"product_tag":[],"class_list":{"0":"post-744088","1":"product","2":"type-product","3":"status-publish","5":"product_cat-6-12-yas-kitaplari","6":"product_cat-cocuk-ve-genclik-kitaplari","7":"pa_cilt-ciltli","8":"pa_tur-kitap","9":"pa_yayinevi-ucanbalik-yayincilik","10":"pa_yazar-elif-yonat-togay","12":"first","13":"instock","14":"sale","15":"shipping-taxable","16":"purchasable","17":"product-type-simple"},"_links":{"self":[{"href":"https:\/\/roveyayinevi.com.tr\/index.php\/wp-json\/wp\/v2\/product\/744088","targetHints":{"allow":["GET"]}}],"collection":[{"href":"https:\/\/roveyayinevi.com.tr\/index.php\/wp-json\/wp\/v2\/product"}],"about":[{"href":"https:\/\/roveyayinevi.com.tr\/index.php\/wp-json\/wp\/v2\/types\/product"}],"wp:attachment":[{"href":"https:\/\/roveyayinevi.com.tr\/index.php\/wp-json\/wp\/v2\/media?parent=744088"}],"wp:term":[{"taxonomy":"product_brand","embeddable":true,"href":"https:\/\/roveyayinevi.com.tr\/index.php\/wp-json\/wp\/v2\/product_brand?post=744088"},{"taxonomy":"product_cat","embeddable":true,"href":"https:\/\/roveyayinevi.com.tr\/index.php\/wp-json\/wp\/v2\/product_cat?post=744088"},{"taxonomy":"product_tag","embeddable":true,"href":"https:\/\/roveyayinevi.com.tr\/index.php\/wp-json\/wp\/v2\/product_tag?post=744088"}],"curies":[{"name":"wp","href":"https:\/\/api.w.org\/{rel}","templated":true}]}}