{"id":744087,"date":"2025-08-28T01:49:14","date_gmt":"2025-08-27T22:49:14","guid":{"rendered":"https:\/\/roveyayinevi.com.tr\/index.php\/urun\/iste-boyle-basliyor\/"},"modified":"2026-04-16T02:55:40","modified_gmt":"2026-04-15T23:55:40","slug":"iste-boyle-basliyor","status":"publish","type":"product","link":"https:\/\/roveyayinevi.com.tr\/index.php\/urun\/iste-boyle-basliyor\/","title":{"rendered":"\u0130\u015fte B\u00f6yle Ba\u015fl\u0131yor"},"content":{"rendered":"<p>S\u00fcrpriz sonlu hik\u00e2yeleriyle tan\u0131nan ve kitaplar\u0131 d\u00fcnya \u00e7ap\u0131nda milyonlarca okura ula\u015fan Rachel Abbott psikolojik gerilim t\u00fcr\u00fcndeki \u0130\u015fte B\u00f6yle Ba\u015fl\u0131yor ile sizi \u00f6ng\u00f6remeyece\u011finiz bir maceraya d\u00e2hil ediyor!   Cleo, karde\u015fi Mark ad\u0131na mutlu olmas\u0131 gerekti\u011finin fark\u0131ndad\u0131r. Mark, kar\u0131s\u0131n\u0131n ani \u00f6l\u00fcm\u00fcn\u00fcn ard\u0131ndan yeni birini, Evie\u2019yi bulmay\u0131 ba\u015farm\u0131\u015ft\u0131r. Ancak Cleo\u2019nun bu kad\u0131nla ilgili i\u00e7ine sinmeyen baz\u0131 \u015feyler vard\u0131r.   Evie s\u00fcrekli tekrarlayan ev kazalar\u0131 ya\u015famaya ba\u015flad\u0131\u011f\u0131nda bu durum arkada\u015flar\u0131n\u0131n dikkatini \u00e7eker. Yaralanmas\u0131na yol a\u00e7an Mark m\u0131d\u0131r? Cleo, karde\u015finin b\u00f6yle bir \u015fey yapabilece\u011fine asla inanmaz.   \u00c7avu\u015f Stephanie King u\u00e7urumun tepesindeki eve \u00e7a\u011f\u0131r\u0131ld\u0131\u011f\u0131nda kan lekeli \u00e7ar\u015faflar\u0131n aras\u0131nda birbirine dolanm\u0131\u015f iki beden bulur. San\u0131k yarg\u0131lan\u0131rken j\u00fcri karar vermekte zorlan\u0131r\u2026 Cinayetin kabul edilir bir savunmas\u0131 var m\u0131d\u0131r?   Cinayet nerede ba\u015flar? B\u0131\u00e7ak saplanmak \u00fczere \u00e7ekildi\u011finde mi yoksa \u015fiddet d\u00fc\u015f\u00fcncesi akla d\u00fc\u015ft\u00fc\u011f\u00fcnde mi? \u201c\u0130lgi \u00e7ekici ve s\u00fcrprizlerle dolu.\u201d \u2013LAURA MARSHALL   \u201cSonunu asla tahmin edemeyeceksiniz.\u201d \u2013PHOEBE MORGAN   \u201cAkl\u0131m\u0131 ba\u015f\u0131mdan ald\u0131\u2026 Kesinlikle muhte\u015fem bir hik\u00e2ye.\u201d \u2013JENNY BLACKHURST   \u201cSoluksuz okudu\u011fum bu yetenek g\u00f6sterisinin devam\u0131n\u0131 sab\u0131rs\u0131zl\u0131kla bekliyorum. G\u00fc\u00e7l\u00fc kad\u0131n karakterlere, Cornwall atmosferine ve ger\u00e7ekten \u015fa\u015f\u0131rt\u0131c\u0131 sonuna bay\u0131ld\u0131m.\u201d \u2013KATE RHODES   \u201c\u0130\u015fte B\u00f6yle Ba\u015fl\u0131yor sinirlerinizi geren bir hik\u00e2ye. Elinizden b\u0131rakamayacaks\u0131n\u0131z.\u201d \u2013CAROLINE MITCHELL <\/p>\n","protected":false},"excerpt":{"rendered":"<p>S\u00fcrpriz sonlu hik\u00e2yeleriyle tan\u0131nan ve kitaplar\u0131 d\u00fcnya \u00e7ap\u0131nda milyonlarca okura ula\u015fan Rachel Abbott psikolojik gerilim t\u00fcr\u00fcndeki \u0130\u015fte B\u00f6yle Ba\u015fl\u0131yor ile sizi \u00f6ng\u00f6remeyece\u011finiz bir maceraya d\u00e2hil ediyor!<span class=\"excerpt-hellip\"> [\u2026]<\/span><\/p>\n","protected":false},"featured_media":0,"template":"","meta":{"_monsterinsights_skip_tracking":false,"_monsterinsights_sitenote_active":false,"_monsterinsights_sitenote_note":"","_monsterinsights_sitenote_category":0},"product_brand":[],"product_cat":[12291,12711],"product_tag":[],"class_list":{"0":"post-744087","1":"product","2":"type-product","3":"status-publish","5":"product_cat-edebiyat","6":"product_cat-roman-oyku","7":"pa_cilt-ciltsiz","8":"pa_tur-kitap","9":"pa_yayinevi-the-kitap","10":"pa_yazar-rachel-abbott","12":"first","13":"instock","14":"sale","15":"shipping-taxable","16":"purchasable","17":"product-type-simple"},"_links":{"self":[{"href":"https:\/\/roveyayinevi.com.tr\/index.php\/wp-json\/wp\/v2\/product\/744087","targetHints":{"allow":["GET"]}}],"collection":[{"href":"https:\/\/roveyayinevi.com.tr\/index.php\/wp-json\/wp\/v2\/product"}],"about":[{"href":"https:\/\/roveyayinevi.com.tr\/index.php\/wp-json\/wp\/v2\/types\/product"}],"wp:attachment":[{"href":"https:\/\/roveyayinevi.com.tr\/index.php\/wp-json\/wp\/v2\/media?parent=744087"}],"wp:term":[{"taxonomy":"product_brand","embeddable":true,"href":"https:\/\/roveyayinevi.com.tr\/index.php\/wp-json\/wp\/v2\/product_brand?post=744087"},{"taxonomy":"product_cat","embeddable":true,"href":"https:\/\/roveyayinevi.com.tr\/index.php\/wp-json\/wp\/v2\/product_cat?post=744087"},{"taxonomy":"product_tag","embeddable":true,"href":"https:\/\/roveyayinevi.com.tr\/index.php\/wp-json\/wp\/v2\/product_tag?post=744087"}],"curies":[{"name":"wp","href":"https:\/\/api.w.org\/{rel}","templated":true}]}}