{"id":744086,"date":"2025-08-28T01:49:12","date_gmt":"2025-08-27T22:49:12","guid":{"rendered":"https:\/\/roveyayinevi.com.tr\/index.php\/urun\/hayvanlar-uzerine-2\/"},"modified":"2026-04-16T02:55:40","modified_gmt":"2026-04-15T23:55:40","slug":"hayvanlar-uzerine-2","status":"publish","type":"product","link":"https:\/\/roveyayinevi.com.tr\/index.php\/urun\/hayvanlar-uzerine-2\/","title":{"rendered":"Hayvanlar \u00dczerine"},"content":{"rendered":"<p>New York Times \u00e7ok satanlar listesine giren ve T\u00fcrkiye\u2019de \u00e7ok satan K\u00fct\u00fcphanelerin Bilinmeyen D\u00fcnyas\u0131\u2019n\u0131n yazar\u0131 Susan Orlean\u2019\u0131n bu kitab\u0131nda kolektif varl\u0131\u011f\u0131m\u0131za anlam katan ve onu zenginle\u015ftiren t\u00fcrler aras\u0131ndaki ba\u011flant\u0131lar\u0131 ke\u015ffedeceksiniz. Hayvanlarla nas\u0131l etkile\u015fime girdi\u011fimiz meselesi, \u00e7a\u011flar boyunca filozoflar\u0131n, \u015fairlerin ve do\u011fa bilimcilerinin zihnini kurcalad\u0131. Susan Orlean ise alt\u0131 ya\u015f\u0131ndayken bir g\u00fcvercinle ilgili yaz\u0131p resimledi\u011fi kitaptan beri hayvanlar\u0131n bizimle nas\u0131l ya\u015fad\u0131\u011f\u0131na ve bize nas\u0131l uyum sa\u011flad\u0131\u011f\u0131na dair her t\u00fcrl\u00fc hik\u00e2yenin b\u00fcy\u00fcs\u00fcne kap\u0131ld\u0131. Maceralar\u0131n\u0131 kariyeri boyunca denemeler yazarak sorgulayan Orlean\u2019\u0131n bu kitab\u0131nda neler yok ki?   New Jersey\u2019de bah\u00e7esinde yirmi \u00fc\u00e7 evcil kaplan besleyen bir kad\u0131n, \u0130zlanda\u2019n\u0131n buzla kapl\u0131 sahillerinde serbest kalmamak i\u00e7in direnen bir balina, Fas\u2019taki \u00e7al\u0131\u015fkan e\u015fekler, g\u00f6steri k\u00f6pe\u011fi Biff\u2019in yo\u011fun program\u0131, tavuklar\u0131n pop\u00fclerli\u011fi, ku\u015flar\u0131n yol bulmadaki ustal\u0131klar\u0131, Afganistan\u2019da sava\u015f\u0131n a\u011f\u0131r \u015fartlar\u0131n\u0131 y\u00fcklenen kat\u0131rlar, K\u00fcba\u2019da de\u011fer kazanan \u00f6k\u00fczler\u2026 Her bir hik\u00e2yeyi okurken hem \u015fa\u015f\u0131racak hem de gezegenimizdeki kom\u015fular\u0131m\u0131za bir ad\u0131m daha yakla\u015facaks\u0131n\u0131z<\/p>\n","protected":false},"excerpt":{"rendered":"<p>New York Times \u00e7ok satanlar listesine giren ve T\u00fcrkiye\u2019de \u00e7ok satan K\u00fct\u00fcphanelerin Bilinmeyen D\u00fcnyas\u0131\u2019n\u0131n yazar\u0131 Susan Orlean\u2019\u0131n bu kitab\u0131nda kolektif varl\u0131\u011f\u0131m\u0131za anlam katan ve onu zenginle\u015ftiren<span class=\"excerpt-hellip\"> [\u2026]<\/span><\/p>\n","protected":false},"featured_media":0,"template":"","meta":{"_monsterinsights_skip_tracking":false,"_monsterinsights_sitenote_active":false,"_monsterinsights_sitenote_note":"","_monsterinsights_sitenote_category":0},"product_brand":[],"product_cat":[12777,12291],"product_tag":[],"class_list":{"0":"post-744086","1":"product","2":"type-product","3":"status-publish","5":"product_cat-deneme","6":"product_cat-edebiyat","7":"pa_cilt-ciltsiz","8":"pa_tur-kitap","9":"pa_yayinevi-the-kitap","10":"pa_yazar-susan-orlean","12":"first","13":"instock","14":"sale","15":"shipping-taxable","16":"purchasable","17":"product-type-simple"},"_links":{"self":[{"href":"https:\/\/roveyayinevi.com.tr\/index.php\/wp-json\/wp\/v2\/product\/744086","targetHints":{"allow":["GET"]}}],"collection":[{"href":"https:\/\/roveyayinevi.com.tr\/index.php\/wp-json\/wp\/v2\/product"}],"about":[{"href":"https:\/\/roveyayinevi.com.tr\/index.php\/wp-json\/wp\/v2\/types\/product"}],"wp:attachment":[{"href":"https:\/\/roveyayinevi.com.tr\/index.php\/wp-json\/wp\/v2\/media?parent=744086"}],"wp:term":[{"taxonomy":"product_brand","embeddable":true,"href":"https:\/\/roveyayinevi.com.tr\/index.php\/wp-json\/wp\/v2\/product_brand?post=744086"},{"taxonomy":"product_cat","embeddable":true,"href":"https:\/\/roveyayinevi.com.tr\/index.php\/wp-json\/wp\/v2\/product_cat?post=744086"},{"taxonomy":"product_tag","embeddable":true,"href":"https:\/\/roveyayinevi.com.tr\/index.php\/wp-json\/wp\/v2\/product_tag?post=744086"}],"curies":[{"name":"wp","href":"https:\/\/api.w.org\/{rel}","templated":true}]}}