{"id":744085,"date":"2025-08-28T01:49:11","date_gmt":"2025-08-27T22:49:11","guid":{"rendered":"https:\/\/roveyayinevi.com.tr\/index.php\/urun\/dunyayi-degistiren-sira-disi-muslumanlar\/"},"modified":"2025-11-21T08:23:26","modified_gmt":"2025-11-21T05:23:26","slug":"dunyayi-degistiren-sira-disi-muslumanlar","status":"publish","type":"product","link":"https:\/\/roveyayinevi.com.tr\/index.php\/urun\/dunyayi-degistiren-sira-disi-muslumanlar\/","title":{"rendered":"D\u00fcnyay\u0131 De\u011fi\u015ftiren S\u0131ra D\u0131\u015f\u0131 M\u00fcsl\u00fcmanlar"},"content":{"rendered":"<p>Evrim fikrini ilk ortaya atan ki\u015fiyi bildi\u011finizden emin misiniz? D\u00fcnyan\u0131n en eski \u00fcniversitesini kimin kurdu\u011funu hi\u00e7 merak ettiniz mi? Joan of Arc d\u0131\u015f\u0131nda kad\u0131n bir komutan\u0131n varl\u0131\u011f\u0131ndan haberdar m\u0131s\u0131n\u0131z?   Bu sorulara do\u011fru cevaplar\u0131 verebilmek i\u00e7in g\u00f6z al\u0131c\u0131 ill\u00fcstrasyonlarla s\u00fcslenmi\u015f bu harika kitab\u0131 bir an \u00f6nce okuyup, unutulmaz M\u00fcsl\u00fcman kahramanlar\u0131n hik\u00e2yelerini ke\u015ffetmelisiniz!   D\u00fcnyay\u0131 De\u011fi\u015ftiren S\u0131ra D\u0131\u015f\u0131 M\u00fcsl\u00fcmanlar\u2019da MALALA YUSUFZAY, S\u00d6R MO FARAH ve MUHAMMED AL\u0130 gibi tan\u0131d\u0131\u011f\u0131n\u0131z ki\u015filerin yan\u0131 s\u0131ra ad\u0131n\u0131 b\u00fcy\u00fck ihtimalle ilk kez duyaca\u011f\u0131n\u0131z kahramanlar da yer al\u0131yor: \u0130BN-\u0130 HEYSEM: I\u015f\u0131\u011f\u0131n hareketini Isaac Newton\u2019dan y\u00fczlerce y\u0131l \u00f6nce ke\u015ffeden, \u0130slam\u0131n en \u00f6nemli fizik\u00e7ilerden biri. SULTAN RAZ\u0130YE: D\u00fc\u015fmanlar\u0131na korku salan bir kad\u0131n lider. G. WILLOW WILSON: \u0130lk M\u00fcsl\u00fcman Marvel karakterini yaratan \u00e7izgi roman sanat\u00e7\u0131s\u0131. IBTIHAJ MUHAMMED: Olimpiyat \u015fampiyonu eskrimci, ayn\u0131 zamanda ba\u015f\u00f6rt\u00fcs\u00fcyle spor m\u00fcsabakalar\u0131na kat\u0131lan ilk Amerikal\u0131 sporcu. NOOR INAYAT KHAN: \u0130kinci D\u00fcnya Sava\u015f\u0131\u2019nda \u0130ngiltere i\u00e7in casusluk yapan Hindistan prensesi. <\/p>\n","protected":false},"excerpt":{"rendered":"<p>Evrim fikrini ilk ortaya atan ki\u015fiyi bildi\u011finizden emin misiniz? D\u00fcnyan\u0131n en eski \u00fcniversitesini kimin kurdu\u011funu hi\u00e7 merak ettiniz mi? Joan of Arc d\u0131\u015f\u0131nda kad\u0131n bir komutan\u0131n<span class=\"excerpt-hellip\"> [\u2026]<\/span><\/p>\n","protected":false},"featured_media":0,"template":"","meta":{"_monsterinsights_skip_tracking":false,"_monsterinsights_sitenote_active":false,"_monsterinsights_sitenote_note":"","_monsterinsights_sitenote_category":0},"product_brand":[],"product_cat":[12274,12284],"product_tag":[],"class_list":{"0":"post-744085","1":"product","2":"type-product","3":"status-publish","5":"product_cat-cocuk-ve-genclik-kitaplari","6":"product_cat-hikayeler","7":"pa_cilt-ciltsiz","8":"pa_tur-kitap","9":"pa_yayinevi-the-kitap","10":"pa_yazar-burhana-islam","12":"first","13":"instock","14":"sale","15":"shipping-taxable","16":"purchasable","17":"product-type-simple"},"_links":{"self":[{"href":"https:\/\/roveyayinevi.com.tr\/index.php\/wp-json\/wp\/v2\/product\/744085","targetHints":{"allow":["GET"]}}],"collection":[{"href":"https:\/\/roveyayinevi.com.tr\/index.php\/wp-json\/wp\/v2\/product"}],"about":[{"href":"https:\/\/roveyayinevi.com.tr\/index.php\/wp-json\/wp\/v2\/types\/product"}],"wp:attachment":[{"href":"https:\/\/roveyayinevi.com.tr\/index.php\/wp-json\/wp\/v2\/media?parent=744085"}],"wp:term":[{"taxonomy":"product_brand","embeddable":true,"href":"https:\/\/roveyayinevi.com.tr\/index.php\/wp-json\/wp\/v2\/product_brand?post=744085"},{"taxonomy":"product_cat","embeddable":true,"href":"https:\/\/roveyayinevi.com.tr\/index.php\/wp-json\/wp\/v2\/product_cat?post=744085"},{"taxonomy":"product_tag","embeddable":true,"href":"https:\/\/roveyayinevi.com.tr\/index.php\/wp-json\/wp\/v2\/product_tag?post=744085"}],"curies":[{"name":"wp","href":"https:\/\/api.w.org\/{rel}","templated":true}]}}