{"id":744084,"date":"2025-08-28T01:49:10","date_gmt":"2025-08-27T22:49:10","guid":{"rendered":"https:\/\/roveyayinevi.com.tr\/index.php\/urun\/mutluluk-paradoksu\/"},"modified":"2026-04-16T02:55:40","modified_gmt":"2026-04-15T23:55:40","slug":"mutluluk-paradoksu","status":"publish","type":"product","link":"https:\/\/roveyayinevi.com.tr\/index.php\/urun\/mutluluk-paradoksu\/","title":{"rendered":"Mutluluk Paradoksu"},"content":{"rendered":"<p>Mutlu bir ya\u015fam hayali, Platon\u2019dan beri d\u00fc\u015f\u00fcn\u00fcrleri me\u015fgul etmi\u015ftir ve modern zamanlarda bu konu, \u00e7a\u011f\u0131m\u0131z\u0131n en \u00f6nemli konular\u0131ndan biri haline gelmi\u015ftir. Terapistlerin ve gurular\u0131n y\u00fckseli\u015fi, mutluluk aray\u0131\u015f\u0131n\u0131n k\u00fclt\u00fcr\u00fcm\u00fczde ne kadar yay\u0131ld\u0131\u011f\u0131n\u0131 ortaya koymaktad\u0131r.   Mutluluk Paradoksu, bu modern saplant\u0131n\u0131n nas\u0131l geli\u015fti\u011fini inceliyor. Ziyad Marar, arad\u0131\u011f\u0131m\u0131z ruh halini bulman\u0131n nas\u0131l son derece zor oldu\u011funu ve mutlulu\u011fu aramaya ayr\u0131lan enerjinin b\u00fcy\u00fck k\u0131sm\u0131n\u0131n bo\u015fa harcand\u0131\u011f\u0131n\u0131 g\u00f6steriyor. Yazar, mutlulu\u011fun aldat\u0131c\u0131 derecede basit bir fikir oldu\u011funu ama her zaman anla\u015f\u0131lmas\u0131 zor oldu\u011funu, \u00e7\u00fcnk\u00fc bir paradoksa dayand\u0131\u011f\u0131n\u0131 iddia ediyor. Bu paradoks, kurallar\u0131 \u00e7i\u011fneme, macera veya kendini ifade etme arzusu ile toplumun onay\u0131n\u0131 kazanma ihtiyac\u0131 aras\u0131ndaki \u00e7at\u0131\u015fma.   Psikoloji, felsefe, tarih, pop\u00fcler romanlar, televizyon ve filmlerden olu\u015fan geni\u015f bir kaynak yelpazesinden yararlan\u0131rken \u00f6zg\u00fcrl\u00fck, onaylanma ya da me\u015fruiyet gibi kavramlar\u0131 sorgulayan Mutluluk Paradoksu, ya\u015fam\u0131nda anlam arayan herkese daha cesur bir yol \u00f6neren bir ba\u015fucu kitab\u0131! <\/p>\n","protected":false},"excerpt":{"rendered":"<p>Mutlu bir ya\u015fam hayali, Platon\u2019dan beri d\u00fc\u015f\u00fcn\u00fcrleri me\u015fgul etmi\u015ftir ve modern zamanlarda bu konu, \u00e7a\u011f\u0131m\u0131z\u0131n en \u00f6nemli konular\u0131ndan biri haline gelmi\u015ftir. Terapistlerin ve gurular\u0131n y\u00fckseli\u015fi, mutluluk<span class=\"excerpt-hellip\"> [\u2026]<\/span><\/p>\n","protected":false},"featured_media":0,"template":"","meta":{"_monsterinsights_skip_tracking":false,"_monsterinsights_sitenote_active":false,"_monsterinsights_sitenote_note":"","_monsterinsights_sitenote_category":0},"product_brand":[],"product_cat":[16038,12388],"product_tag":[],"class_list":{"0":"post-744084","1":"product","2":"type-product","3":"status-publish","5":"product_cat-arastirma-inceleme-referans-felsefe","6":"product_cat-felsefe","7":"pa_cilt-ciltsiz","8":"pa_tur-kitap","9":"pa_yayinevi-the-kitap","10":"pa_yazar-ziyad-marar","12":"first","13":"instock","14":"sale","15":"shipping-taxable","16":"purchasable","17":"product-type-simple"},"_links":{"self":[{"href":"https:\/\/roveyayinevi.com.tr\/index.php\/wp-json\/wp\/v2\/product\/744084","targetHints":{"allow":["GET"]}}],"collection":[{"href":"https:\/\/roveyayinevi.com.tr\/index.php\/wp-json\/wp\/v2\/product"}],"about":[{"href":"https:\/\/roveyayinevi.com.tr\/index.php\/wp-json\/wp\/v2\/types\/product"}],"wp:attachment":[{"href":"https:\/\/roveyayinevi.com.tr\/index.php\/wp-json\/wp\/v2\/media?parent=744084"}],"wp:term":[{"taxonomy":"product_brand","embeddable":true,"href":"https:\/\/roveyayinevi.com.tr\/index.php\/wp-json\/wp\/v2\/product_brand?post=744084"},{"taxonomy":"product_cat","embeddable":true,"href":"https:\/\/roveyayinevi.com.tr\/index.php\/wp-json\/wp\/v2\/product_cat?post=744084"},{"taxonomy":"product_tag","embeddable":true,"href":"https:\/\/roveyayinevi.com.tr\/index.php\/wp-json\/wp\/v2\/product_tag?post=744084"}],"curies":[{"name":"wp","href":"https:\/\/api.w.org\/{rel}","templated":true}]}}