{"id":744083,"date":"2025-08-28T01:49:09","date_gmt":"2025-08-27T22:49:09","guid":{"rendered":"https:\/\/roveyayinevi.com.tr\/index.php\/urun\/yaratici-korluk-ve-tedavi-yollari\/"},"modified":"2026-04-16T02:55:40","modified_gmt":"2026-04-15T23:55:40","slug":"yaratici-korluk-ve-tedavi-yollari","status":"publish","type":"product","link":"https:\/\/roveyayinevi.com.tr\/index.php\/urun\/yaratici-korluk-ve-tedavi-yollari\/","title":{"rendered":"Yarat\u0131c\u0131 K\u00f6rl\u00fck ve Tedavi Yollar\u0131"},"content":{"rendered":"<p>Etraf\u0131m\u0131zda g\u00f6rd\u00fc\u011f\u00fcm\u00fcz her \u015fey \u201cesin perisi\u201dnden izler ta\u015f\u0131yor. \u0130lham ve yarat\u0131c\u0131l\u0131k, sadece sanat galerilerinin ho\u015f koridorlar\u0131nda bulunmuyor. Dikkatle bakarsan\u0131z yarat\u0131c\u0131l\u0131\u011f\u0131 her yerde; toplu ta\u015f\u0131ma ara\u00e7lar\u0131nda, i\u015fyerinde, sokaklarda, okullarda, hastanelerde ve lokantalarda, yani insanlar\u0131n ayak bast\u0131\u011f\u0131 her yerde g\u00f6rebilirsiniz. Ger\u00e7ek ya\u015fam \u00f6yk\u00fclerinden olu\u015fan elinizdeki kitapta, usta kreatif direkt\u00f6r Dave Trott, berrak bak\u0131\u015f\u0131n\u0131 yarat\u0131c\u0131l\u0131k kavram\u0131na \u00e7eviriyor ve \u015fu sonu\u00e7lara var\u0131yor: Yarat\u0131c\u0131l\u0131k problem \u00e7\u00f6zmektir, d\u00fc\u015f\u00fcncede a\u00e7\u0131kl\u0131kt\u0131r, ba\u015fkalar\u0131n\u0131n g\u00f6remedi\u011fini g\u00f6rmek ve i\u015fleri olabildi\u011fince sadele\u015ftirmektir. Burada kar\u015f\u0131la\u015faca\u011f\u0131n\u0131z ger\u00e7ek ya\u015fam derslerini ister i\u015finizde isterseniz de g\u00fcndelik ya\u015fam\u0131n\u0131zda uygulay\u0131n. \u00c7evrenizdeki ayr\u0131nt\u0131lar\u0131 farkl\u0131 g\u00f6zlerle g\u00f6rd\u00fck\u00e7e, daha farkl\u0131 d\u00fc\u015f\u00fcnmeye ba\u015flayacak ve de\u011fi\u015fim r\u00fczg\u00e2rlar\u0131 estireceksiniz. <\/p>\n","protected":false},"excerpt":{"rendered":"<p>Etraf\u0131m\u0131zda g\u00f6rd\u00fc\u011f\u00fcm\u00fcz her \u015fey \u201cesin perisi\u201dnden izler ta\u015f\u0131yor. \u0130lham ve yarat\u0131c\u0131l\u0131k, sadece sanat galerilerinin ho\u015f koridorlar\u0131nda bulunmuyor. Dikkatle bakarsan\u0131z yarat\u0131c\u0131l\u0131\u011f\u0131 her yerde; toplu ta\u015f\u0131ma ara\u00e7lar\u0131nda, i\u015fyerinde,<span class=\"excerpt-hellip\"> [\u2026]<\/span><\/p>\n","protected":false},"featured_media":0,"template":"","meta":{"_monsterinsights_skip_tracking":false,"_monsterinsights_sitenote_active":false,"_monsterinsights_sitenote_note":"","_monsterinsights_sitenote_category":0},"product_brand":[],"product_cat":[14787,13488],"product_tag":[],"class_list":{"0":"post-744083","1":"product","2":"type-product","3":"status-publish","5":"product_cat-diger-toplum-ve-insan","6":"product_cat-toplum-ve-insan","7":"pa_cilt-ciltsiz","8":"pa_tur-kitap","9":"pa_yayinevi-mediacat-kitaplari","10":"pa_yazar-dave-trott","12":"first","13":"instock","14":"sale","15":"shipping-taxable","16":"purchasable","17":"product-type-simple"},"_links":{"self":[{"href":"https:\/\/roveyayinevi.com.tr\/index.php\/wp-json\/wp\/v2\/product\/744083","targetHints":{"allow":["GET"]}}],"collection":[{"href":"https:\/\/roveyayinevi.com.tr\/index.php\/wp-json\/wp\/v2\/product"}],"about":[{"href":"https:\/\/roveyayinevi.com.tr\/index.php\/wp-json\/wp\/v2\/types\/product"}],"wp:attachment":[{"href":"https:\/\/roveyayinevi.com.tr\/index.php\/wp-json\/wp\/v2\/media?parent=744083"}],"wp:term":[{"taxonomy":"product_brand","embeddable":true,"href":"https:\/\/roveyayinevi.com.tr\/index.php\/wp-json\/wp\/v2\/product_brand?post=744083"},{"taxonomy":"product_cat","embeddable":true,"href":"https:\/\/roveyayinevi.com.tr\/index.php\/wp-json\/wp\/v2\/product_cat?post=744083"},{"taxonomy":"product_tag","embeddable":true,"href":"https:\/\/roveyayinevi.com.tr\/index.php\/wp-json\/wp\/v2\/product_tag?post=744083"}],"curies":[{"name":"wp","href":"https:\/\/api.w.org\/{rel}","templated":true}]}}