{"id":744082,"date":"2025-08-28T01:49:09","date_gmt":"2025-08-27T22:49:09","guid":{"rendered":"https:\/\/roveyayinevi.com.tr\/index.php\/urun\/yalin-startup\/"},"modified":"2026-04-16T02:55:40","modified_gmt":"2026-04-15T23:55:40","slug":"yalin-startup","status":"publish","type":"product","link":"https:\/\/roveyayinevi.com.tr\/index.php\/urun\/yalin-startup\/","title":{"rendered":"Yal\u0131n Startup"},"content":{"rendered":"<p>Eric Ries\u2019\u0131n kitab\u0131, teknoloji sekt\u00f6r\u00fcn\u00fcn i\u015f kurmaya ve \u00fcr\u00fcn yaratmaya ili\u015fkin yakla\u015f\u0131mlar\u0131na dair ola\u011fan\u00fcst\u00fc i\u00e7g\u00f6r\u00fcler sunuyor.                                                            Sheryl Sandberg, Facebook, COO Yal\u0131n \u00fcretim ve y\u00f6netim ilkelerini giri\u015fimcilik d\u00fcnyas\u0131na uygulayarak, Yal\u0131n Startup felsefesini kuran Eric Ries, b\u00f6ylelikle giri\u015fimcili\u011fin kitab\u0131n\u0131 da yeniden yazm\u0131\u015f oldu. Ries, startup\u2019\u0131 son derece belirsiz bir ortamda, kendini yeni bir \u015feyler yaratmaya adam\u0131\u015f bir insan grubu veya yap\u0131 olarak tan\u0131ml\u0131yor. S\u00f6z konusu odak, bir \u00f6\u011frenci evinde har\u0131l har\u0131l \u00e7al\u0131\u015fan bir grup gen\u00e7 olabilece\u011fi gibi, y\u0131ld\u0131z bir \u015firketin y\u00f6netim odas\u0131ndaki deneyimli profesyoneller de olabilir. Bu anlamda giri\u015fimcilerin ortak noktalar\u0131, belirsizlikten olu\u015fan sis bulutunun i\u00e7ine dalarak, s\u00fcrd\u00fcr\u00fclebilir bir i\u015f i\u00e7in ba\u015far\u0131l\u0131 bir yol bulmaya \u00e7al\u0131\u015fmalar\u0131d\u0131r. Elinizdeki kitap, her a\u015famadaki giri\u015fimciye, vizyonlar\u0131n\u0131 s\u00fcrekli test edecekleri bir yolu i\u015f i\u015ften ge\u00e7meden benimsemelerini ve buna g\u00f6re hareket etmelerini \u00f6neriyor. \u015eirketlerin her zamankinden fazla inovasyon yapmaya ihtiya\u00e7 duyduklar\u0131 bir d\u00f6nemde, ba\u015far\u0131l\u0131 giri\u015fimlere imza atmak i\u00e7in bilimsel bir y\u00f6ntem sunuyor. <\/p>\n","protected":false},"excerpt":{"rendered":"<p>Eric Ries\u2019\u0131n kitab\u0131, teknoloji sekt\u00f6r\u00fcn\u00fcn i\u015f kurmaya ve \u00fcr\u00fcn yaratmaya ili\u015fkin yakla\u015f\u0131mlar\u0131na dair ola\u011fan\u00fcst\u00fc i\u00e7g\u00f6r\u00fcler sunuyor. Sheryl Sandberg, Facebook, COO Yal\u0131n \u00fcretim ve y\u00f6netim ilkelerini giri\u015fimcilik<span class=\"excerpt-hellip\"> [\u2026]<\/span><\/p>\n","protected":false},"featured_media":0,"template":"","meta":{"_monsterinsights_skip_tracking":false,"_monsterinsights_sitenote_active":false,"_monsterinsights_sitenote_note":"","_monsterinsights_sitenote_category":0},"product_brand":[],"product_cat":[13043,17647],"product_tag":[],"class_list":{"0":"post-744082","1":"product","2":"type-product","3":"status-publish","5":"product_cat-ekonomi","6":"product_cat-is-dunyasi","7":"pa_cilt-ciltsiz","8":"pa_tur-kitap","9":"pa_yayinevi-mediacat-kitaplari","10":"pa_yazar-eric-ries","12":"first","13":"instock","14":"sale","15":"shipping-taxable","16":"purchasable","17":"product-type-simple"},"_links":{"self":[{"href":"https:\/\/roveyayinevi.com.tr\/index.php\/wp-json\/wp\/v2\/product\/744082","targetHints":{"allow":["GET"]}}],"collection":[{"href":"https:\/\/roveyayinevi.com.tr\/index.php\/wp-json\/wp\/v2\/product"}],"about":[{"href":"https:\/\/roveyayinevi.com.tr\/index.php\/wp-json\/wp\/v2\/types\/product"}],"wp:attachment":[{"href":"https:\/\/roveyayinevi.com.tr\/index.php\/wp-json\/wp\/v2\/media?parent=744082"}],"wp:term":[{"taxonomy":"product_brand","embeddable":true,"href":"https:\/\/roveyayinevi.com.tr\/index.php\/wp-json\/wp\/v2\/product_brand?post=744082"},{"taxonomy":"product_cat","embeddable":true,"href":"https:\/\/roveyayinevi.com.tr\/index.php\/wp-json\/wp\/v2\/product_cat?post=744082"},{"taxonomy":"product_tag","embeddable":true,"href":"https:\/\/roveyayinevi.com.tr\/index.php\/wp-json\/wp\/v2\/product_tag?post=744082"}],"curies":[{"name":"wp","href":"https:\/\/api.w.org\/{rel}","templated":true}]}}