{"id":744081,"date":"2025-08-28T01:49:07","date_gmt":"2025-08-27T22:49:07","guid":{"rendered":"https:\/\/roveyayinevi.com.tr\/index.php\/urun\/kleopatranin-aynasi-zamanda-yolculuk\/"},"modified":"2026-04-16T02:55:40","modified_gmt":"2026-04-15T23:55:40","slug":"kleopatranin-aynasi-zamanda-yolculuk","status":"publish","type":"product","link":"https:\/\/roveyayinevi.com.tr\/index.php\/urun\/kleopatranin-aynasi-zamanda-yolculuk\/","title":{"rendered":"Kleopatra\u2019n\u0131n Aynas\u0131 \u2013 Zamanda Yolculuk"},"content":{"rendered":"<p>B\u00fct\u00fcn d\u00fcnyada milyonlarca merakl\u0131s\u0131 olan Geronimo Stilton kitaplar\u0131 sizi s\u0131rlarla dolu, soluk solu\u011fa okuyaca\u011f\u0131n\u0131z maceralara g\u00f6t\u00fcrmeye devam ediyor.   Geronimo \u00e7ok fena so\u011fuk alg\u0131nl\u0131\u011f\u0131na yakaland\u0131\u011f\u0131ndan bir s\u00fcre gelen telefonlara yan\u0131t verememi\u015fti. \u0130yile\u015fti\u011findeyse Profes\u00f6r Volt\u2019un b\u0131rakt\u0131\u011f\u0131 mesajlar onu \u00e7ok endi\u015felendirdi. Profes\u00f6r Volt Kleopatra\u2019n\u0131n aynas\u0131n\u0131n \u00f6zg\u00fcn bir eser oldu\u011funu kan\u0131tlamak i\u00e7in zamanda yolculu\u011fa \u00e7\u0131km\u0131\u015ft\u0131. Fakat ne yaz\u0131k ki ge\u00e7mi\u015fte hapsolmu\u015ftu! Geronimo dostunu kurtarmak i\u00e7in hemen harekete ge\u00e7ti. Bu kez Antik M\u0131s\u0131r\u2019a yolculuk edecekti.   Geronimo Stilton\u2019un s\u00fcrprizlerle dolu maceralar\u0131 devam ediyor.   <\/p>\n","protected":false},"excerpt":{"rendered":"<p>B\u00fct\u00fcn d\u00fcnyada milyonlarca merakl\u0131s\u0131 olan Geronimo Stilton kitaplar\u0131 sizi s\u0131rlarla dolu, soluk solu\u011fa okuyaca\u011f\u0131n\u0131z maceralara g\u00f6t\u00fcrmeye devam ediyor. Geronimo \u00e7ok fena so\u011fuk alg\u0131nl\u0131\u011f\u0131na yakaland\u0131\u011f\u0131ndan bir s\u00fcre<span class=\"excerpt-hellip\"> [\u2026]<\/span><\/p>\n","protected":false},"featured_media":0,"template":"","meta":{"_monsterinsights_skip_tracking":false,"_monsterinsights_sitenote_active":false,"_monsterinsights_sitenote_note":"","_monsterinsights_sitenote_category":0},"product_brand":[],"product_cat":[12689,12274],"product_tag":[],"class_list":{"0":"post-744081","1":"product","2":"type-product","3":"status-publish","5":"product_cat-cizgi-roman-cocuk-ve-genclik-kitaplari","6":"product_cat-cocuk-ve-genclik-kitaplari","7":"pa_cilt-ciltsiz","8":"pa_tur-kitap","9":"pa_yayinevi-yapi-kredi-yayinlari","10":"pa_yazar-geronimo-stilton","12":"first","13":"instock","14":"sale","15":"shipping-taxable","16":"purchasable","17":"product-type-simple"},"_links":{"self":[{"href":"https:\/\/roveyayinevi.com.tr\/index.php\/wp-json\/wp\/v2\/product\/744081","targetHints":{"allow":["GET"]}}],"collection":[{"href":"https:\/\/roveyayinevi.com.tr\/index.php\/wp-json\/wp\/v2\/product"}],"about":[{"href":"https:\/\/roveyayinevi.com.tr\/index.php\/wp-json\/wp\/v2\/types\/product"}],"wp:attachment":[{"href":"https:\/\/roveyayinevi.com.tr\/index.php\/wp-json\/wp\/v2\/media?parent=744081"}],"wp:term":[{"taxonomy":"product_brand","embeddable":true,"href":"https:\/\/roveyayinevi.com.tr\/index.php\/wp-json\/wp\/v2\/product_brand?post=744081"},{"taxonomy":"product_cat","embeddable":true,"href":"https:\/\/roveyayinevi.com.tr\/index.php\/wp-json\/wp\/v2\/product_cat?post=744081"},{"taxonomy":"product_tag","embeddable":true,"href":"https:\/\/roveyayinevi.com.tr\/index.php\/wp-json\/wp\/v2\/product_tag?post=744081"}],"curies":[{"name":"wp","href":"https:\/\/api.w.org\/{rel}","templated":true}]}}