{"id":744080,"date":"2025-08-28T01:49:06","date_gmt":"2025-08-27T22:49:06","guid":{"rendered":"https:\/\/roveyayinevi.com.tr\/index.php\/urun\/igne-deligi\/"},"modified":"2026-04-16T02:55:40","modified_gmt":"2026-04-15T23:55:40","slug":"igne-deligi","status":"publish","type":"product","link":"https:\/\/roveyayinevi.com.tr\/index.php\/urun\/igne-deligi\/","title":{"rendered":"\u0130\u011fne Deli\u011fi"},"content":{"rendered":"<p>\u0130\u011fne Deli\u011fi insan\u0131n yazg\u0131s\u0131, belle\u011fi ve tarihi \u00fczerine bir i\u00e7sel dinginli\u011fe ula\u015fma \u00e7abas\u0131d\u0131r; bu dokunakl\u0131 anlat\u0131da, yak\u0131n ili\u015fkilerin karma\u015f\u0131k bilmecesi ve hepsinden \u00f6te gen\u00e7lik ile ya\u015fl\u0131l\u0131\u011f\u0131n bulu\u015fmas\u0131n\u0131n gizemi dile d\u00f6k\u00fcl\u00fcr. My\u015bliwski\u2019nin roman\u0131 dramatik, ac\u0131 verici, gizli ve suskun taraflar\u0131yla Polonya tarihinin bir par\u00e7as\u0131n\u0131 da yans\u0131tmakta. Ancak bu eserde \u00f6zellikle s\u00f6z konusu olan \u015fey, zaman\u0131n ge\u00e7i\u015finin insanlar\u0131n kendileri ve d\u00fcnyayla olan deneyimlerinde nas\u0131l bir iz b\u0131rakt\u0131\u011f\u0131d\u0131r. Keskin bir g\u00f6zlemin ve insanlara y\u00f6nelik \u00f6zel bir duyarl\u0131l\u0131\u011f\u0131n sembolik boyutla i\u00e7 i\u00e7e ge\u00e7ti\u011fi g\u00fczel, derin bir anlat\u0131d\u0131r \u0130\u011fne Deli\u011fi.   \u201cO ya\u015fl\u0131, vah\u015fi, ye\u015fil vadiden \u0130\u011fne Deli\u011fi\u2019ne ko\u015fmu\u015ftum. Art\u0131k o dik, \u00e7elik merdivenlerin kenar\u0131nda, \u015fimdi ge\u00e7en seferden ne kadar derine inmesi gerekti\u011fini g\u00f6rerek bastonunu basama\u011fa vuruyordu. G\u00f6r\u00fcn\u00fc\u015fe g\u00f6re \u00e7ok daha derinde oldu\u011funu d\u00fc\u015f\u00fcn\u00fcyor olmal\u0131 ki, bir sonraki, bir sonraki basama\u011f\u0131 da ayn\u0131 bi\u00e7imde kontrol ediyordu. Nas\u0131l bu kadar ya\u015fl\u0131 olabilir diye d\u00fc\u015f\u00fcnd\u00fcm, hatta bu durum beni k\u0131zd\u0131rm\u0131\u015ft\u0131. Onun ya\u015f\u0131nda bu d\u00fcnyadan geriye ne kalm\u0131\u015f olabilirdi ki, h\u00e2l\u00e2 gidiyordu, peki ne i\u00e7in?\u201d   \u201cWies\u0142aw My\u015bliwski bir \u201cstar\u201d\u0131n z\u0131dd\u0131 \u2013  televizyona \u00e7\u0131km\u0131yor, kitleyi e\u011flendirmiyor. Basit\u00e7e d\u00fc\u015f\u00fcn\u00fcyor ve roman yaz\u0131yor.\u201d   Dariusz Nowacki, Newsweek <\/p>\n","protected":false},"excerpt":{"rendered":"<p>\u0130\u011fne Deli\u011fi insan\u0131n yazg\u0131s\u0131, belle\u011fi ve tarihi \u00fczerine bir i\u00e7sel dinginli\u011fe ula\u015fma \u00e7abas\u0131d\u0131r; bu dokunakl\u0131 anlat\u0131da, yak\u0131n ili\u015fkilerin karma\u015f\u0131k bilmecesi ve hepsinden \u00f6te gen\u00e7lik ile ya\u015fl\u0131l\u0131\u011f\u0131n<span class=\"excerpt-hellip\"> [\u2026]<\/span><\/p>\n","protected":false},"featured_media":0,"template":"","meta":{"_monsterinsights_skip_tracking":false,"_monsterinsights_sitenote_active":false,"_monsterinsights_sitenote_note":"","_monsterinsights_sitenote_category":0},"product_brand":[],"product_cat":[12291,12711],"product_tag":[],"class_list":{"0":"post-744080","1":"product","2":"type-product","3":"status-publish","5":"product_cat-edebiyat","6":"product_cat-roman-oyku","7":"pa_cilt-ciltsiz","8":"pa_tur-kitap","9":"pa_yayinevi-yapi-kredi-yayinlari","10":"pa_yazar-wieslaw-mysliwski","12":"first","13":"instock","14":"sale","15":"shipping-taxable","16":"purchasable","17":"product-type-simple"},"_links":{"self":[{"href":"https:\/\/roveyayinevi.com.tr\/index.php\/wp-json\/wp\/v2\/product\/744080","targetHints":{"allow":["GET"]}}],"collection":[{"href":"https:\/\/roveyayinevi.com.tr\/index.php\/wp-json\/wp\/v2\/product"}],"about":[{"href":"https:\/\/roveyayinevi.com.tr\/index.php\/wp-json\/wp\/v2\/types\/product"}],"wp:attachment":[{"href":"https:\/\/roveyayinevi.com.tr\/index.php\/wp-json\/wp\/v2\/media?parent=744080"}],"wp:term":[{"taxonomy":"product_brand","embeddable":true,"href":"https:\/\/roveyayinevi.com.tr\/index.php\/wp-json\/wp\/v2\/product_brand?post=744080"},{"taxonomy":"product_cat","embeddable":true,"href":"https:\/\/roveyayinevi.com.tr\/index.php\/wp-json\/wp\/v2\/product_cat?post=744080"},{"taxonomy":"product_tag","embeddable":true,"href":"https:\/\/roveyayinevi.com.tr\/index.php\/wp-json\/wp\/v2\/product_tag?post=744080"}],"curies":[{"name":"wp","href":"https:\/\/api.w.org\/{rel}","templated":true}]}}