{"id":744078,"date":"2025-08-28T01:49:03","date_gmt":"2025-08-27T22:49:03","guid":{"rendered":"https:\/\/roveyayinevi.com.tr\/index.php\/urun\/bekleyecek-vaktim-kalmadi-artik\/"},"modified":"2026-04-16T02:55:40","modified_gmt":"2026-04-15T23:55:40","slug":"bekleyecek-vaktim-kalmadi-artik","status":"publish","type":"product","link":"https:\/\/roveyayinevi.com.tr\/index.php\/urun\/bekleyecek-vaktim-kalmadi-artik\/","title":{"rendered":"Bekleyecek Vaktim Kalmad\u0131 Art\u0131k"},"content":{"rendered":"<p>Fournier\u2019den ebedi yaln\u0131zl\u0131\u011fa mahk\u00fbm olmu\u015f ruhlar i\u00e7in edebi katk\u0131lar&#8230;   \u201c80 y\u0131l sonra art\u0131k bekleyecek sabr\u0131m kalmad\u0131. Daha yola \u00e7\u0131kmadan varmak istiyorum. Her \u015feyin hemen olmas\u0131n\u0131 istiyorum ama hi\u00e7bir \u015fey olmuyor. S\u00fcrekli bekleme halindeyim; bir mektubu, \u00e7almayan bir telefonu, ge\u00e7 kalan birini bekliyorum hep; hi\u00e7 huzurum kalmad\u0131.\u201d   Bekleyecek Vaktim Kalmad\u0131 Art\u0131k, zaman, sab\u0131r(s\u0131zl\u0131k), aciliyet ve beklemek \u00fcst\u00fcne bir elkitab\u0131. Kaleminden kara mizah\u0131 ve h\u00fczn\u00fc eksik etmen Fournier hayat(\u0131y)la dalga ge\u00e7meye, kendine i\u011fneden \u00e7ok \u00e7uvald\u0131z\u0131 bat\u0131rmaya devam ediyor.   \u00c7a\u011fda\u015f Frans\u0131z edebiyat\u0131n\u0131n en verimli isimlerinden biri olan Jean-Louis Fournier T\u00fcrk okurunun da son d\u00f6nemdeki g\u00f6zde yazarlar\u0131ndan biri&#8230;   <\/p>\n","protected":false},"excerpt":{"rendered":"<p>Fournier\u2019den ebedi yaln\u0131zl\u0131\u011fa mahk\u00fbm olmu\u015f ruhlar i\u00e7in edebi katk\u0131lar&#8230; \u201c80 y\u0131l sonra art\u0131k bekleyecek sabr\u0131m kalmad\u0131. Daha yola \u00e7\u0131kmadan varmak istiyorum. Her \u015feyin hemen olmas\u0131n\u0131 istiyorum<span class=\"excerpt-hellip\"> [\u2026]<\/span><\/p>\n","protected":false},"featured_media":0,"template":"","meta":{"_monsterinsights_skip_tracking":false,"_monsterinsights_sitenote_active":false,"_monsterinsights_sitenote_note":"","_monsterinsights_sitenote_category":0},"product_brand":[],"product_cat":[18545,12291],"product_tag":[],"class_list":{"0":"post-744078","1":"product","2":"type-product","3":"status-publish","5":"product_cat-anlati","6":"product_cat-edebiyat","7":"pa_cilt-ciltsiz","8":"pa_tur-kitap","9":"pa_yayinevi-yapi-kredi-yayinlari","10":"pa_yazar-jean-louis-fournier","12":"first","13":"instock","14":"sale","15":"shipping-taxable","16":"purchasable","17":"product-type-simple"},"_links":{"self":[{"href":"https:\/\/roveyayinevi.com.tr\/index.php\/wp-json\/wp\/v2\/product\/744078","targetHints":{"allow":["GET"]}}],"collection":[{"href":"https:\/\/roveyayinevi.com.tr\/index.php\/wp-json\/wp\/v2\/product"}],"about":[{"href":"https:\/\/roveyayinevi.com.tr\/index.php\/wp-json\/wp\/v2\/types\/product"}],"wp:attachment":[{"href":"https:\/\/roveyayinevi.com.tr\/index.php\/wp-json\/wp\/v2\/media?parent=744078"}],"wp:term":[{"taxonomy":"product_brand","embeddable":true,"href":"https:\/\/roveyayinevi.com.tr\/index.php\/wp-json\/wp\/v2\/product_brand?post=744078"},{"taxonomy":"product_cat","embeddable":true,"href":"https:\/\/roveyayinevi.com.tr\/index.php\/wp-json\/wp\/v2\/product_cat?post=744078"},{"taxonomy":"product_tag","embeddable":true,"href":"https:\/\/roveyayinevi.com.tr\/index.php\/wp-json\/wp\/v2\/product_tag?post=744078"}],"curies":[{"name":"wp","href":"https:\/\/api.w.org\/{rel}","templated":true}]}}