{"id":744076,"date":"2025-08-28T01:49:00","date_gmt":"2025-08-27T22:49:00","guid":{"rendered":"https:\/\/roveyayinevi.com.tr\/index.php\/urun\/sihirli-ayrac-2-hacker-netjettin\/"},"modified":"2026-04-16T02:55:40","modified_gmt":"2026-04-15T23:55:40","slug":"sihirli-ayrac-2-hacker-netjettin","status":"publish","type":"product","link":"https:\/\/roveyayinevi.com.tr\/index.php\/urun\/sihirli-ayrac-2-hacker-netjettin\/","title":{"rendered":"Sihirli Ayra\u00e7-2 Hacker Netjettin"},"content":{"rendered":"<p>\u201c\u00c7evrimd\u0131\u015f\u0131 \u00f6zlemler ya\u015f\u0131yorum. B\u00f6yle y\u00fckl\u00fc c\u00fcmleler kurma; ta\u015f\u0131yamam. Sa\u00e7lar\u0131ma ac\u0131dan tokalar yap\u0131p durma, ba\u011fr\u0131m\u0131n ba\u015f\u0131nda. Papatyalar topla\u2026 H\u00fczn\u00fc sevmem ben. Yetimim bir de, beni a\u015fks\u0131z b\u0131rakma! Yetim, annesiz\u2026 Ben a\u015fks\u0131z ya\u015fayamam.\u201d *** D\u00fcnyan\u0131n en ba\u015far\u0131l\u0131 gen\u00e7 hackeri Netjettin ile alt\u0131 arkada\u015f\u0131n\u0131n sosyal medya ba\u011f\u0131ml\u0131\u011f\u0131\u2026 Bu ba\u011f\u0131ml\u0131\u011f\u0131n sonucunda d\u00fcnyan\u0131n en b\u00fcy\u00fck uluslararas\u0131 su\u00e7 \u00f6rg\u00fct\u00fcn\u00fcn eline ge\u00e7mesi\u2026 Gen\u00e7lerin orada ya\u015fad\u0131klar\u0131 dramatik hayat, kaybolan gen\u00e7likleri, kurtulu\u015f hik\u00e2yeleri\u2026 Ele ge\u00e7irdikleri ganimetlerle d\u00fcnyan\u0131n en b\u00fcy\u00fck gen\u00e7lik projelerine imza atarak gen\u00e7leri kurtarma sava\u015f\u0131\u2026 Aile, sosyal medya, a\u015fk, \u00e7ocuk gelinler, bilim, okul ve ergenlik kavramlar\u0131n\u0131n irdelendi\u011fi bir gen\u00e7lik hik\u00e2yesi sizi bekliyor. <\/p>\n","protected":false},"excerpt":{"rendered":"<p>\u201c\u00c7evrimd\u0131\u015f\u0131 \u00f6zlemler ya\u015f\u0131yorum. B\u00f6yle y\u00fckl\u00fc c\u00fcmleler kurma; ta\u015f\u0131yamam. Sa\u00e7lar\u0131ma ac\u0131dan tokalar yap\u0131p durma, ba\u011fr\u0131m\u0131n ba\u015f\u0131nda. Papatyalar topla\u2026 H\u00fczn\u00fc sevmem ben. Yetimim bir de, beni a\u015fks\u0131z b\u0131rakma!<span class=\"excerpt-hellip\"> [\u2026]<\/span><\/p>\n","protected":false},"featured_media":0,"template":"","meta":{"_monsterinsights_skip_tracking":false,"_monsterinsights_sitenote_active":false,"_monsterinsights_sitenote_note":"","_monsterinsights_sitenote_category":0},"product_brand":[],"product_cat":[12803,12291],"product_tag":[],"class_list":{"0":"post-744076","1":"product","2":"type-product","3":"status-publish","5":"product_cat-aksiyon-macera","6":"product_cat-edebiyat","7":"pa_cilt-ciltsiz","8":"pa_tur-kitap","9":"pa_yayinevi-cinaralti-yayinlari","10":"pa_yazar-hayrettin-taylan","12":"first","13":"instock","14":"sale","15":"shipping-taxable","16":"purchasable","17":"product-type-simple"},"_links":{"self":[{"href":"https:\/\/roveyayinevi.com.tr\/index.php\/wp-json\/wp\/v2\/product\/744076","targetHints":{"allow":["GET"]}}],"collection":[{"href":"https:\/\/roveyayinevi.com.tr\/index.php\/wp-json\/wp\/v2\/product"}],"about":[{"href":"https:\/\/roveyayinevi.com.tr\/index.php\/wp-json\/wp\/v2\/types\/product"}],"wp:attachment":[{"href":"https:\/\/roveyayinevi.com.tr\/index.php\/wp-json\/wp\/v2\/media?parent=744076"}],"wp:term":[{"taxonomy":"product_brand","embeddable":true,"href":"https:\/\/roveyayinevi.com.tr\/index.php\/wp-json\/wp\/v2\/product_brand?post=744076"},{"taxonomy":"product_cat","embeddable":true,"href":"https:\/\/roveyayinevi.com.tr\/index.php\/wp-json\/wp\/v2\/product_cat?post=744076"},{"taxonomy":"product_tag","embeddable":true,"href":"https:\/\/roveyayinevi.com.tr\/index.php\/wp-json\/wp\/v2\/product_tag?post=744076"}],"curies":[{"name":"wp","href":"https:\/\/api.w.org\/{rel}","templated":true}]}}