{"id":744075,"date":"2025-08-28T01:48:58","date_gmt":"2025-08-27T22:48:58","guid":{"rendered":"https:\/\/roveyayinevi.com.tr\/index.php\/urun\/sumganin-sifresi\/"},"modified":"2026-04-16T02:55:40","modified_gmt":"2026-04-15T23:55:40","slug":"sumganin-sifresi","status":"publish","type":"product","link":"https:\/\/roveyayinevi.com.tr\/index.php\/urun\/sumganin-sifresi\/","title":{"rendered":"\u015eumga&#8217;n\u0131n \u015eifresi"},"content":{"rendered":"<p>Aytek, Tamiz, \u015eaybal ve \u015eumga\u2026 Biz d\u00f6rt kafadara sen de kat\u0131l\u0131r m\u0131s\u0131n? Bir g\u00fcn \u00e7ikolata fabrikas\u0131n\u0131 ke\u015ffeder, di\u011fer g\u00fcn iglo yapars\u0131n. Balon seyahati ile y\u0131lk\u0131 atlar\u0131n\u0131 seyre dalars\u0131n. \u0130stiridye i\u00e7inde siyah inci arar, oryantiring turnuvas\u0131nda nefes nefese kal\u0131rs\u0131n. Peruma\u2019da soluklan\u0131r, sonra rafting yapmaya ba\u015flars\u0131n. Maceraya haz\u0131r m\u0131s\u0131n? <\/p>\n","protected":false},"excerpt":{"rendered":"<p>Aytek, Tamiz, \u015eaybal ve \u015eumga\u2026 Biz d\u00f6rt kafadara sen de kat\u0131l\u0131r m\u0131s\u0131n? Bir g\u00fcn \u00e7ikolata fabrikas\u0131n\u0131 ke\u015ffeder, di\u011fer g\u00fcn iglo yapars\u0131n. Balon seyahati ile y\u0131lk\u0131 atlar\u0131n\u0131<span class=\"excerpt-hellip\"> [\u2026]<\/span><\/p>\n","protected":false},"featured_media":0,"template":"","meta":{"_monsterinsights_skip_tracking":false,"_monsterinsights_sitenote_active":false,"_monsterinsights_sitenote_note":"","_monsterinsights_sitenote_category":0},"product_brand":[],"product_cat":[12803,12291],"product_tag":[],"class_list":{"0":"post-744075","1":"product","2":"type-product","3":"status-publish","5":"product_cat-aksiyon-macera","6":"product_cat-edebiyat","7":"pa_cilt-ciltsiz","8":"pa_tur-kitap","9":"pa_yayinevi-cinaralti-yayinlari","10":"pa_yazar-firdevs-kirgin","12":"first","13":"instock","14":"sale","15":"shipping-taxable","16":"purchasable","17":"product-type-simple"},"_links":{"self":[{"href":"https:\/\/roveyayinevi.com.tr\/index.php\/wp-json\/wp\/v2\/product\/744075","targetHints":{"allow":["GET"]}}],"collection":[{"href":"https:\/\/roveyayinevi.com.tr\/index.php\/wp-json\/wp\/v2\/product"}],"about":[{"href":"https:\/\/roveyayinevi.com.tr\/index.php\/wp-json\/wp\/v2\/types\/product"}],"wp:attachment":[{"href":"https:\/\/roveyayinevi.com.tr\/index.php\/wp-json\/wp\/v2\/media?parent=744075"}],"wp:term":[{"taxonomy":"product_brand","embeddable":true,"href":"https:\/\/roveyayinevi.com.tr\/index.php\/wp-json\/wp\/v2\/product_brand?post=744075"},{"taxonomy":"product_cat","embeddable":true,"href":"https:\/\/roveyayinevi.com.tr\/index.php\/wp-json\/wp\/v2\/product_cat?post=744075"},{"taxonomy":"product_tag","embeddable":true,"href":"https:\/\/roveyayinevi.com.tr\/index.php\/wp-json\/wp\/v2\/product_tag?post=744075"}],"curies":[{"name":"wp","href":"https:\/\/api.w.org\/{rel}","templated":true}]}}