{"id":744074,"date":"2025-08-28T01:48:57","date_gmt":"2025-08-27T22:48:57","guid":{"rendered":"https:\/\/roveyayinevi.com.tr\/index.php\/urun\/kesf-i-hal\/"},"modified":"2026-04-16T02:55:40","modified_gmt":"2026-04-15T23:55:40","slug":"kesf-i-hal","status":"publish","type":"product","link":"https:\/\/roveyayinevi.com.tr\/index.php\/urun\/kesf-i-hal\/","title":{"rendered":"Ke\u015ff-i Hal"},"content":{"rendered":"<p>\u00d6yk\u00fcler ya ger\u00e7ek ya\u015fanm\u0131\u015fl\u0131klardan kaleme al\u0131n\u0131r ya da ya\u015fanma ihtimali olan konulardan se\u00e7ilerek yaz\u0131l\u0131r. Her hik\u00e2ye okuruna bir mesaj verme \u00e7abas\u0131ndad\u0131r. Bu mesajlardaki temel gaye ise iyili\u011fi g\u00f6sterip k\u00f6t\u00fcl\u00fckten sak\u0131nd\u0131rmakt\u0131r. G\u00fcn\u00fcm\u00fczde insanlar\u0131 do\u011frudan uyarmak ya da onlara do\u011frudan mesajlar vermek birtak\u0131m \u00f6nyarg\u0131 ve tepkilere neden olabilir. Bu ama\u00e7la verilmek istenen mesaj k\u00fc\u00e7\u00fck hikayeler ile muhatab\u0131na iletilirse hem bir k\u0131rg\u0131nl\u0131k olmayacak hem de amaca daha kolay ula\u015f\u0131lacakt\u0131r. Bu hik\u00e2yeler, bir bak\u0131ma geleneksel anlat\u0131c\u0131l\u0131\u011f\u0131m\u0131zda var olan ibret-i \u00e2leme bak\u0131\u015f\u0131m\u0131zda insan\u0131n bizzat kendisini ke\u015ffetme h\u00e2lidir. \u201cKe\u015ff-i H\u00e2l\u201d hik\u00e2yeleri de insan ile insan, insan ile d\u00fcnya ve \u00e2lem aras\u0131ndaki aray\u0131\u015f\u0131n tamamlanmas\u0131d\u0131r ki a\u015fk ola\u2026 Ke\u015ffedilen her g\u00fczel \u015fey de payla\u015f\u0131ld\u0131k\u00e7a \u00e7o\u011falacakt\u0131r. Hayat\u0131n\u0131z\u0131n g\u00fczelliklerle dolu olmas\u0131 dile\u011fiyle\u2026 <\/p>\n","protected":false},"excerpt":{"rendered":"<p>\u00d6yk\u00fcler ya ger\u00e7ek ya\u015fanm\u0131\u015fl\u0131klardan kaleme al\u0131n\u0131r ya da ya\u015fanma ihtimali olan konulardan se\u00e7ilerek yaz\u0131l\u0131r. Her hik\u00e2ye okuruna bir mesaj verme \u00e7abas\u0131ndad\u0131r. Bu mesajlardaki temel gaye ise<span class=\"excerpt-hellip\"> [\u2026]<\/span><\/p>\n","protected":false},"featured_media":0,"template":"","meta":{"_monsterinsights_skip_tracking":false,"_monsterinsights_sitenote_active":false,"_monsterinsights_sitenote_note":"","_monsterinsights_sitenote_category":0},"product_brand":[],"product_cat":[12291,12711],"product_tag":[],"class_list":{"0":"post-744074","1":"product","2":"type-product","3":"status-publish","5":"product_cat-edebiyat","6":"product_cat-roman-oyku","7":"pa_cilt-ciltsiz","8":"pa_tur-kitap","9":"pa_yayinevi-cinaralti-yayinlari","10":"pa_yazar-murat-caliskan","12":"first","13":"instock","14":"sale","15":"shipping-taxable","16":"purchasable","17":"product-type-simple"},"_links":{"self":[{"href":"https:\/\/roveyayinevi.com.tr\/index.php\/wp-json\/wp\/v2\/product\/744074","targetHints":{"allow":["GET"]}}],"collection":[{"href":"https:\/\/roveyayinevi.com.tr\/index.php\/wp-json\/wp\/v2\/product"}],"about":[{"href":"https:\/\/roveyayinevi.com.tr\/index.php\/wp-json\/wp\/v2\/types\/product"}],"wp:attachment":[{"href":"https:\/\/roveyayinevi.com.tr\/index.php\/wp-json\/wp\/v2\/media?parent=744074"}],"wp:term":[{"taxonomy":"product_brand","embeddable":true,"href":"https:\/\/roveyayinevi.com.tr\/index.php\/wp-json\/wp\/v2\/product_brand?post=744074"},{"taxonomy":"product_cat","embeddable":true,"href":"https:\/\/roveyayinevi.com.tr\/index.php\/wp-json\/wp\/v2\/product_cat?post=744074"},{"taxonomy":"product_tag","embeddable":true,"href":"https:\/\/roveyayinevi.com.tr\/index.php\/wp-json\/wp\/v2\/product_tag?post=744074"}],"curies":[{"name":"wp","href":"https:\/\/api.w.org\/{rel}","templated":true}]}}