{"id":744069,"date":"2025-08-28T01:48:49","date_gmt":"2025-08-27T22:48:49","guid":{"rendered":"https:\/\/roveyayinevi.com.tr\/index.php\/urun\/arkadas-yapma-klavuzu\/"},"modified":"2026-04-16T02:55:40","modified_gmt":"2026-04-15T23:55:40","slug":"arkadas-yapma-klavuzu","status":"publish","type":"product","link":"https:\/\/roveyayinevi.com.tr\/index.php\/urun\/arkadas-yapma-klavuzu\/","title":{"rendered":"Arkada\u015f Yapma Klavuzu"},"content":{"rendered":"<p>Arkada\u015f edinmek \u00fczerine bir bilimkurgu hikayesi\u2026 Hi\u00e7 arkada\u015f edinmenin korkutucu ve imkans\u0131z bir deneyim gibi g\u00f6r\u00fcnd\u00fc\u011f\u00fc oldu mu? Peki arkada\u015fl\u0131\u011f\u0131n bir kullan\u0131m k\u0131lavuzu olsayd\u0131, ili\u015fki kurmak bir o kadar kolayla\u015fmaz m\u0131yd\u0131?   Her \u00e7ocuk hayat\u0131nda, en az\u0131ndan bir kere arkada\u015fl\u0131\u011f\u0131n nas\u0131l kurulaca\u011f\u0131n\u0131 ve s\u00fcrd\u00fcr\u00fclece\u011fini anlatan bir rehbere ihtiya\u00e7 duymu\u015f olabilir. Hikayenin becerikli ve bilime merakl\u0131 karakteri ise tam da b\u00f6yle bir ihtiya\u00e7tan yola \u00e7\u0131karak kendine bir robot arkada\u015f yapmaya karar verir. Geli\u015fmi\u015f robotik bilgisi ve k\u00fct\u00fcphaneden edindi\u011fi Arkada\u015f Yapma K\u0131lavuzu isimli m\u00fchendislik kitab\u0131 e\u015fli\u011finde bu epey kolay bir i\u015ftir. En heyecan verici k\u0131sm\u0131 ise bu robotu diledi\u011fi \u00f6zelliklere g\u00f6re kodlayabilmesidir. Robot arkada\u015fla \u00e7ay partisi yapmak, saklamba\u00e7 oynamak ve a\u011fa\u00e7 ev in\u015fa etmek olduk\u00e7a keyiflidir. Ancak robotun ans\u0131z\u0131n i\u00e7indeki gizemli taraf\u0131n\u0131n ortaya \u00e7\u0131kmas\u0131yla i\u015fler bir anda de\u011fi\u015fiverir. Robot, di\u011fer robot dostlar\u0131yla i\u015fbirli\u011fi yaparak \u015fehri ele ge\u00e7irmeye karar verdi\u011finde i\u015fler iyice karma\u015f\u0131k bir hale gelecektir\u2026 Arkada\u015fl\u0131\u011f\u0131n ini\u015fleri ve \u00e7\u0131k\u0131\u015flar\u0131 \u00fczerine olan bu e\u011flenceli hikaye; etkileyici retro \u00e7izimleri ve i\u00e7erdi\u011fi bilimsel bilgiler arac\u0131l\u0131\u011f\u0131yla minik okuyucular\u0131 fantastik bir yolculu\u011fa \u00e7\u0131kar\u0131yor. \u00c7ok merakl\u0131 k\u00fc\u00e7\u00fck bir bilim insan\u0131n\u0131n hayal d\u00fcnyas\u0131na e\u015flik ederek arkada\u015f edinmenin, s\u00fcrd\u00fcrmenin ve hangi zamanlarda geri \u00e7ekilip hangi zamanlar da ise sorunlar\u0131 \u00e7\u00f6zmek i\u00e7in yard\u0131m istemenin gereklili\u011fi \u00fczerine bizleri d\u00fc\u015f\u00fcnmeye davet ediyor. Hikaye tam da ba\u015flad\u0131\u011f\u0131 yerde s\u00fcrpriz bir sonla biterken \u00e7ok \u00f6nemli bir mesaj\u0131 da beraberinde g\u00fcndeme getiriyor; hata gibi g\u00f6r\u00fcnen giri\u015fimler, yeni ve g\u00fczel deneyimlerin ba\u015flang\u0131c\u0131 olabilir. \u0130\u015fler k\u0131z\u0131\u015ft\u0131\u011f\u0131nda yapmak gereken biraz durmak ve d\u00fc\u015f\u00fcnmek! En \u00f6nemlisi ise her \u015feyin bitti\u011finin zannedildi\u011fi o en zor anlarda, yola devam etmeyi ihmal etmemek! Umut var olduk\u00e7a hi\u00e7 umulmad\u0131k zamanlarda en g\u00fczel dostluklar insan\u0131n kar\u015f\u0131s\u0131na \u00e7\u0131kacakt\u0131r.   \u201c1970\u2019lerden f\u0131rlam\u0131\u015f gibi g\u00f6r\u00fcnen \u00e7izimleri kitaba haval\u0131 ve geometrik bir his verirken; insan\u0131n neredeyse \u015fap\u015fal makine ses efektlerini duyabilece\u011fi canl\u0131 bir hava yarat\u0131yor.\u201d \u2014 Kirkus Review, 2021   <\/p>\n","protected":false},"excerpt":{"rendered":"<p>Arkada\u015f edinmek \u00fczerine bir bilimkurgu hikayesi\u2026 Hi\u00e7 arkada\u015f edinmenin korkutucu ve imkans\u0131z bir deneyim gibi g\u00f6r\u00fcnd\u00fc\u011f\u00fc oldu mu? Peki arkada\u015fl\u0131\u011f\u0131n bir kullan\u0131m k\u0131lavuzu olsayd\u0131, ili\u015fki kurmak<span class=\"excerpt-hellip\"> [\u2026]<\/span><\/p>\n","protected":false},"featured_media":0,"template":"","meta":{"_monsterinsights_skip_tracking":false,"_monsterinsights_sitenote_active":false,"_monsterinsights_sitenote_note":"","_monsterinsights_sitenote_category":0},"product_brand":[],"product_cat":[12274,12284],"product_tag":[],"class_list":{"0":"post-744069","1":"product","2":"type-product","3":"status-publish","5":"product_cat-cocuk-ve-genclik-kitaplari","6":"product_cat-hikayeler","7":"pa_cilt-ciltsiz","8":"pa_tur-kitap","9":"pa_yayinevi-okuyan-koala","10":"pa_yazar-stephen-w-martin","12":"first","13":"instock","14":"sale","15":"shipping-taxable","16":"purchasable","17":"product-type-simple"},"_links":{"self":[{"href":"https:\/\/roveyayinevi.com.tr\/index.php\/wp-json\/wp\/v2\/product\/744069","targetHints":{"allow":["GET"]}}],"collection":[{"href":"https:\/\/roveyayinevi.com.tr\/index.php\/wp-json\/wp\/v2\/product"}],"about":[{"href":"https:\/\/roveyayinevi.com.tr\/index.php\/wp-json\/wp\/v2\/types\/product"}],"wp:attachment":[{"href":"https:\/\/roveyayinevi.com.tr\/index.php\/wp-json\/wp\/v2\/media?parent=744069"}],"wp:term":[{"taxonomy":"product_brand","embeddable":true,"href":"https:\/\/roveyayinevi.com.tr\/index.php\/wp-json\/wp\/v2\/product_brand?post=744069"},{"taxonomy":"product_cat","embeddable":true,"href":"https:\/\/roveyayinevi.com.tr\/index.php\/wp-json\/wp\/v2\/product_cat?post=744069"},{"taxonomy":"product_tag","embeddable":true,"href":"https:\/\/roveyayinevi.com.tr\/index.php\/wp-json\/wp\/v2\/product_tag?post=744069"}],"curies":[{"name":"wp","href":"https:\/\/api.w.org\/{rel}","templated":true}]}}