{"id":744068,"date":"2025-08-28T01:48:49","date_gmt":"2025-08-27T22:48:49","guid":{"rendered":"https:\/\/roveyayinevi.com.tr\/index.php\/urun\/duygusal-miras\/"},"modified":"2026-04-16T02:55:40","modified_gmt":"2026-04-15T23:55:40","slug":"duygusal-miras","status":"publish","type":"product","link":"https:\/\/roveyayinevi.com.tr\/index.php\/urun\/duygusal-miras\/","title":{"rendered":"Duygusal Miras"},"content":{"rendered":"<p>G\u00fczel, sanatsal ve zarif. Dr. Atlas, ku\u015faklararas\u0131 travman\u0131n k\u00f6klerini ke\u015ffetmek i\u00e7in kendi uygulamalar\u0131ndan gelen hikayeleri ustaca kullan\u0131yor. Terap\u00f6tik s\u00fcrece dair a\u00e7\u0131klamalar\u0131 ile sizi i\u00e7ine \u00e7ekiyor; hem dan\u0131\u015fanla hem de terapistle tan\u0131\u015f\u0131yorsunuz. Bunu yaparken, kendi yolculu\u011funuz \u00fczerine d\u00fc\u015f\u00fcnmeden edemiyorsunuz. Duygusal Miras, ger\u00e7ek i\u00e7in bir cevher niteli\u011finde. Travmay\u0131, terapiyi ve iyile\u015fme s\u00fcrecini anlamak isteyenler i\u00e7in temel bir kitap. \u2014 Bruce D. Perry, K\u00f6pek Gibi B\u00fcy\u00fct\u00fclm\u00fc\u015f \u00c7ocuk ve What Happened to You? kitab\u0131n\u0131n yazarlar\u0131ndan Dr. Atlas, yaral\u0131 b\u00fcy\u00fcklerin s\u0131k\u00e7a dile getirilmeyen gizli travmalar\u0131n\u0131 bedenlerinde, zihinlerinde, benliklerinde ve ruhlar\u0131nda ta\u015f\u0131yanlar i\u00e7in canl\u0131 ve derin bir \u015fefkatle kaleme al\u0131yor hikayeleri. Sava\u015f m\u00fcltecileri, s\u0131n\u0131rd\u0131\u015f\u0131 edilenler, etnik temizlik ma\u011fdurlar\u0131, m\u00fccadele eden g\u00f6\u00e7menler ve s\u00fcrg\u00fcn edilenlerden olu\u015fan zorlu bir ailenin i\u00e7inde b\u00fcy\u00fcyen birinci nesil Amerikal\u0131 bir \u00e7ocuk olarak, al\u00e7akg\u00f6n\u00fcll\u00fcl\u00fckle ku\u015fak travmalar\u0131n\u0131 derinlemesine bildi\u011fimi iddia ediyorum. Dr. Atlas da benim kendi \u00e7al\u0131\u015fmamda \u2018ku\u015fak yaras\u0131\u2019 olarak adland\u0131rd\u0131\u011f\u0131m \u015feyin ayr\u0131nt\u0131lar\u0131n\u0131 bilen ve bunlar\u0131 eksiksiz yazan bir yazard\u0131r. \u2014Dr. Clarissa Pinkola Estes Reyes, Kurtlarla Ko\u015fan Kad\u0131nlar kitab\u0131n\u0131n yazar\u0131 Travman\u0131n ku\u015faklararas\u0131 iletimi, asl\u0131nda ku\u015faklararas\u0131 iletimin bir y\u00f6n\u00fcne i\u015faret ediyor. Gerek bug\u00fcn\u00fcm\u00fcz\u00fc kavramaya \u00e7al\u0131\u015f\u0131rken, gerek ruhsal tedavi pratiklerinde bunun tek olas\u0131 y\u00f6n olmad\u0131\u011f\u0131n\u0131 ak\u0131lda tutmakta fayda vard\u0131r. Galit\u2019in kitab\u0131n sonlar\u0131ndaki \u015fu c\u00fcmlesi san\u0131r\u0131m bunu gayet g\u00fczel hat\u0131rlat\u0131yor: \u201cTravma zihinlerimiz ve bedenlerimiz arac\u0131l\u0131\u011f\u0131yla iletilir, ancak dayan\u0131kl\u0131l\u0131k ve \u015fifa da \u00f6yle.\u201d \u2014 Prof. Dr. T\u00fcrkay Demir, \u00c7ocuk ve Ergen Psikiyatr\u0131, Psikanalist (IPA) Sevdi\u011fimiz insanlar, bizi yeti\u015ftirenler ve bug\u00fcn oldu\u011fumuz ki\u015fiye d\u00f6n\u00fc\u015ft\u00fcrenler i\u00e7imizde ya\u015farlar; duygusal ac\u0131lar\u0131n\u0131 payla\u015f\u0131r\u0131z, an\u0131lar\u0131n\u0131 hayal ederiz ve bu \u015feyler hayat\u0131m\u0131za her zaman fark etmedi\u011fimiz \u015fekillerde etki eder. Galit Atlas, Duygusal Miras ile bizi potansiyelimizi ya\u015famaktan al\u0131koyan, kendimiz i\u00e7in istediklerimizle sahip olabileceklerimiz aras\u0131nda bo\u015fluklar yaratan ve bir hayaletmi\u015f gibi rahats\u0131z eden aile s\u0131rlar\u0131n\u0131 kendimize a\u00e7abilmemiz i\u00e7in ad\u0131m atmam\u0131za destek oluyor. Bu d\u00f6n\u00fc\u015ft\u00fcr\u00fcc\u00fc kitapta, ya\u015fam m\u00fccadelelerimiz ile hepimizin ta\u015f\u0131d\u0131\u011f\u0131 \u201cduygusal miras\u201d aras\u0131ndaki ba\u011flant\u0131lar\u0131 belirlememize yard\u0131mc\u0131 olmak i\u00e7in dan\u0131\u015fanlar\u0131n\u0131n hikayelerini.<\/p>\n","protected":false},"excerpt":{"rendered":"<p>G\u00fczel, sanatsal ve zarif. Dr. Atlas, ku\u015faklararas\u0131 travman\u0131n k\u00f6klerini ke\u015ffetmek i\u00e7in kendi uygulamalar\u0131ndan gelen hikayeleri ustaca kullan\u0131yor. Terap\u00f6tik s\u00fcrece dair a\u00e7\u0131klamalar\u0131 ile sizi i\u00e7ine \u00e7ekiyor; hem<span class=\"excerpt-hellip\"> [\u2026]<\/span><\/p>\n","protected":false},"featured_media":0,"template":"","meta":{"_monsterinsights_skip_tracking":false,"_monsterinsights_sitenote_active":false,"_monsterinsights_sitenote_note":"","_monsterinsights_sitenote_category":0},"product_brand":[],"product_cat":[12358,12357],"product_tag":[],"class_list":{"0":"post-744068","1":"product","2":"type-product","3":"status-publish","5":"product_cat-genel-psikoloji","6":"product_cat-psikoloji","7":"pa_cilt-ciltsiz","8":"pa_tur-kitap","9":"pa_yayinevi-okuyan-us-yayin","10":"pa_yazar-galit-atlas","12":"first","13":"instock","14":"sale","15":"shipping-taxable","16":"purchasable","17":"product-type-simple"},"_links":{"self":[{"href":"https:\/\/roveyayinevi.com.tr\/index.php\/wp-json\/wp\/v2\/product\/744068","targetHints":{"allow":["GET"]}}],"collection":[{"href":"https:\/\/roveyayinevi.com.tr\/index.php\/wp-json\/wp\/v2\/product"}],"about":[{"href":"https:\/\/roveyayinevi.com.tr\/index.php\/wp-json\/wp\/v2\/types\/product"}],"wp:attachment":[{"href":"https:\/\/roveyayinevi.com.tr\/index.php\/wp-json\/wp\/v2\/media?parent=744068"}],"wp:term":[{"taxonomy":"product_brand","embeddable":true,"href":"https:\/\/roveyayinevi.com.tr\/index.php\/wp-json\/wp\/v2\/product_brand?post=744068"},{"taxonomy":"product_cat","embeddable":true,"href":"https:\/\/roveyayinevi.com.tr\/index.php\/wp-json\/wp\/v2\/product_cat?post=744068"},{"taxonomy":"product_tag","embeddable":true,"href":"https:\/\/roveyayinevi.com.tr\/index.php\/wp-json\/wp\/v2\/product_tag?post=744068"}],"curies":[{"name":"wp","href":"https:\/\/api.w.org\/{rel}","templated":true}]}}