{"id":744065,"date":"2025-08-28T01:48:45","date_gmt":"2025-08-27T22:48:45","guid":{"rendered":"https:\/\/roveyayinevi.com.tr\/index.php\/urun\/dus-kefeni-2\/"},"modified":"2026-04-13T03:02:33","modified_gmt":"2026-04-13T00:02:33","slug":"dus-kefeni-2","status":"publish","type":"product","link":"https:\/\/roveyayinevi.com.tr\/index.php\/urun\/dus-kefeni-2\/","title":{"rendered":"D\u00fc\u015f Kefeni 2"},"content":{"rendered":"<p>\u201cBen bir \u015feytan\u0131m, dedi\u011fimde g\u00fclerdi, \u015eeytanl\u0131k yapt\u0131\u011f\u0131mda a\u011flard\u0131.\u201d   Kendini her zaman ikiy\u00fczl\u00fc bir \u015feytan olarak tan\u0131mlayan Mah\u015fer,  al\u0131nacak bir intikam i\u00e7in her \u015feyi yapmaya haz\u0131rd\u0131.  Duman\u2019la beraber \u00e7\u0131kt\u0131klar\u0131 intikam yolculu\u011funun  hayalinde kurdu\u011fu gibi zaferle sonlanmas\u0131n\u0131 istiyordu.  Fakat\u2026 Do\u011fdu\u011fundan beri kalp hastas\u0131 olan Duman,  ona a\u015fk duygusunu hat\u0131rlatt\u0131\u011f\u0131nda ve Mah\u015fer\u2019i,  intikamdan bile daha \u00e7ok istedi\u011finde\u2026  \u0130kisi de as\u0131l kazanmas\u0131 gereken \u015feyin birbirleri oldu\u011funu anlad\u0131lar.   Duman\u2019\u0131n Mah\u015fer\u2019e her sabah ald\u0131\u011f\u0131 o g\u00fcller,  dikenli a\u015fklar\u0131n\u0131n bir simgesine d\u00f6n\u00fc\u015f\u00fcr.  A\u015fklar\u0131na bir yandan kan, bir yandan k\u0131rm\u0131z\u0131 g\u00fcller e\u015flik eder. Ve d\u00fcnya, \u00fc\u00e7 g\u00fcnl\u00fck bir cehennem bile olsa,  Mah\u015fer\u2019le Duman d\u00f6rd\u00fcnc\u00fc g\u00fcn de birbirlerini sevmenin yolunu her zaman bulur.   \u201cSen okul koridorlar\u0131nda  yere d\u00fc\u015ferdin, benim dizlerim ac\u0131rd\u0131 Mah\u015fer&#8230;\u201d   \u201cSoka\u011f\u0131n k\u00f6\u015fesindeki o ablayd\u0131  sevdi\u011fim kad\u0131na bir g\u00fcl almam\u0131 s\u00f6yleyen.  Ve yapt\u0131m bunu ama neden\u2026  Daha romantik olmas\u0131n\u0131 istedi\u011fimden de\u011fil,  g\u00fcllerin k\u0131rm\u0131z\u0131l\u0131\u011f\u0131 ho\u015fuma gitti\u011finden ve  Mah\u015fer\u2019e en \u00e7ok k\u0131rm\u0131z\u0131 yak\u0131\u015ft\u0131\u011f\u0131ndan.\u201d <\/p>\n","protected":false},"excerpt":{"rendered":"<p>\u201cBen bir \u015feytan\u0131m, dedi\u011fimde g\u00fclerdi, \u015eeytanl\u0131k yapt\u0131\u011f\u0131mda a\u011flard\u0131.\u201d Kendini her zaman ikiy\u00fczl\u00fc bir \u015feytan olarak tan\u0131mlayan Mah\u015fer, al\u0131nacak bir intikam i\u00e7in her \u015feyi yapmaya haz\u0131rd\u0131. Duman\u2019la<span class=\"excerpt-hellip\"> [\u2026]<\/span><\/p>\n","protected":false},"featured_media":0,"template":"","meta":{"_monsterinsights_skip_tracking":false,"_monsterinsights_sitenote_active":false,"_monsterinsights_sitenote_note":"","_monsterinsights_sitenote_category":0},"product_brand":[],"product_cat":[12291,12711],"product_tag":[],"class_list":{"0":"post-744065","1":"product","2":"type-product","3":"status-publish","5":"product_cat-edebiyat","6":"product_cat-roman-oyku","7":"pa_cilt-ciltsiz","8":"pa_tur-kitap","9":"pa_yayinevi-indigo-kitap","10":"pa_yazar-emine-tavuz","12":"first","13":"instock","14":"sale","15":"shipping-taxable","16":"purchasable","17":"product-type-simple"},"_links":{"self":[{"href":"https:\/\/roveyayinevi.com.tr\/index.php\/wp-json\/wp\/v2\/product\/744065","targetHints":{"allow":["GET"]}}],"collection":[{"href":"https:\/\/roveyayinevi.com.tr\/index.php\/wp-json\/wp\/v2\/product"}],"about":[{"href":"https:\/\/roveyayinevi.com.tr\/index.php\/wp-json\/wp\/v2\/types\/product"}],"wp:attachment":[{"href":"https:\/\/roveyayinevi.com.tr\/index.php\/wp-json\/wp\/v2\/media?parent=744065"}],"wp:term":[{"taxonomy":"product_brand","embeddable":true,"href":"https:\/\/roveyayinevi.com.tr\/index.php\/wp-json\/wp\/v2\/product_brand?post=744065"},{"taxonomy":"product_cat","embeddable":true,"href":"https:\/\/roveyayinevi.com.tr\/index.php\/wp-json\/wp\/v2\/product_cat?post=744065"},{"taxonomy":"product_tag","embeddable":true,"href":"https:\/\/roveyayinevi.com.tr\/index.php\/wp-json\/wp\/v2\/product_tag?post=744065"}],"curies":[{"name":"wp","href":"https:\/\/api.w.org\/{rel}","templated":true}]}}