{"id":744063,"date":"2025-08-28T01:48:42","date_gmt":"2025-08-27T22:48:42","guid":{"rendered":"https:\/\/roveyayinevi.com.tr\/index.php\/urun\/kendini-insa-et\/"},"modified":"2026-04-16T02:55:40","modified_gmt":"2026-04-15T23:55:40","slug":"kendini-insa-et","status":"publish","type":"product","link":"https:\/\/roveyayinevi.com.tr\/index.php\/urun\/kendini-insa-et\/","title":{"rendered":"Kendini \u0130n\u015fa Et"},"content":{"rendered":"<p>Baz\u0131 c\u00fcmlelerden sonra kitaptan bir sayfa daha \u00e7evirmek \u00e7ok g\u00fc\u00e7 oluyor. Baz\u0131 sahnelerden sonra filme devam edebilmek hi\u00e7 kolay de\u011fil. \u0130\u015fte insan\u0131n o kalakald\u0131\u011f\u0131 yer var ya, insana ne \u00e7ok \u015fey \u00f6\u011fretiyor. En \u00e7ok da kendini\u2026 Sonra zamanla anla\u015f\u0131l\u0131yor ki, o kitap o c\u00fcmle i\u00e7in okundu, o film o sahne i\u00e7in izlendi. \u00c7\u00fcnk\u00fc orada senin duyarl\u0131l\u0131klar\u0131n var, umudun, heyecan\u0131n, mutlulu\u011fun, yaralar\u0131n var. \u0130\u00e7inden ge\u00e7irip de dile getirmedi\u011fin, ad\u0131n\u0131 koyamad\u0131\u011f\u0131n d\u00fc\u015f\u00fcncelerin, hislerin var. Zihin d\u00fcnyana ufuklar a\u00e7acak c\u00fcmleler, anlar var. Hayal d\u00fcnyana yeni renkler, bamba\u015fka dekorlar var. Yoluna \u0131\u015f\u0131k tutacak isimler, duygular\u0131n\u0131 derinle\u015ftirecek kelimeler var. B\u00fct\u00fcn bunlar kendini in\u015fa etmene katk\u0131 sa\u011flayacak. \u2026 \u0130yi ki \u015fiirler, hik\u00e2yeler, romanlar, filmler var. \u0130yi ki g\u00fczeli g\u00f6ren g\u00f6zlerimiz var. \u0130yi ki hisseden bir kalbimiz var. <\/p>\n","protected":false},"excerpt":{"rendered":"<p>Baz\u0131 c\u00fcmlelerden sonra kitaptan bir sayfa daha \u00e7evirmek \u00e7ok g\u00fc\u00e7 oluyor. Baz\u0131 sahnelerden sonra filme devam edebilmek hi\u00e7 kolay de\u011fil. \u0130\u015fte insan\u0131n o kalakald\u0131\u011f\u0131 yer var<span class=\"excerpt-hellip\"> [\u2026]<\/span><\/p>\n","protected":false},"featured_media":0,"template":"","meta":{"_monsterinsights_skip_tracking":false,"_monsterinsights_sitenote_active":false,"_monsterinsights_sitenote_note":"","_monsterinsights_sitenote_category":0},"product_brand":[],"product_cat":[12291,12711],"product_tag":[],"class_list":{"0":"post-744063","1":"product","2":"type-product","3":"status-publish","5":"product_cat-edebiyat","6":"product_cat-roman-oyku","7":"pa_cilt-ciltsiz","8":"pa_tur-kitap","9":"pa_yayinevi-mosquito-yayinlari","10":"pa_yazar-emine-simsek","12":"first","13":"instock","14":"sale","15":"shipping-taxable","16":"purchasable","17":"product-type-simple"},"_links":{"self":[{"href":"https:\/\/roveyayinevi.com.tr\/index.php\/wp-json\/wp\/v2\/product\/744063","targetHints":{"allow":["GET"]}}],"collection":[{"href":"https:\/\/roveyayinevi.com.tr\/index.php\/wp-json\/wp\/v2\/product"}],"about":[{"href":"https:\/\/roveyayinevi.com.tr\/index.php\/wp-json\/wp\/v2\/types\/product"}],"wp:attachment":[{"href":"https:\/\/roveyayinevi.com.tr\/index.php\/wp-json\/wp\/v2\/media?parent=744063"}],"wp:term":[{"taxonomy":"product_brand","embeddable":true,"href":"https:\/\/roveyayinevi.com.tr\/index.php\/wp-json\/wp\/v2\/product_brand?post=744063"},{"taxonomy":"product_cat","embeddable":true,"href":"https:\/\/roveyayinevi.com.tr\/index.php\/wp-json\/wp\/v2\/product_cat?post=744063"},{"taxonomy":"product_tag","embeddable":true,"href":"https:\/\/roveyayinevi.com.tr\/index.php\/wp-json\/wp\/v2\/product_tag?post=744063"}],"curies":[{"name":"wp","href":"https:\/\/api.w.org\/{rel}","templated":true}]}}