{"id":744062,"date":"2025-08-28T01:48:40","date_gmt":"2025-08-27T22:48:40","guid":{"rendered":"https:\/\/roveyayinevi.com.tr\/index.php\/urun\/hayal-ve-cesaret-kahramanlari-2\/"},"modified":"2026-04-16T02:55:40","modified_gmt":"2026-04-15T23:55:40","slug":"hayal-ve-cesaret-kahramanlari-2","status":"publish","type":"product","link":"https:\/\/roveyayinevi.com.tr\/index.php\/urun\/hayal-ve-cesaret-kahramanlari-2\/","title":{"rendered":"Hayal ve Cesaret Kahramanlar\u0131 -2"},"content":{"rendered":"<p>Bu kitapta hayallerinin pe\u015finden cesaretle ko\u015fanlar\u0131n hayat hikayelerini bulacaks\u0131n. Tarihe ismini alt\u0131n harflerle yazd\u0131rm\u0131\u015f be\u015f kahraman\u0131n hayat\u0131ndan unutulmaz bir sahne seni bekliyor! Hayallerini ger\u00e7ekle\u015ftirmek i\u00e7in durmaks\u0131z\u0131n \u00e7al\u0131\u015fan ve tarihin y\u00f6n\u00fcn\u00fc de\u011fi\u015ftiren bu cesur kahramanlar\u0131 tan\u0131maya ve ilham almaya haz\u0131r m\u0131s\u0131n? <\/p>\n","protected":false},"excerpt":{"rendered":"<p>Bu kitapta hayallerinin pe\u015finden cesaretle ko\u015fanlar\u0131n hayat hikayelerini bulacaks\u0131n. Tarihe ismini alt\u0131n harflerle yazd\u0131rm\u0131\u015f be\u015f kahraman\u0131n hayat\u0131ndan unutulmaz bir sahne seni bekliyor! Hayallerini ger\u00e7ekle\u015ftirmek i\u00e7in durmaks\u0131z\u0131n<span class=\"excerpt-hellip\"> [\u2026]<\/span><\/p>\n","protected":false},"featured_media":0,"template":"","meta":{"_monsterinsights_skip_tracking":false,"_monsterinsights_sitenote_active":false,"_monsterinsights_sitenote_note":"","_monsterinsights_sitenote_category":0},"product_brand":[],"product_cat":[12275,12274],"product_tag":[],"class_list":{"0":"post-744062","1":"product","2":"type-product","3":"status-publish","5":"product_cat-6-12-yas-kitaplari","6":"product_cat-cocuk-ve-genclik-kitaplari","7":"pa_cilt-ciltsiz","8":"pa_tur-kitap","9":"pa_yayinevi-mosquito-yayinlari","10":"pa_yazar-halil-ersin-avci","12":"first","13":"instock","14":"sale","15":"shipping-taxable","16":"purchasable","17":"product-type-simple"},"_links":{"self":[{"href":"https:\/\/roveyayinevi.com.tr\/index.php\/wp-json\/wp\/v2\/product\/744062","targetHints":{"allow":["GET"]}}],"collection":[{"href":"https:\/\/roveyayinevi.com.tr\/index.php\/wp-json\/wp\/v2\/product"}],"about":[{"href":"https:\/\/roveyayinevi.com.tr\/index.php\/wp-json\/wp\/v2\/types\/product"}],"wp:attachment":[{"href":"https:\/\/roveyayinevi.com.tr\/index.php\/wp-json\/wp\/v2\/media?parent=744062"}],"wp:term":[{"taxonomy":"product_brand","embeddable":true,"href":"https:\/\/roveyayinevi.com.tr\/index.php\/wp-json\/wp\/v2\/product_brand?post=744062"},{"taxonomy":"product_cat","embeddable":true,"href":"https:\/\/roveyayinevi.com.tr\/index.php\/wp-json\/wp\/v2\/product_cat?post=744062"},{"taxonomy":"product_tag","embeddable":true,"href":"https:\/\/roveyayinevi.com.tr\/index.php\/wp-json\/wp\/v2\/product_tag?post=744062"}],"curies":[{"name":"wp","href":"https:\/\/api.w.org\/{rel}","templated":true}]}}