{"id":744061,"date":"2025-08-28T01:48:39","date_gmt":"2025-08-27T22:48:39","guid":{"rendered":"https:\/\/roveyayinevi.com.tr\/index.php\/urun\/merakli-merve-bilge-arif\/"},"modified":"2026-04-16T02:55:40","modified_gmt":"2026-04-15T23:55:40","slug":"merakli-merve-bilge-arif","status":"publish","type":"product","link":"https:\/\/roveyayinevi.com.tr\/index.php\/urun\/merakli-merve-bilge-arif\/","title":{"rendered":"Merakl\u0131 Merve &amp; Bilge Arif"},"content":{"rendered":"<p>7 ya\u015f ve \u00fczeri \u00e7ocuklar i\u00e7in haz\u0131rlad\u0131\u011f\u0131m\u0131z kitap serimizin i\u00e7inde kahramanlar\u0131m\u0131z Merakl\u0131 Merve ve Bilge Arif \u00f6\u011frenmek i\u00e7in heyecan duyduklar\u0131 ve sorgulad\u0131klar\u0131 pek \u00e7ok konuyu zek\u00e2 ve ak\u0131l oyunlar\u0131 yoluyla bizlerle payla\u015f\u0131yorlar. Zek\u00e2 oyunlar\u0131 7&#8217;den 77&#8217;ye her ya\u015ftan merakl\u0131n\u0131n zihnini egzersizle rahatlatarak rehabilite edebilir. Birlikte okuyup birlikte \u00e7\u00f6zen farkl\u0131 ya\u015ftan okurlar\u0131m\u0131z e\u011flenceli oyunlarla \u00f6\u011frenmenin keyfini payla\u015farak daha \u00e7ok keyif alabilirler. \u0130nsan hayat\u0131n\u0131n temel ta\u015flar\u0131 olan affetmek, sab\u0131r, do\u011fruluk, \u00e7al\u0131\u015fkanl\u0131k, simetri, merak, spor gibi g\u00fcncel kazan\u0131mlar\u0131 ve de\u011ferleri sevdirerek anlatan kahramanlar\u0131m\u0131z birbirinden e\u011flenceli zek\u00e2 oyunlar\u0131yla \u00f6\u011frenme heyecan\u0131m\u0131z\u0131 art\u0131rarak Mill\u00ee E\u011fitim Bakanl\u0131\u011f\u0131 taraf\u0131ndan belirlenen bili\u015fsel ve duyu\u015fsal alandaki ama\u00e7 ve kazan\u0131mlar\u0131n elde edilmesini sa\u011fl\u0131yorlar. Yavru ku\u015flar\u0131m\u0131z\u0131n u\u00e7mak i\u00e7in tek kanada de\u011fil iki kanada ihtiyac\u0131 var \u00f6yle de\u011fil mi? <\/p>\n","protected":false},"excerpt":{"rendered":"<p>7 ya\u015f ve \u00fczeri \u00e7ocuklar i\u00e7in haz\u0131rlad\u0131\u011f\u0131m\u0131z kitap serimizin i\u00e7inde kahramanlar\u0131m\u0131z Merakl\u0131 Merve ve Bilge Arif \u00f6\u011frenmek i\u00e7in heyecan duyduklar\u0131 ve sorgulad\u0131klar\u0131 pek \u00e7ok konuyu zek\u00e2<span class=\"excerpt-hellip\"> [\u2026]<\/span><\/p>\n","protected":false},"featured_media":0,"template":"","meta":{"_monsterinsights_skip_tracking":false,"_monsterinsights_sitenote_active":false,"_monsterinsights_sitenote_note":"","_monsterinsights_sitenote_category":0},"product_brand":[],"product_cat":[12275,12274],"product_tag":[],"class_list":{"0":"post-744061","1":"product","2":"type-product","3":"status-publish","5":"product_cat-6-12-yas-kitaplari","6":"product_cat-cocuk-ve-genclik-kitaplari","7":"pa_cilt-ciltsiz","8":"pa_tur-kitap","9":"pa_yayinevi-mosquito-yayinlari","10":"pa_yazar-asuman-turker-sadikoglu","12":"first","13":"instock","14":"sale","15":"shipping-taxable","16":"purchasable","17":"product-type-simple"},"_links":{"self":[{"href":"https:\/\/roveyayinevi.com.tr\/index.php\/wp-json\/wp\/v2\/product\/744061","targetHints":{"allow":["GET"]}}],"collection":[{"href":"https:\/\/roveyayinevi.com.tr\/index.php\/wp-json\/wp\/v2\/product"}],"about":[{"href":"https:\/\/roveyayinevi.com.tr\/index.php\/wp-json\/wp\/v2\/types\/product"}],"wp:attachment":[{"href":"https:\/\/roveyayinevi.com.tr\/index.php\/wp-json\/wp\/v2\/media?parent=744061"}],"wp:term":[{"taxonomy":"product_brand","embeddable":true,"href":"https:\/\/roveyayinevi.com.tr\/index.php\/wp-json\/wp\/v2\/product_brand?post=744061"},{"taxonomy":"product_cat","embeddable":true,"href":"https:\/\/roveyayinevi.com.tr\/index.php\/wp-json\/wp\/v2\/product_cat?post=744061"},{"taxonomy":"product_tag","embeddable":true,"href":"https:\/\/roveyayinevi.com.tr\/index.php\/wp-json\/wp\/v2\/product_tag?post=744061"}],"curies":[{"name":"wp","href":"https:\/\/api.w.org\/{rel}","templated":true}]}}