{"id":744060,"date":"2025-08-28T01:48:37","date_gmt":"2025-08-27T22:48:37","guid":{"rendered":"https:\/\/roveyayinevi.com.tr\/index.php\/urun\/nefret-listesi\/"},"modified":"2026-04-16T02:55:40","modified_gmt":"2026-04-15T23:55:40","slug":"nefret-listesi","status":"publish","type":"product","link":"https:\/\/roveyayinevi.com.tr\/index.php\/urun\/nefret-listesi\/","title":{"rendered":"Nefret Listesi"},"content":{"rendered":"<p>\u0130NSAN NEDEN NEFRET EDER?Valerie Leftman, erkek arkada\u015f\u0131 Nick\u2019i \u00e7ok iyi tan\u0131d\u0131\u011f\u0131n\u0131 san\u0131yordu. Hayata kar\u015f\u0131 omuz omuza direniyor, kendilerine zorbal\u0131k yapanlardan birlikte nefret ediyorlard\u0131. Hatta intikam almak istedikleri ki\u015filerin adlar\u0131n\u0131 yazd\u0131klar\u0131 bir liste bile haz\u0131rlam\u0131\u015flard\u0131. Ba\u015fta her \u015fey Val i\u00e7in sadece bir \u015faka, \u00f6fkelerini bo\u015faltman\u0131n zarars\u0131z bir yoluydu. Ta ki be\u015f ay \u00f6nce Nick okulda ate\u015f a\u00e7ana kadar.Herkesten saklanarak ge\u00e7irdi\u011fi yaz\u0131n ard\u0131ndan son senesini tamamlamak i\u00e7in okula d\u00f6nmek zorunda kalan Val\u2019in y\u00fczle\u015fece\u011fi \u00e7ok \u015fey vard\u0131. H\u00e2l\u00e2 sevdi\u011fi erkek arkada\u015f\u0131n\u0131n an\u0131lar\u0131yla ba\u015f etmek bile zorken, bir de ailesiyle, eski arkada\u015flar\u0131yla ve hayat\u0131n\u0131 kurtard\u0131\u011f\u0131 k\u0131zla olan parampar\u00e7a ili\u015fkileri yoluna koymas\u0131 gerekiyordu.Ya\u015fanan trajedi pek \u00e7ok hayat\u0131 geri d\u00f6n\u00fc\u015f\u00fc olmayacak \u015fekilde de\u011fi\u015ftirmi\u015fti ve affedebilmek, \u00f6zellikle de kendini, herkes i\u00e7in m\u00fcmk\u00fcn g\u00f6r\u00fcnm\u00fcyordu.\u201cHassas ve s\u00f6z\u00fcn\u00fc sak\u0131nmayan bir hik\u00e2ye.\u201d \u2014VOYA, starred review\u201cS\u00fcr\u00fckleyici bir ilk roman.\u201d \u2014Publishers Weekly, starred review\u201c\u00c7arp\u0131c\u0131, etkili ve dokunakl\u0131.\u201d \u2014School Library Journal, starred review\u201c\u00d6zg\u00fcn ve yerinde bir anlat\u0131.\u201d \u2014Kirkus Reviews\u201cNefret Listesi zorlay\u0131c\u0131 bir roman. Kimden, neden nefret ederiz? Derin, karanl\u0131k ve yer yer huzursuz edici olan bu kitap insan\u0131 d\u00fc\u015f\u00fcnmeye zorluyor. Mutlaka okunmal\u0131!\u201d \u2014Gail Giles\u201cHer okul sald\u0131r\u0131s\u0131ndan sonra bir soru tufan\u0131 gelir: Ya \u015f\u00f6yle olsayd\u0131, bundan sonra ne olacak, neden ben? Hayat\u0131n\u0131zda bir kez olsun bu duygularla m\u00fccadele ettiyseniz ve kendinizi kaybolmu\u015f gibi hissettiyseniz, Nefret Listesi\u2019ni okumaya zaman ay\u0131r\u0131n.\u201d \u2014Patrick Jones\u201cNefret Listesi \u015fiddete ve zorbal\u0131\u011fa farkl\u0131 a\u00e7\u0131lardan bakan g\u00fc\u00e7l\u00fc bir kitap\u2026\u201d \u2014The Register-Guard\u201cBrown \u00e7ok ince bir \u00e7izgide y\u00fcr\u00fcyor ve bunda \u00e7ok ba\u015far\u0131l\u0131. \u00d6yle m\u00fckemmel bir i\u015f \u00e7\u0131karm\u0131\u015f ki aileler lise \u00e7a\u011f\u0131ndaki \u00e7ocuklar\u0131na hi\u00e7 \u00e7ekinmeden okutabilir.\u201d \u2014Deseret News<\/p>\n","protected":false},"excerpt":{"rendered":"<p>\u0130NSAN NEDEN NEFRET EDER?Valerie Leftman, erkek arkada\u015f\u0131 Nick\u2019i \u00e7ok iyi tan\u0131d\u0131\u011f\u0131n\u0131 san\u0131yordu. Hayata kar\u015f\u0131 omuz omuza direniyor, kendilerine zorbal\u0131k yapanlardan birlikte nefret ediyorlard\u0131. Hatta intikam almak<span class=\"excerpt-hellip\"> [\u2026]<\/span><\/p>\n","protected":false},"featured_media":0,"template":"","meta":{"_monsterinsights_skip_tracking":false,"_monsterinsights_sitenote_active":false,"_monsterinsights_sitenote_note":"","_monsterinsights_sitenote_category":0},"product_brand":[],"product_cat":[12291,12711],"product_tag":[],"class_list":{"0":"post-744060","1":"product","2":"type-product","3":"status-publish","5":"product_cat-edebiyat","6":"product_cat-roman-oyku","7":"pa_cilt-ciltsiz","8":"pa_tur-kitap","9":"pa_yayinevi-yabanci-yayinevi","10":"pa_yazar-jennifer-brown","12":"first","13":"instock","14":"sale","15":"shipping-taxable","16":"purchasable","17":"product-type-simple"},"_links":{"self":[{"href":"https:\/\/roveyayinevi.com.tr\/index.php\/wp-json\/wp\/v2\/product\/744060","targetHints":{"allow":["GET"]}}],"collection":[{"href":"https:\/\/roveyayinevi.com.tr\/index.php\/wp-json\/wp\/v2\/product"}],"about":[{"href":"https:\/\/roveyayinevi.com.tr\/index.php\/wp-json\/wp\/v2\/types\/product"}],"wp:attachment":[{"href":"https:\/\/roveyayinevi.com.tr\/index.php\/wp-json\/wp\/v2\/media?parent=744060"}],"wp:term":[{"taxonomy":"product_brand","embeddable":true,"href":"https:\/\/roveyayinevi.com.tr\/index.php\/wp-json\/wp\/v2\/product_brand?post=744060"},{"taxonomy":"product_cat","embeddable":true,"href":"https:\/\/roveyayinevi.com.tr\/index.php\/wp-json\/wp\/v2\/product_cat?post=744060"},{"taxonomy":"product_tag","embeddable":true,"href":"https:\/\/roveyayinevi.com.tr\/index.php\/wp-json\/wp\/v2\/product_tag?post=744060"}],"curies":[{"name":"wp","href":"https:\/\/api.w.org\/{rel}","templated":true}]}}