{"id":744058,"date":"2025-08-28T01:48:35","date_gmt":"2025-08-27T22:48:35","guid":{"rendered":"https:\/\/roveyayinevi.com.tr\/index.php\/urun\/hisseden-beyin\/"},"modified":"2026-04-16T02:55:40","modified_gmt":"2026-04-15T23:55:40","slug":"hisseden-beyin","status":"publish","type":"product","link":"https:\/\/roveyayinevi.com.tr\/index.php\/urun\/hisseden-beyin\/","title":{"rendered":"Hisseden Beyin"},"content":{"rendered":"<p>Peter Fonagy ara\u015ft\u0131rmadan s\u00f6z etmenin psikanalistlerde neden Eskimolara derin dondurucu satmaya benzer bir his uyand\u0131rd\u0131\u011f\u0131n\u0131 sormu\u015f ve sinirbilimle psikanalizin ili\u015fkisini y\u0131llarca ayn\u0131 apartmanda ya\u015fay\u0131p yekdi\u011ferinin ad\u0131n\u0131 bile \u00f6\u011frenmeden birbirlerinin yan\u0131ndan ge\u00e7en kom\u015fulara benzetmi\u015fti. Solms\u2019un yukar\u0131da bahsetti\u011fim ki\u015filik yap\u0131s\u0131n\u0131n ve zihninin i\u015fleyi\u015f tarz\u0131n\u0131n etkisiyle kom\u015fuya \u2018Merhaba\u2019 diyen bir havas\u0131 var. Bir i\u015fbirli\u011fi, bir ortak \u00e7al\u0131\u015fma arad\u0131\u011f\u0131n\u0131 s\u00f6yl\u00fcyor: \u2018G\u00fcn\u00fcm\u00fczde var olan sinirbilimsel y\u00f6ntemleri kullanarak zihnin yap\u0131s\u0131 ve i\u015flevlerine dair psikanalizden \u00f6\u011frendiklerimizin n\u00f6rolojik temelini haritaland\u0131rmaya kalk\u0131\u015fma giri\u015fimini yeniden de\u011ferlendirmek\u2019 istiyor.\u201d \u2014 Prof. Dr. T\u00fcrkay Demir, \u00c7ocuk ve Ergen Psikiyatr\u0131, Psikanalist (IPA)   Sinirbilim alan\u0131n\u0131n \u00f6nde gelen ara\u015ft\u0131rmac\u0131lar\u0131ndan Mark Solms, Hisseden Beyin\u2019de psikanaliz ve sinirbilim aras\u0131ndaki yolu ayd\u0131nlatma vazifesini \u00fcstleniyor. Sigmund Freud\u2019un t\u00fcm\u00fcyle psikiyatrik vakalardan \u00e7\u0131karsad\u0131\u011f\u0131 soyut kavramlar\u0131n beyin dokusundaki kar\u015f\u0131l\u0131klar\u0131n\u0131n pe\u015fine d\u00fc\u015ferek, n\u00f6ropsikanaliz alan\u0131n\u0131n belki de en ba\u015fat hedefinin pe\u015finden gidiyor. \u00dcstelik bu \u201ca\u011f\u0131r\u201d meseleyi herkesin anlayabilece\u011fi bir \u00fcslupla ele almay\u0131 ba\u015far\u0131yor. <\/p>\n","protected":false},"excerpt":{"rendered":"<p>Peter Fonagy ara\u015ft\u0131rmadan s\u00f6z etmenin psikanalistlerde neden Eskimolara derin dondurucu satmaya benzer bir his uyand\u0131rd\u0131\u011f\u0131n\u0131 sormu\u015f ve sinirbilimle psikanalizin ili\u015fkisini y\u0131llarca ayn\u0131 apartmanda ya\u015fay\u0131p yekdi\u011ferinin ad\u0131n\u0131<span class=\"excerpt-hellip\"> [\u2026]<\/span><\/p>\n","protected":false},"featured_media":0,"template":"","meta":{"_monsterinsights_skip_tracking":false,"_monsterinsights_sitenote_active":false,"_monsterinsights_sitenote_note":"","_monsterinsights_sitenote_category":0},"product_brand":[],"product_cat":[12679,12357],"product_tag":[],"class_list":{"0":"post-744058","1":"product","2":"type-product","3":"status-publish","5":"product_cat-cocuk-psikolojisi","6":"product_cat-psikoloji","7":"pa_cilt-ciltsiz","8":"pa_tur-kitap","9":"pa_yayinevi-okuyan-us-yayin","10":"pa_yazar-mark-solms","11":"pa_yazar-oliver-turnbull","13":"first","14":"instock","15":"sale","16":"shipping-taxable","17":"purchasable","18":"product-type-simple"},"_links":{"self":[{"href":"https:\/\/roveyayinevi.com.tr\/index.php\/wp-json\/wp\/v2\/product\/744058","targetHints":{"allow":["GET"]}}],"collection":[{"href":"https:\/\/roveyayinevi.com.tr\/index.php\/wp-json\/wp\/v2\/product"}],"about":[{"href":"https:\/\/roveyayinevi.com.tr\/index.php\/wp-json\/wp\/v2\/types\/product"}],"wp:attachment":[{"href":"https:\/\/roveyayinevi.com.tr\/index.php\/wp-json\/wp\/v2\/media?parent=744058"}],"wp:term":[{"taxonomy":"product_brand","embeddable":true,"href":"https:\/\/roveyayinevi.com.tr\/index.php\/wp-json\/wp\/v2\/product_brand?post=744058"},{"taxonomy":"product_cat","embeddable":true,"href":"https:\/\/roveyayinevi.com.tr\/index.php\/wp-json\/wp\/v2\/product_cat?post=744058"},{"taxonomy":"product_tag","embeddable":true,"href":"https:\/\/roveyayinevi.com.tr\/index.php\/wp-json\/wp\/v2\/product_tag?post=744058"}],"curies":[{"name":"wp","href":"https:\/\/api.w.org\/{rel}","templated":true}]}}