{"id":744057,"date":"2025-08-28T01:48:33","date_gmt":"2025-08-27T22:48:33","guid":{"rendered":"https:\/\/roveyayinevi.com.tr\/index.php\/urun\/bildiklerini-unut-sana-soyleyecegim-cok-sey-var-ii\/"},"modified":"2026-04-16T02:55:40","modified_gmt":"2026-04-15T23:55:40","slug":"bildiklerini-unut-sana-soyleyecegim-cok-sey-var-ii","status":"publish","type":"product","link":"https:\/\/roveyayinevi.com.tr\/index.php\/urun\/bildiklerini-unut-sana-soyleyecegim-cok-sey-var-ii\/","title":{"rendered":"Bildiklerini Unut &#8211; Sana S\u00f6yleyece\u011fim \u00c7ok \u015eey Var-II"},"content":{"rendered":"<p>\u201cSana S\u00f6yleyece\u011fim \u00c7ok \u015eey Var kurgu d\u0131\u015f\u0131 serisi; ya\u015fanm\u0131\u015f ger\u00e7ek bir hikayenin; birbirine ba\u011fl\u0131 iki karde\u015fin ani gelen \u00f6l\u00fcmle birbirine veda edemeden ayr\u0131l\u0131\u015f\u0131n\u0131n, s\u0131rad\u0131\u015f\u0131 olaylarla \u00f6r\u00fcl\u00fc \u00e7arp\u0131c\u0131, saf ve sans\u00fcrs\u00fcz yolculu\u011fu.   T\u00fcrk bas\u0131n\u0131n\u0131 uzun y\u0131llard\u0131r yurtd\u0131\u015f\u0131nda ba\u015far\u0131yla temsil eden gazeteci yazar Ay\u015feg\u00fcl Ekinci, yar\u0131n kayg\u0131s\u0131 olmadan, \u00f6l\u00fcm kavram\u0131n\u0131 d\u00fc\u015f\u00fcnmeden ya\u015fad\u0131\u011f\u0131 hareketli hayat\u0131n\u0131n a\u011fabeyi Cerrah Dr H\u00fcseyin Ekinci\u2019nin \u00f6l\u00fcm\u00fcyle nas\u0131l de\u011fi\u015fti\u011fini anlat\u0131yor. Bildiklerini Unut, a\u011fabeyinin \u00f6l\u00fcm\u00fcn\u00fcn ard\u0131ndan hayata tutunmak i\u00e7in yollara d\u00fc\u015fen yazar\u0131n ayn\u0131 zamanda yas \u00e7\u00f6z\u00fcmlemesine ait deneyimleri, derin ara\u015ft\u0131rmalar\u0131 ve \u00fcnl\u00fc Hintli mistik Sadhguru ile \u00e7al\u0131\u015fmaya ba\u015flamas\u0131n\u0131n soluksuz ser\u00fcveni.\u201d   \u201cAy\u015feg\u00fcl hem yazar hem de \u015fifac\u0131 olarak ger\u00e7ek bir usta. O ender rastlanan , saf ve iyi niyetli yakla\u015f\u0131m\u0131yla insanlar\u0131 anlama, i\u00e7tenlikle duyma ve bunlar\u0131 aktarma kabiliyetine sahip. Ola\u011fan\u00fcst\u00fc yaz\u0131 dili, kelimelerinin \u015fifas\u0131 gelece\u011fe y\u00f6n veren cinsten.\u201d \u2014 Vianna Stibal, Theta Healing kitaplar\u0131n\u0131n yazar\u0131 ve Theta Healing\u2019in Kurucusu   \u201cE\u011fer sevin\u00e7, mutluluk ve co\u015fku g\u00f6zya\u015flar\u0131 yanaklar\u0131n\u0131 y\u0131kamad\u0131ysa hen\u00fcz hayat\u0131 deneyimlememi\u015fsindir.\u201d \u2014 Sadhguru, Mistik, Yogi ve kitaplar\u0131 \u00e7ok satan yazar <\/p>\n","protected":false},"excerpt":{"rendered":"<p>\u201cSana S\u00f6yleyece\u011fim \u00c7ok \u015eey Var kurgu d\u0131\u015f\u0131 serisi; ya\u015fanm\u0131\u015f ger\u00e7ek bir hikayenin; birbirine ba\u011fl\u0131 iki karde\u015fin ani gelen \u00f6l\u00fcmle birbirine veda edemeden ayr\u0131l\u0131\u015f\u0131n\u0131n, s\u0131rad\u0131\u015f\u0131 olaylarla \u00f6r\u00fcl\u00fc<span class=\"excerpt-hellip\"> [\u2026]<\/span><\/p>\n","protected":false},"featured_media":0,"template":"","meta":{"_monsterinsights_skip_tracking":false,"_monsterinsights_sitenote_active":false,"_monsterinsights_sitenote_note":"","_monsterinsights_sitenote_category":0},"product_brand":[],"product_cat":[13701,12291],"product_tag":[],"class_list":{"0":"post-744057","1":"product","2":"type-product","3":"status-publish","5":"product_cat-ani-mektup-gunluk","6":"product_cat-edebiyat","7":"pa_cilt-ciltsiz","8":"pa_tur-kitap","9":"pa_yayinevi-okuyan-us-yayin","10":"pa_yazar-aysegul-ekinci","12":"first","13":"instock","14":"sale","15":"shipping-taxable","16":"purchasable","17":"product-type-simple"},"_links":{"self":[{"href":"https:\/\/roveyayinevi.com.tr\/index.php\/wp-json\/wp\/v2\/product\/744057","targetHints":{"allow":["GET"]}}],"collection":[{"href":"https:\/\/roveyayinevi.com.tr\/index.php\/wp-json\/wp\/v2\/product"}],"about":[{"href":"https:\/\/roveyayinevi.com.tr\/index.php\/wp-json\/wp\/v2\/types\/product"}],"wp:attachment":[{"href":"https:\/\/roveyayinevi.com.tr\/index.php\/wp-json\/wp\/v2\/media?parent=744057"}],"wp:term":[{"taxonomy":"product_brand","embeddable":true,"href":"https:\/\/roveyayinevi.com.tr\/index.php\/wp-json\/wp\/v2\/product_brand?post=744057"},{"taxonomy":"product_cat","embeddable":true,"href":"https:\/\/roveyayinevi.com.tr\/index.php\/wp-json\/wp\/v2\/product_cat?post=744057"},{"taxonomy":"product_tag","embeddable":true,"href":"https:\/\/roveyayinevi.com.tr\/index.php\/wp-json\/wp\/v2\/product_tag?post=744057"}],"curies":[{"name":"wp","href":"https:\/\/api.w.org\/{rel}","templated":true}]}}