{"id":744056,"date":"2025-08-28T01:48:32","date_gmt":"2025-08-27T22:48:32","guid":{"rendered":"https:\/\/roveyayinevi.com.tr\/index.php\/urun\/meyhanede-hanimlar-2\/"},"modified":"2026-04-16T02:55:40","modified_gmt":"2026-04-15T23:55:40","slug":"meyhanede-hanimlar-2","status":"publish","type":"product","link":"https:\/\/roveyayinevi.com.tr\/index.php\/urun\/meyhanede-hanimlar-2\/","title":{"rendered":"Meyhanede Han\u0131mlar"},"content":{"rendered":"<p>\u201cKad\u0131nlar erkeklerini d\u00f6vecekler. Kad\u0131nlar, as\u0131rlarca \u00e7ektikleri Asya\u2019ya has esarete tepki devrindedirler. \u0130ntikamlar\u0131n\u0131 alacaklar. Pa\u015falar, beyler, efendiler Ankara\u2019da de\u011fil, g\u00f6ky\u00fcz\u00fcn\u00fcn en \u00fcst kat\u0131nda meclis kursalar Havva k\u0131zlar\u0131yla ba\u015f edemeyeceklerdir. Muharebeden sonra erkek azalm\u0131\u015f, kad\u0131n \u00e7o\u011falm\u0131\u015fm\u0131\u015f. Daha iyi ya! Demek ki say\u0131ca erkeklere galibiz. Bizim dedi\u011fimiz olacak.\u201d   T\u00fcrk edebiyat\u0131n\u0131n en \u00fcretken, mizahi yan\u0131 en kuvvetli yazarlar\u0131ndan H\u00fcseyin Rahmi G\u00fcrp\u0131nar\u2019\u0131n 1924 y\u0131l\u0131n\u0131n 6-13 Temmuz\u2019u aras\u0131nda Son Telgraf gazetesinde tefrika edilen Meyhanede Han\u0131mlar\u2019\u0131 Cumhuriyet\u2019in ilan edili\u015finin ard\u0131ndan toplumsal ya\u015famda daha da g\u00f6r\u00fcn\u00fcr olan kad\u0131nlar\u0131 merkezine alan, e\u011flencesi ve kavgas\u0131 bol, kahkahas\u0131 eksik olmayan bir hik\u00e2ye.   Bahriye Han\u0131m, kocas\u0131yla beraber, Apostol\u2019\u00fcn gazinosuna gider. \u0130\u00e7ki yasa\u011f\u0131n\u0131n g\u00f6lgesinde de olsa felekten bir gece \u00e7alacaklard\u0131r. Fakat Garson Niko sipari\u015fleri al\u0131r, k\u00f6\u015fedeki ihtiyar yasakland\u0131k\u00e7a lezzeti artan rak\u0131n\u0131n keyfini \u00e7\u0131kar\u0131rken, Bahriye Han\u0131m\u2019\u0131n baz\u0131 hususi sebeplerden dolay\u0131 hi\u00e7 ho\u015flanmad\u0131\u011f\u0131 Meliha Han\u0131m ile e\u015fi Nebil Bey gazinoya te\u015frif eder. Bu gece biraz olayl\u0131 sonlanacakt\u0131r galiba.   H\u00fcseyin Rahmi G\u00fcrp\u0131nar\u2019\u0131n, Kenan Hulusi Koray\u2019\u0131n sorular\u0131na cevap verdi\u011fi bir r\u00f6portajla birlikte sundu\u011fumuz Meyhanede Han\u0131mlar, yazar\u0131n edebiyat\u0131n\u0131n alameti farikalar\u0131ndan kad\u0131n erkek e\u015fitli\u011fi meselesini irdeledi\u011fi bir ba\u015fka yap\u0131t\u0131. <\/p>\n","protected":false},"excerpt":{"rendered":"<p>\u201cKad\u0131nlar erkeklerini d\u00f6vecekler. Kad\u0131nlar, as\u0131rlarca \u00e7ektikleri Asya\u2019ya has esarete tepki devrindedirler. \u0130ntikamlar\u0131n\u0131 alacaklar. Pa\u015falar, beyler, efendiler Ankara\u2019da de\u011fil, g\u00f6ky\u00fcz\u00fcn\u00fcn en \u00fcst kat\u0131nda meclis kursalar Havva k\u0131zlar\u0131yla<span class=\"excerpt-hellip\"> [\u2026]<\/span><\/p>\n","protected":false},"featured_media":0,"template":"","meta":{"_monsterinsights_skip_tracking":false,"_monsterinsights_sitenote_active":false,"_monsterinsights_sitenote_note":"","_monsterinsights_sitenote_category":0},"product_brand":[],"product_cat":[12291,12711],"product_tag":[],"class_list":{"0":"post-744056","1":"product","2":"type-product","3":"status-publish","5":"product_cat-edebiyat","6":"product_cat-roman-oyku","7":"pa_cilt-ciltsiz","8":"pa_tur-kitap","9":"pa_yayinevi-ithaki-yayinlari","10":"pa_yazar-huseyin-rahmi-gurpinar","12":"first","13":"instock","14":"sale","15":"shipping-taxable","16":"purchasable","17":"product-type-simple"},"_links":{"self":[{"href":"https:\/\/roveyayinevi.com.tr\/index.php\/wp-json\/wp\/v2\/product\/744056","targetHints":{"allow":["GET"]}}],"collection":[{"href":"https:\/\/roveyayinevi.com.tr\/index.php\/wp-json\/wp\/v2\/product"}],"about":[{"href":"https:\/\/roveyayinevi.com.tr\/index.php\/wp-json\/wp\/v2\/types\/product"}],"wp:attachment":[{"href":"https:\/\/roveyayinevi.com.tr\/index.php\/wp-json\/wp\/v2\/media?parent=744056"}],"wp:term":[{"taxonomy":"product_brand","embeddable":true,"href":"https:\/\/roveyayinevi.com.tr\/index.php\/wp-json\/wp\/v2\/product_brand?post=744056"},{"taxonomy":"product_cat","embeddable":true,"href":"https:\/\/roveyayinevi.com.tr\/index.php\/wp-json\/wp\/v2\/product_cat?post=744056"},{"taxonomy":"product_tag","embeddable":true,"href":"https:\/\/roveyayinevi.com.tr\/index.php\/wp-json\/wp\/v2\/product_tag?post=744056"}],"curies":[{"name":"wp","href":"https:\/\/api.w.org\/{rel}","templated":true}]}}