{"id":744055,"date":"2025-08-28T01:48:31","date_gmt":"2025-08-27T22:48:31","guid":{"rendered":"https:\/\/roveyayinevi.com.tr\/index.php\/urun\/iliskisel-kulturel-terapi\/"},"modified":"2026-04-16T02:55:39","modified_gmt":"2026-04-15T23:55:39","slug":"iliskisel-kulturel-terapi","status":"publish","type":"product","link":"https:\/\/roveyayinevi.com.tr\/index.php\/urun\/iliskisel-kulturel-terapi\/","title":{"rendered":"\u0130li\u015fkisel-K\u00fclt\u00fcrel Terapi"},"content":{"rendered":"<p>\u0130li\u015fkisel-K\u00fclt\u00fcrel Terapi, insanlar\u0131n ya\u015famlar\u0131 boyunca ba\u011f kurmaya do\u011fru b\u00fcy\u00fcd\u00fc\u011f\u00fc ve geli\u015fmek, hatta hayatta kalmak i\u00e7in ba\u011fa ihtiyac\u0131m\u0131z oldu\u011fu \u00f6nc\u00fcl\u00fc \u00fczerine in\u015fa edilmi\u015ftir. Terapinin amac\u0131, terap\u00f6tik ili\u015fkiyi ve nihayetinde dan\u0131\u015fan\u0131n terapi d\u0131\u015f\u0131ndaki ili\u015fkilerini derinle\u015ftirmektir. Judith V. Jordan ili\u015fki merkezli, k\u00fclt\u00fcrel y\u00f6nelimli terapi bi\u00e7iminin tarihini, teorisini ve prati\u011fini ara\u015ft\u0131r\u0131yor. Bu yakla\u015f\u0131m\u0131, teorisini, terapi s\u00fcrecini, birincil de\u011fi\u015fim mekanizmalar\u0131n\u0131, ampirik temelleri ve gelecekteki geli\u015fmeleri anlatarak, vaka \u00f6rnekleriyle \u00e7e\u015fitlendiriyor. \u0130li\u015fkisel-K\u00fclt\u00fcrel Terapi, Psikoterapi Kuramlar\u0131 Dizisi\u2019nin on ikinci kitab\u0131d\u0131r. APA bu diziyi, psikoterapistlerin g\u00fcn\u00fcm\u00fczde kulland\u0131\u011f\u0131 temel kuramsal modelleri anlamaya y\u00f6nelik bir kaynak olarak sunmaktad\u0131r. Dizinin kitaplar\u0131, farkl\u0131 dan\u0131\u015fan profillerini i\u00e7eren zengin vaka \u00f6rnekleriyle birlikte somut kuram ve bulgu temelli uygulamalar\u0131 anlatmaktad\u0131r. \u00d6yle ki, uygulamac\u0131lar ve \u00f6\u011frenciler bu kitaplar\u0131 bilginin ve esinin m\u00fccevherleri olarak g\u00f6recektir. Okuyan Us, bu dizide T\u00fcrk uzmanlar\u0131n \u00e7al\u0131\u015fmalar\u0131na da yer vermektedir. *** Bu dizi, \u00e7\u0131\u011f\u0131r a\u00e7ma potansiyeli ta\u015f\u0131yor. Psikoterapiler aras\u0131ndaki ortak noktalar ve farkl\u0131l\u0131klar\u0131 ortaya koyarak, bu farkl\u0131l\u0131klarla dolu alanda birle\u015fme, basitle\u015fme ve b\u00fct\u00fcnle\u015fme i\u00e7in temel malzemeleri sunuyor. \u2014 Prof. Dr. Arthur Staats, Hawaii \u00dcniversitesi, Honolulu   Sa\u011flam kuramsal d\u00fc\u015f\u00fcnce ve zengin klinik malzeme \u00fczerinden temellendirilen bu dizi, psikoterapiye ilgi duyan herkes taraf\u0131ndan okunmal\u0131. Gerek deneyimsiz gerekse deneyimli klinisyenler i\u00e7in ise bir hazine niteli\u011finde. \u2014 -Prof. Dr. Lillian Comas-Diaz, George Washington \u00dcniversitesi, Washington, Dc <\/p>\n","protected":false},"excerpt":{"rendered":"<p>\u0130li\u015fkisel-K\u00fclt\u00fcrel Terapi, insanlar\u0131n ya\u015famlar\u0131 boyunca ba\u011f kurmaya do\u011fru b\u00fcy\u00fcd\u00fc\u011f\u00fc ve geli\u015fmek, hatta hayatta kalmak i\u00e7in ba\u011fa ihtiyac\u0131m\u0131z oldu\u011fu \u00f6nc\u00fcl\u00fc \u00fczerine in\u015fa edilmi\u015ftir. Terapinin amac\u0131, terap\u00f6tik ili\u015fkiyi<span class=\"excerpt-hellip\"> [\u2026]<\/span><\/p>\n","protected":false},"featured_media":0,"template":"","meta":{"_monsterinsights_skip_tracking":false,"_monsterinsights_sitenote_active":false,"_monsterinsights_sitenote_note":"","_monsterinsights_sitenote_category":0},"product_brand":[],"product_cat":[12358,12357],"product_tag":[],"class_list":{"0":"post-744055","1":"product","2":"type-product","3":"status-publish","5":"product_cat-genel-psikoloji","6":"product_cat-psikoloji","7":"pa_cilt-ciltsiz","8":"pa_tur-kitap","9":"pa_yayinevi-okuyan-us-yayin","10":"pa_yazar-judith-v-jordan","12":"first","13":"instock","14":"sale","15":"shipping-taxable","16":"purchasable","17":"product-type-simple"},"_links":{"self":[{"href":"https:\/\/roveyayinevi.com.tr\/index.php\/wp-json\/wp\/v2\/product\/744055","targetHints":{"allow":["GET"]}}],"collection":[{"href":"https:\/\/roveyayinevi.com.tr\/index.php\/wp-json\/wp\/v2\/product"}],"about":[{"href":"https:\/\/roveyayinevi.com.tr\/index.php\/wp-json\/wp\/v2\/types\/product"}],"wp:attachment":[{"href":"https:\/\/roveyayinevi.com.tr\/index.php\/wp-json\/wp\/v2\/media?parent=744055"}],"wp:term":[{"taxonomy":"product_brand","embeddable":true,"href":"https:\/\/roveyayinevi.com.tr\/index.php\/wp-json\/wp\/v2\/product_brand?post=744055"},{"taxonomy":"product_cat","embeddable":true,"href":"https:\/\/roveyayinevi.com.tr\/index.php\/wp-json\/wp\/v2\/product_cat?post=744055"},{"taxonomy":"product_tag","embeddable":true,"href":"https:\/\/roveyayinevi.com.tr\/index.php\/wp-json\/wp\/v2\/product_tag?post=744055"}],"curies":[{"name":"wp","href":"https:\/\/api.w.org\/{rel}","templated":true}]}}