{"id":744054,"date":"2025-08-28T01:48:29","date_gmt":"2025-08-27T22:48:29","guid":{"rendered":"https:\/\/roveyayinevi.com.tr\/index.php\/urun\/define-4\/"},"modified":"2026-04-08T03:04:03","modified_gmt":"2026-04-08T00:04:03","slug":"define-4","status":"publish","type":"product","link":"https:\/\/roveyayinevi.com.tr\/index.php\/urun\/define-4\/","title":{"rendered":"Define"},"content":{"rendered":"<p>\u201cMa\u011fazalar, paran\u0131n temin edece\u011fi b\u00fct\u00fcn zevk ve rahatl\u0131k, keyif ve ne\u015fe vas\u0131talar\u0131n\u0131 bana birer birer takdim ediyor, kad\u0131nlar\u0131n hepsi tebess\u00fcm ederek beni davet ediyorlar gibiydi. Birdenbire sars\u0131ld\u0131m, durdum. \u015eayet bir aksilik \u00e7\u0131kar da bu emeller ger\u00e7ekle\u015fmezse ne tamir edilemez bir felaket, ne tahamm\u00fcl edilemez bir sefalet olacakt\u0131!\u201d   Edebiyat\u0131m\u0131z\u0131n ilk psikolojik roman\u0131 kabul edilen Eyl\u00fcl\u2019\u00fcn yazar\u0131 Mehmet Rauf\u2019un kendisiyle \u00f6zde\u015fle\u015fen tarz\u0131ndan farkl\u0131 bir yola saparak ser\u00fcven ve gizem hissini \u00f6nde tuttu\u011fu, kitab\u0131n devam\u0131 say\u0131lan Kan Damlas\u0131 ile beraber polisiye t\u00fcr\u00fcnde kaleme ald\u0131\u011f\u0131 tek eseri olan Define 1927 y\u0131l\u0131nda yay\u0131mlanm\u0131\u015ft\u0131.   S\u0131k\u0131 bir polisiye okuru olan, Erzurum Hastanesi Ba\u015fhekimi \u015eakir Feyzi\u2019nin hastalar\u0131ndan Hac\u0131 Han\u0131m, zaman\u0131nda \u00e7al\u0131\u015ft\u0131\u011f\u0131 konaktaki Pa\u015fa\u2019n\u0131n ona bir kitap verdi\u011fini ve bu kitab\u0131n i\u00e7inde b\u00fcy\u00fck bir hazinenin yerinin sakl\u0131 oldu\u011funu s\u00f6yler. Hac\u0131 Han\u0131m ya\u015f\u0131 nedeniyle defineyi bulamayaca\u011f\u0131ndan bu s\u0131rr\u0131 \u015eakir Feyzi\u2019ye emanet etmek istiyordur. B\u00fcy\u00fck bir servetin heyecan\u0131na kap\u0131lan \u015eakir Feyzi, Fuzul\u00ee Divan\u0131\u2019n\u0131n sayfalar\u0131nda ba\u015flayan bu yolculukta, yaln\u0131zca okudu\u011fu kitaplarda g\u00f6rd\u00fc\u011f\u00fc t\u00fcrden bir maceran\u0131n i\u00e7inde bulacakt\u0131r kendini.   Mehmet Rauf\u2019un bir gizemi \u00e7\u00f6zmenin co\u015fkusunu, paran\u0131n ak\u0131l \u00e7elici kuvvetini anlatt\u0131\u011f\u0131 Define T\u00fcrk polisiyesinin en s\u00fcr\u00fckleyici yap\u0131tlar\u0131ndan birisi. <\/p>\n","protected":false},"excerpt":{"rendered":"<p>\u201cMa\u011fazalar, paran\u0131n temin edece\u011fi b\u00fct\u00fcn zevk ve rahatl\u0131k, keyif ve ne\u015fe vas\u0131talar\u0131n\u0131 bana birer birer takdim ediyor, kad\u0131nlar\u0131n hepsi tebess\u00fcm ederek beni davet ediyorlar gibiydi. Birdenbire<span class=\"excerpt-hellip\"> [\u2026]<\/span><\/p>\n","protected":false},"featured_media":0,"template":"","meta":{"_monsterinsights_skip_tracking":false,"_monsterinsights_sitenote_active":false,"_monsterinsights_sitenote_note":"","_monsterinsights_sitenote_category":0},"product_brand":[],"product_cat":[12291,12711],"product_tag":[],"class_list":{"0":"post-744054","1":"product","2":"type-product","3":"status-publish","5":"product_cat-edebiyat","6":"product_cat-roman-oyku","7":"pa_cilt-ciltsiz","8":"pa_tur-kitap","9":"pa_yayinevi-ithaki-yayinlari","10":"pa_yazar-mehmet-rauf","12":"first","13":"instock","14":"sale","15":"shipping-taxable","16":"purchasable","17":"product-type-simple"},"_links":{"self":[{"href":"https:\/\/roveyayinevi.com.tr\/index.php\/wp-json\/wp\/v2\/product\/744054","targetHints":{"allow":["GET"]}}],"collection":[{"href":"https:\/\/roveyayinevi.com.tr\/index.php\/wp-json\/wp\/v2\/product"}],"about":[{"href":"https:\/\/roveyayinevi.com.tr\/index.php\/wp-json\/wp\/v2\/types\/product"}],"wp:attachment":[{"href":"https:\/\/roveyayinevi.com.tr\/index.php\/wp-json\/wp\/v2\/media?parent=744054"}],"wp:term":[{"taxonomy":"product_brand","embeddable":true,"href":"https:\/\/roveyayinevi.com.tr\/index.php\/wp-json\/wp\/v2\/product_brand?post=744054"},{"taxonomy":"product_cat","embeddable":true,"href":"https:\/\/roveyayinevi.com.tr\/index.php\/wp-json\/wp\/v2\/product_cat?post=744054"},{"taxonomy":"product_tag","embeddable":true,"href":"https:\/\/roveyayinevi.com.tr\/index.php\/wp-json\/wp\/v2\/product_tag?post=744054"}],"curies":[{"name":"wp","href":"https:\/\/api.w.org\/{rel}","templated":true}]}}