{"id":744053,"date":"2025-08-28T01:48:28","date_gmt":"2025-08-27T22:48:28","guid":{"rendered":"https:\/\/roveyayinevi.com.tr\/index.php\/urun\/alabele\/"},"modified":"2026-04-16T02:55:39","modified_gmt":"2026-04-15T23:55:39","slug":"alabele","status":"publish","type":"product","link":"https:\/\/roveyayinevi.com.tr\/index.php\/urun\/alabele\/","title":{"rendered":"Alabele"},"content":{"rendered":"<p>Ya\u015fam dedim ki, bu kadar \u00f6lmek dedikleri; kar\u0131\u015f\u0131p bamba\u015fka birikmek ayn\u0131 taba\u011fa, kimseyle ayr\u0131 d\u00fc\u015fmeden gitmek o bayrama.   dedim ki, bu kadar olmak dedikleri; ba\u015f \u015furadakiyse ak\u0131l hemen beriki, bembeyaz \u00e7ocuk \u00e7ala \u00e7ala eline m\u00fcrekkebi. <\/p>\n","protected":false},"excerpt":{"rendered":"<p>Ya\u015fam dedim ki, bu kadar \u00f6lmek dedikleri; kar\u0131\u015f\u0131p bamba\u015fka birikmek ayn\u0131 taba\u011fa, kimseyle ayr\u0131 d\u00fc\u015fmeden gitmek o bayrama. dedim ki, bu kadar olmak dedikleri; ba\u015f \u015furadakiyse<span class=\"excerpt-hellip\"> [\u2026]<\/span><\/p>\n","protected":false},"featured_media":0,"template":"","meta":{"_monsterinsights_skip_tracking":false,"_monsterinsights_sitenote_active":false,"_monsterinsights_sitenote_note":"","_monsterinsights_sitenote_category":0},"product_brand":[],"product_cat":[12291,12509],"product_tag":[],"class_list":{"0":"post-744053","1":"product","2":"type-product","3":"status-publish","5":"product_cat-edebiyat","6":"product_cat-siir","7":"pa_cilt-ciltsiz","8":"pa_tur-kitap","9":"pa_yayinevi-ithaki-yayinlari","10":"pa_yazar-beste-naz-karaca","12":"first","13":"instock","14":"sale","15":"shipping-taxable","16":"purchasable","17":"product-type-simple"},"_links":{"self":[{"href":"https:\/\/roveyayinevi.com.tr\/index.php\/wp-json\/wp\/v2\/product\/744053","targetHints":{"allow":["GET"]}}],"collection":[{"href":"https:\/\/roveyayinevi.com.tr\/index.php\/wp-json\/wp\/v2\/product"}],"about":[{"href":"https:\/\/roveyayinevi.com.tr\/index.php\/wp-json\/wp\/v2\/types\/product"}],"wp:attachment":[{"href":"https:\/\/roveyayinevi.com.tr\/index.php\/wp-json\/wp\/v2\/media?parent=744053"}],"wp:term":[{"taxonomy":"product_brand","embeddable":true,"href":"https:\/\/roveyayinevi.com.tr\/index.php\/wp-json\/wp\/v2\/product_brand?post=744053"},{"taxonomy":"product_cat","embeddable":true,"href":"https:\/\/roveyayinevi.com.tr\/index.php\/wp-json\/wp\/v2\/product_cat?post=744053"},{"taxonomy":"product_tag","embeddable":true,"href":"https:\/\/roveyayinevi.com.tr\/index.php\/wp-json\/wp\/v2\/product_tag?post=744053"}],"curies":[{"name":"wp","href":"https:\/\/api.w.org\/{rel}","templated":true}]}}