{"id":744050,"date":"2025-08-28T01:48:25","date_gmt":"2025-08-27T22:48:25","guid":{"rendered":"https:\/\/roveyayinevi.com.tr\/index.php\/urun\/berber-dukkani-sohbetleri\/"},"modified":"2026-04-16T02:55:39","modified_gmt":"2026-04-15T23:55:39","slug":"berber-dukkani-sohbetleri","status":"publish","type":"product","link":"https:\/\/roveyayinevi.com.tr\/index.php\/urun\/berber-dukkani-sohbetleri\/","title":{"rendered":"Berber D\u00fckkan\u0131 Sohbetleri"},"content":{"rendered":"<p>Berber D\u00fckkan\u0131 Sohbetleri Kitap A\u00e7\u0131klamas\u0131 Ben de\u011filsem kim, \u015fimdi de\u011filse ne zaman? Evet, kendimize sormam\u0131z gereken en \u00f6nemli soru bu! Berber D\u00fckk\u00e2n\u0131 Sohbetleri\u2019nde, kad\u0131na y\u00f6nelik \u015fiddet, i\u015f hayat\u0131nda kad\u0131n\u0131n yeri ve \u00f6nemi, e\u011fitimde f\u0131rsat e\u015fitli\u011fi, ev i\u00e7i eme\u011fin payla\u015f\u0131m\u0131 gibi bir\u00e7ok konu derinlemesine inceleniyor. Toplumsal cinsiyet e\u015fitli\u011fiyle ilgili kavramlar ara\u015ft\u0131rma ve verilerle desteklenerek rehber niteli\u011finde okura sunuluyor. Erkan Tozluyurt, toplumsal cinsiyet e\u015fitsizli\u011finin ne oldu\u011funu, g\u00fcnl\u00fck hayata nas\u0131l yans\u0131d\u0131\u011f\u0131n\u0131 ve nelerin de\u011fi\u015fmesi gerekti\u011fini kendi deneyimlerinden yola \u00e7\u0131karak anlat\u0131yor. Berber d\u00fckk\u00e2n\u0131nda ge\u00e7en sohbetleri okura, samimi ve sade bir dille aktar\u0131yor. (Tan\u0131t\u0131m B\u00fclteninden)<\/p>\n","protected":false},"excerpt":{"rendered":"<p>Berber D\u00fckkan\u0131 Sohbetleri Kitap A\u00e7\u0131klamas\u0131 Ben de\u011filsem kim, \u015fimdi de\u011filse ne zaman? Evet, kendimize sormam\u0131z gereken en \u00f6nemli soru bu! Berber D\u00fckk\u00e2n\u0131 Sohbetleri\u2019nde, kad\u0131na y\u00f6nelik \u015fiddet,<span class=\"excerpt-hellip\"> [\u2026]<\/span><\/p>\n","protected":false},"featured_media":0,"template":"","meta":{"_monsterinsights_skip_tracking":false,"_monsterinsights_sitenote_active":false,"_monsterinsights_sitenote_note":"","_monsterinsights_sitenote_category":0},"product_brand":[],"product_cat":[12325,12324],"product_tag":[],"class_list":{"0":"post-744050","1":"product","2":"type-product","3":"status-publish","5":"product_cat-diger-sosyoloji","6":"product_cat-sosyoloji","7":"pa_cilt-ciltsiz","8":"pa_tur-kitap","9":"pa_yayinevi-nemesis-kitap","10":"pa_yazar-erkan-tozluyurt","12":"first","13":"instock","14":"sale","15":"shipping-taxable","16":"purchasable","17":"product-type-simple"},"_links":{"self":[{"href":"https:\/\/roveyayinevi.com.tr\/index.php\/wp-json\/wp\/v2\/product\/744050","targetHints":{"allow":["GET"]}}],"collection":[{"href":"https:\/\/roveyayinevi.com.tr\/index.php\/wp-json\/wp\/v2\/product"}],"about":[{"href":"https:\/\/roveyayinevi.com.tr\/index.php\/wp-json\/wp\/v2\/types\/product"}],"wp:attachment":[{"href":"https:\/\/roveyayinevi.com.tr\/index.php\/wp-json\/wp\/v2\/media?parent=744050"}],"wp:term":[{"taxonomy":"product_brand","embeddable":true,"href":"https:\/\/roveyayinevi.com.tr\/index.php\/wp-json\/wp\/v2\/product_brand?post=744050"},{"taxonomy":"product_cat","embeddable":true,"href":"https:\/\/roveyayinevi.com.tr\/index.php\/wp-json\/wp\/v2\/product_cat?post=744050"},{"taxonomy":"product_tag","embeddable":true,"href":"https:\/\/roveyayinevi.com.tr\/index.php\/wp-json\/wp\/v2\/product_tag?post=744050"}],"curies":[{"name":"wp","href":"https:\/\/api.w.org\/{rel}","templated":true}]}}