{"id":744049,"date":"2025-08-28T01:48:23","date_gmt":"2025-08-27T22:48:23","guid":{"rendered":"https:\/\/roveyayinevi.com.tr\/index.php\/urun\/tuhaf-seyler-oluyor\/"},"modified":"2026-04-16T02:55:39","modified_gmt":"2026-04-15T23:55:39","slug":"tuhaf-seyler-oluyor","status":"publish","type":"product","link":"https:\/\/roveyayinevi.com.tr\/index.php\/urun\/tuhaf-seyler-oluyor\/","title":{"rendered":"Tuhaf \u015eeyler Oluyor"},"content":{"rendered":"<p>Amerikal\u0131 bir edebiyat\u00e7\u0131n\u0131n ula\u015fabilece\u011fi en b\u00fcy\u00fck mertebelerden olan MacArthur D\u00e2hi Bursu kazanan\u0131 ve Pulitzer finalisti Belaya Bula\u015f\u2019\u0131n yazar\u0131 Kelly Link, Amerikan b\u00fcy\u00fcl\u00fc ger\u00e7ek\u00e7ili\u011finin \u00f6nemli isimlerinden biri. 2001\u2019de yay\u0131mlanan ilk \u00f6yk\u00fc kitab\u0131 Tuhaf \u015eeyler Oluyor ise Nebula ve D\u00fcnya Fantazi \u00f6d\u00fcll\u00fc metinlere ev sahipli\u011fi yap\u0131yor.   On bir s\u0131rad\u0131\u015f\u0131 \u00f6yk\u00fcn\u00fcn yan yana geldi\u011fi derlemede mitolojik hik\u00e2yeler ve yak\u0131ndan bildi\u011fimiz masallar boyut de\u011fi\u015ftirerek kar\u015f\u0131m\u0131za \u00e7\u0131k\u0131yor. S\u0131radan d\u00fcnyan\u0131n i\u00e7inde gariplik s\u0131radanla\u015f\u0131rken, s\u0131radanl\u0131k gariple\u015fiyor. Bir k\u00fct\u00fcphaneci, babas\u0131 yapay burun biriktiren bir k\u0131za \u00e2\u015f\u0131k oluyor. \u00d6l\u00fc bir adam kar\u0131s\u0131na mektuplar g\u00f6nderiyor. Seksi uzayl\u0131lar New York\u2019u istila ediyor.   Yay\u0131mland\u0131\u011f\u0131 g\u00fcnden beri do\u011fa\u00fcst\u00fc, b\u00fcy\u00fcl\u00fc, tuhaf \u00f6yk\u00fclere ilgi duyan okurlar\u0131 ve hatta Neil Gaiman ve China Mi\u00e9ville gibi usta yazarlar\u0131 da etkisi alt\u0131na alan Tuhaf \u015eeyler Oluyor, tan\u0131d\u0131k g\u00f6r\u00fcnen bir d\u00fcnyan\u0131n ters k\u00f6\u015felerle dolu hik\u00e2yelerini anlatan, tekinsiz bir panorama.   \u201cBence Kelly Link, ku\u015fa\u011f\u0131n\u0131n en etkileyici yazar\u0131.\u201d \u2013Peter Straub   \u201cMuhtemelen g\u00fcn\u00fcm\u00fcz\u00fcn en iyi \u00f6yk\u00fc yazar\u0131.\u201d \u2013Neil Gaiman <\/p>\n","protected":false},"excerpt":{"rendered":"<p>Amerikal\u0131 bir edebiyat\u00e7\u0131n\u0131n ula\u015fabilece\u011fi en b\u00fcy\u00fck mertebelerden olan MacArthur D\u00e2hi Bursu kazanan\u0131 ve Pulitzer finalisti Belaya Bula\u015f\u2019\u0131n yazar\u0131 Kelly Link, Amerikan b\u00fcy\u00fcl\u00fc ger\u00e7ek\u00e7ili\u011finin \u00f6nemli isimlerinden biri.<span class=\"excerpt-hellip\"> [\u2026]<\/span><\/p>\n","protected":false},"featured_media":0,"template":"","meta":{"_monsterinsights_skip_tracking":false,"_monsterinsights_sitenote_active":false,"_monsterinsights_sitenote_note":"","_monsterinsights_sitenote_category":0},"product_brand":[],"product_cat":[12291,14777],"product_tag":[],"class_list":{"0":"post-744049","1":"product","2":"type-product","3":"status-publish","5":"product_cat-edebiyat","6":"product_cat-fantastik","7":"pa_cilt-ciltsiz","8":"pa_tur-kitap","9":"pa_yayinevi-ithaki-yayinlari","10":"pa_yazar-kelly-link","12":"first","13":"instock","14":"sale","15":"shipping-taxable","16":"purchasable","17":"product-type-simple"},"_links":{"self":[{"href":"https:\/\/roveyayinevi.com.tr\/index.php\/wp-json\/wp\/v2\/product\/744049","targetHints":{"allow":["GET"]}}],"collection":[{"href":"https:\/\/roveyayinevi.com.tr\/index.php\/wp-json\/wp\/v2\/product"}],"about":[{"href":"https:\/\/roveyayinevi.com.tr\/index.php\/wp-json\/wp\/v2\/types\/product"}],"wp:attachment":[{"href":"https:\/\/roveyayinevi.com.tr\/index.php\/wp-json\/wp\/v2\/media?parent=744049"}],"wp:term":[{"taxonomy":"product_brand","embeddable":true,"href":"https:\/\/roveyayinevi.com.tr\/index.php\/wp-json\/wp\/v2\/product_brand?post=744049"},{"taxonomy":"product_cat","embeddable":true,"href":"https:\/\/roveyayinevi.com.tr\/index.php\/wp-json\/wp\/v2\/product_cat?post=744049"},{"taxonomy":"product_tag","embeddable":true,"href":"https:\/\/roveyayinevi.com.tr\/index.php\/wp-json\/wp\/v2\/product_tag?post=744049"}],"curies":[{"name":"wp","href":"https:\/\/api.w.org\/{rel}","templated":true}]}}