{"id":744048,"date":"2025-08-28T01:48:21","date_gmt":"2025-08-27T22:48:21","guid":{"rendered":"https:\/\/roveyayinevi.com.tr\/index.php\/urun\/20-yuzyilin-keman-virtuozu-harika-cocuk-florizel-von-reuter\/"},"modified":"2026-04-16T02:55:39","modified_gmt":"2026-04-15T23:55:39","slug":"20-yuzyilin-keman-virtuozu-harika-cocuk-florizel-von-reuter","status":"publish","type":"product","link":"https:\/\/roveyayinevi.com.tr\/index.php\/urun\/20-yuzyilin-keman-virtuozu-harika-cocuk-florizel-von-reuter\/","title":{"rendered":"20. Y\u00fczy\u0131l\u0131n Keman Virt\u00fc\u00f6z\u00fc Harika \u00c7ocuk Florizel von Reuter"},"content":{"rendered":"<p>Florizel von Reuter 1890 y\u0131l\u0131nda ABD\u2019de do\u011fdu, haf\u0131zas\u0131 ve keman \u00e7al\u0131\u015f\u0131ndaki ustal\u0131\u011f\u0131 ile zaman\u0131n en \u00fcnl\u00fc keman sanat\u00e7\u0131lar\u0131n\u0131 \u015fa\u015fk\u0131na \u00e7evirdi. Dokuz ya\u015f\u0131nda ABD Beyaz Saray\u2019da bir resital verdi. \u00c7al\u0131\u015fmalar\u0131na Avrupa\u2019da devam edip on iki ya\u015f\u0131nda Cenevre Konservatuvar\u0131ndan mezun oldu.   Floritzel 1904\u2019den ba\u015flayarak 20. y\u00fczy\u0131l\u0131n ba\u015f\u0131nda verdi\u011fi Avrupa turneleri kapsam\u0131nda \u0130stanbul ve \u0130zmir\u2019de sahneye \u00e7\u0131kt\u0131.   1985\u2019de 95 ya\u015f\u0131nda ABD\u2019de hayat\u0131n\u0131 kaybeden sanat\u00e7\u0131n\u0131n romanlara ve filmlere konu olacak derecede ola\u011fan\u00fcst\u00fc ve Avrupa tarihinin bir as\u0131rl\u0131k bir aynas\u0131 niteli\u011finde ya\u015fam\u0131 oldu. E\u011fer Floritzel, Paul Hindemith\u2019in teklifini kabul edip 1930\u2019larda yeni kurulan Ankara Devlet Konservatuvar\u0131n\u0131n keman b\u00f6l\u00fcm\u00fcn\u00fcn ba\u015f\u0131na ge\u00e7seydi bug\u00fcn T\u00fcrkiye\u2019de mutlaka daha iyi tan\u0131n\u0131yor olacakt\u0131.   \u00dc\u00e7 ciltlik \u201cTarihten ve G\u00fcn\u00fcm\u00fczden Klasik M\u00fczik Yaz\u0131lar\u0131\u201d kitaplar\u0131n\u0131n yazar\u0131 Prof. Dr. \u00d6mer E\u011fecio\u011flu, bu kitab\u0131nda 20. y\u00fczy\u0131l\u0131n keman virt\u00fc\u00f6z\u00fc harika \u00e7ocuk Floritzel von Reuter\u2019in ya\u015fam\u0131n\u0131, ailesini ve T\u00fcrkiye ziyaretlerini belgelerle g\u00fcn \u0131\u015f\u0131\u011f\u0131na \u00e7\u0131kar\u0131yor. <\/p>\n","protected":false},"excerpt":{"rendered":"<p>Florizel von Reuter 1890 y\u0131l\u0131nda ABD\u2019de do\u011fdu, haf\u0131zas\u0131 ve keman \u00e7al\u0131\u015f\u0131ndaki ustal\u0131\u011f\u0131 ile zaman\u0131n en \u00fcnl\u00fc keman sanat\u00e7\u0131lar\u0131n\u0131 \u015fa\u015fk\u0131na \u00e7evirdi. Dokuz ya\u015f\u0131nda ABD Beyaz Saray\u2019da bir<span class=\"excerpt-hellip\"> [\u2026]<\/span><\/p>\n","protected":false},"featured_media":0,"template":"","meta":{"_monsterinsights_skip_tracking":false,"_monsterinsights_sitenote_active":false,"_monsterinsights_sitenote_note":"","_monsterinsights_sitenote_category":0},"product_brand":[],"product_cat":[14009,12291],"product_tag":[],"class_list":{"0":"post-744048","1":"product","2":"type-product","3":"status-publish","5":"product_cat-biyografi-otobiyografi-edebiyat","6":"product_cat-edebiyat","7":"pa_cilt-ciltsiz","8":"pa_tur-kitap","9":"pa_yayinevi-muzik-egitimi-yayinlari","10":"pa_yazar-omer-egecioglu","12":"first","13":"instock","14":"sale","15":"shipping-taxable","16":"purchasable","17":"product-type-simple"},"_links":{"self":[{"href":"https:\/\/roveyayinevi.com.tr\/index.php\/wp-json\/wp\/v2\/product\/744048","targetHints":{"allow":["GET"]}}],"collection":[{"href":"https:\/\/roveyayinevi.com.tr\/index.php\/wp-json\/wp\/v2\/product"}],"about":[{"href":"https:\/\/roveyayinevi.com.tr\/index.php\/wp-json\/wp\/v2\/types\/product"}],"wp:attachment":[{"href":"https:\/\/roveyayinevi.com.tr\/index.php\/wp-json\/wp\/v2\/media?parent=744048"}],"wp:term":[{"taxonomy":"product_brand","embeddable":true,"href":"https:\/\/roveyayinevi.com.tr\/index.php\/wp-json\/wp\/v2\/product_brand?post=744048"},{"taxonomy":"product_cat","embeddable":true,"href":"https:\/\/roveyayinevi.com.tr\/index.php\/wp-json\/wp\/v2\/product_cat?post=744048"},{"taxonomy":"product_tag","embeddable":true,"href":"https:\/\/roveyayinevi.com.tr\/index.php\/wp-json\/wp\/v2\/product_tag?post=744048"}],"curies":[{"name":"wp","href":"https:\/\/api.w.org\/{rel}","templated":true}]}}