{"id":744047,"date":"2025-08-28T01:48:20","date_gmt":"2025-08-27T22:48:20","guid":{"rendered":"https:\/\/roveyayinevi.com.tr\/index.php\/urun\/umacinin-pesinde\/"},"modified":"2026-04-16T02:55:39","modified_gmt":"2026-04-15T23:55:39","slug":"umacinin-pesinde","status":"publish","type":"product","link":"https:\/\/roveyayinevi.com.tr\/index.php\/urun\/umacinin-pesinde\/","title":{"rendered":"Umac\u0131\u2019n\u0131n Pe\u015finde"},"content":{"rendered":"<p>\u201cGer\u00e7ekten \u00fcrpertici, yepyeni ve heyecan verici. Kesinlikle okunmal\u0131.\u201d \u2013Stephen King\u201cCinayetlerin benim Hanson Road\u2019a d\u00f6nd\u00fc\u011f\u00fcm d\u00f6nemde i\u015flenmesine dair herhangi bir yorumda bulunmayaca\u011f\u0131m. Hayat\u0131mdaki insanlar\u0131n \u00e7o\u011funun inanmak istedi\u011fi gibi yazg\u0131 m\u0131yd\u0131, yoksa sadece talihsizlik mi, bilmiyorum. Nedenler o kadar da \u00f6nemli de\u011fil neticede. Oradayd\u0131m. Tan\u0131kt\u0131m. Ve, bir \u015fekilde, canavar\u0131n \u00f6yk\u00fcs\u00fc benim \u00f6yk\u00fcm oldu.\u201d1988 yaz\u0131nda birka\u00e7 kay\u0131p k\u0131z\u0131n par\u00e7alanm\u0131\u015f cesedi k\u00fc\u00e7\u00fck bir kasabada ortaya \u00e7\u0131kar. Korkun\u00e7 kan\u0131tlar bir seri katile i\u015faret etmektedir. \u00c7ok ge\u00e7meden, failin insan olmad\u0131\u011f\u0131na dair bir s\u00f6ylenti yay\u0131lmaya ba\u015flar. G\u00fcvenlik g\u00fc\u00e7leri, katilin kendileriyle oyun oynad\u0131\u011f\u0131ndan emindir. Bu gizemi ayd\u0131nlatmaya \u00e7al\u0131\u015facak ki\u015fi ise, \u00fcniversiteden yeni mezun olan ve yazarl\u0131k kariyerinin ba\u015f\u0131nda kendini ger\u00e7ek bir korku hik\u00e2yesinin i\u00e7inde bulan Richard Chizmar\u2019d\u0131r.\u00dcrk\u00fct\u00fcc\u00fc oldu\u011fu kadar zekice tasarlanm\u0131\u015f bir \u00fcstkurmaca eseri olan Umac\u0131\u2019n\u0131n Pe\u015finde, \u201cger\u00e7ek su\u00e7\u201d t\u00fcr\u00fc ile korku edebiyat\u0131n\u0131n muhte\u015fem bir kesi\u015fimi.\u201cArt\u0131k yeni bir \u015feyin yap\u0131lamayaca\u011f\u0131na dair inanc\u0131 par\u00e7alamak i\u00e7in elinde \u00e7ekiciyle gelen bir Richard Chizmar var kar\u015f\u0131m\u0131zda.\u201d \u2013Josh Malerman\u201cChizmar kendi t\u00fcr\u00fcn\u00fc icat etmi\u015f. Bu da korku edebiyat\u0131n\u0131n en b\u00fcy\u00fcklerinden biri olarak yerini peki\u015ftirmesi i\u00e7in yeter de artar bile.\u201d \u2013Locus<\/p>\n","protected":false},"excerpt":{"rendered":"<p>\u201cGer\u00e7ekten \u00fcrpertici, yepyeni ve heyecan verici. Kesinlikle okunmal\u0131.\u201d \u2013Stephen King\u201cCinayetlerin benim Hanson Road\u2019a d\u00f6nd\u00fc\u011f\u00fcm d\u00f6nemde i\u015flenmesine dair herhangi bir yorumda bulunmayaca\u011f\u0131m. Hayat\u0131mdaki insanlar\u0131n \u00e7o\u011funun inanmak istedi\u011fi<span class=\"excerpt-hellip\"> [\u2026]<\/span><\/p>\n","protected":false},"featured_media":0,"template":"","meta":{"_monsterinsights_skip_tracking":false,"_monsterinsights_sitenote_active":false,"_monsterinsights_sitenote_note":"","_monsterinsights_sitenote_category":0},"product_brand":[],"product_cat":[12291,17033],"product_tag":[],"class_list":{"0":"post-744047","1":"product","2":"type-product","3":"status-publish","5":"product_cat-edebiyat","6":"product_cat-korku-gerilim","7":"pa_cilt-ciltsiz","8":"pa_tur-kitap","9":"pa_yayinevi-ithaki-yayinlari","10":"pa_yazar-richard-chizmar","12":"first","13":"instock","14":"sale","15":"shipping-taxable","16":"purchasable","17":"product-type-simple"},"_links":{"self":[{"href":"https:\/\/roveyayinevi.com.tr\/index.php\/wp-json\/wp\/v2\/product\/744047","targetHints":{"allow":["GET"]}}],"collection":[{"href":"https:\/\/roveyayinevi.com.tr\/index.php\/wp-json\/wp\/v2\/product"}],"about":[{"href":"https:\/\/roveyayinevi.com.tr\/index.php\/wp-json\/wp\/v2\/types\/product"}],"wp:attachment":[{"href":"https:\/\/roveyayinevi.com.tr\/index.php\/wp-json\/wp\/v2\/media?parent=744047"}],"wp:term":[{"taxonomy":"product_brand","embeddable":true,"href":"https:\/\/roveyayinevi.com.tr\/index.php\/wp-json\/wp\/v2\/product_brand?post=744047"},{"taxonomy":"product_cat","embeddable":true,"href":"https:\/\/roveyayinevi.com.tr\/index.php\/wp-json\/wp\/v2\/product_cat?post=744047"},{"taxonomy":"product_tag","embeddable":true,"href":"https:\/\/roveyayinevi.com.tr\/index.php\/wp-json\/wp\/v2\/product_tag?post=744047"}],"curies":[{"name":"wp","href":"https:\/\/api.w.org\/{rel}","templated":true}]}}