{"id":744046,"date":"2025-08-28T01:48:19","date_gmt":"2025-08-27T22:48:19","guid":{"rendered":"https:\/\/roveyayinevi.com.tr\/index.php\/urun\/kisa-roma-tarihi-2\/"},"modified":"2026-04-16T02:55:39","modified_gmt":"2026-04-15T23:55:39","slug":"kisa-roma-tarihi-2","status":"publish","type":"product","link":"https:\/\/roveyayinevi.com.tr\/index.php\/urun\/kisa-roma-tarihi-2\/","title":{"rendered":"K\u0131sa Roma Tarihi"},"content":{"rendered":"<p>Florus\u2019un bu eseri Romulus\u2019tan \u0130mparator Augustus\u2019a kadar olan Roma Tarihi\u2019nin bir \u00f6zeti (epitomae) olup, Titus Livius\u2019un Ab Urbe Condita adl\u0131 kitab\u0131 temelinde Roma \u0130mparatorlu\u011fu\u2019nun kabaca ilk yedi y\u00fcz y\u0131l\u0131ndaki t\u00fcm sava\u015flar\u0131n ve i\u00e7 \u00e7at\u0131\u015fmalar\u0131n k\u0131sa anlat\u0131mlar\u0131n\u0131 i\u00e7ermektedir. Edebi y\u00f6n\u00fc a\u011f\u0131r basan bu eser \u00f6zellikle Orta\u00e7a\u011f ve Yeni\u00e7a\u011f\u2019da \u00f6nemli bir ba\u015fvuru kayna\u011f\u0131 olmu\u015ftur. MS 2. y\u00fczy\u0131lda yaz\u0131lm\u0131\u015ft\u0131r.   Eser iki ana b\u00f6l\u00fcmden olu\u015fmaktad\u0131r. Birinci kitap diye de tabir edilen ilk ana b\u00f6l\u00fcm efsanevi kurulu\u015f y\u0131l\u0131 M\u00d6 753\u2019ten, Romulus ve Yedi Krallar Devri ile ba\u015flar ve Parthlarla yap\u0131lan ilk sava\u015flara kadar uzan\u0131r; can al\u0131c\u0131 bir genel tekrarla sona erer. \u0130kinci kitap yani ikinci ana b\u00f6l\u00fcm ise Gracchus Karde\u015fler ve plebs ayaklanmalar\u0131ndan itibaren ba\u015flar ve Octavianus\u2019a \u201cAugustus\u201d unvan\u0131 verilen ve b\u00f6ylece Principatus d\u00f6nemine girilen M\u00d6 27 tarihine kadar s\u00fcrer. Eserin kapsad\u0131\u011f\u0131 tarih\u00ee olaylar i\u00e7inde bilhassa Kartaca sava\u015flar\u0131, Anadolu\u2019ya yap\u0131lan asker\u00ee seferler, \u0130\u00e7 sava\u015flar ve Triumvirlik y\u00f6netiminde ya\u015fanan ciddi \u015fahsi kavgalar yazar\u0131n tuttu\u011fu \u0131\u015f\u0131k ve heyecanl\u0131 \u00fcslubuyla ilgi \u00e7ekicidir.   Son derece yerinde ve zihin a\u00e7\u0131c\u0131 bilgiler i\u00e7eren saptamalar\u0131yla bu eser, sadece bir k\u0131sa Roma tarihi de\u011fil, ayn\u0131 zamanda askerlik, siyaset, co\u011frafya ve etnografyayla ilgili \u00f6zl\u00fc, ana fikir niteli\u011finde de\u011ferlendirmeleriyle klasik bir eser \u00f6zelli\u011fini ta\u015f\u0131maktad\u0131r. <\/p>\n","protected":false},"excerpt":{"rendered":"<p>Florus\u2019un bu eseri Romulus\u2019tan \u0130mparator Augustus\u2019a kadar olan Roma Tarihi\u2019nin bir \u00f6zeti (epitomae) olup, Titus Livius\u2019un Ab Urbe Condita adl\u0131 kitab\u0131 temelinde Roma \u0130mparatorlu\u011fu\u2019nun kabaca ilk<span class=\"excerpt-hellip\"> [\u2026]<\/span><\/p>\n","protected":false},"featured_media":0,"template":"","meta":{"_monsterinsights_skip_tracking":false,"_monsterinsights_sitenote_active":false,"_monsterinsights_sitenote_note":"","_monsterinsights_sitenote_category":0},"product_brand":[],"product_cat":[12312,12304],"product_tag":[],"class_list":{"0":"post-744046","1":"product","2":"type-product","3":"status-publish","5":"product_cat-diger","6":"product_cat-tarih","7":"pa_cilt-ciltsiz","8":"pa_tur-kitap","9":"pa_yayinevi-dogu-bati-yayinlari","10":"pa_yazar-lucius-annaeus-florus","12":"first","13":"instock","14":"sale","15":"shipping-taxable","16":"purchasable","17":"product-type-simple"},"_links":{"self":[{"href":"https:\/\/roveyayinevi.com.tr\/index.php\/wp-json\/wp\/v2\/product\/744046","targetHints":{"allow":["GET"]}}],"collection":[{"href":"https:\/\/roveyayinevi.com.tr\/index.php\/wp-json\/wp\/v2\/product"}],"about":[{"href":"https:\/\/roveyayinevi.com.tr\/index.php\/wp-json\/wp\/v2\/types\/product"}],"wp:attachment":[{"href":"https:\/\/roveyayinevi.com.tr\/index.php\/wp-json\/wp\/v2\/media?parent=744046"}],"wp:term":[{"taxonomy":"product_brand","embeddable":true,"href":"https:\/\/roveyayinevi.com.tr\/index.php\/wp-json\/wp\/v2\/product_brand?post=744046"},{"taxonomy":"product_cat","embeddable":true,"href":"https:\/\/roveyayinevi.com.tr\/index.php\/wp-json\/wp\/v2\/product_cat?post=744046"},{"taxonomy":"product_tag","embeddable":true,"href":"https:\/\/roveyayinevi.com.tr\/index.php\/wp-json\/wp\/v2\/product_tag?post=744046"}],"curies":[{"name":"wp","href":"https:\/\/api.w.org\/{rel}","templated":true}]}}