{"id":744042,"date":"2025-08-28T01:48:14","date_gmt":"2025-08-27T22:48:14","guid":{"rendered":"https:\/\/roveyayinevi.com.tr\/index.php\/urun\/kuzgunlar\/"},"modified":"2026-04-16T02:55:39","modified_gmt":"2026-04-15T23:55:39","slug":"kuzgunlar","status":"publish","type":"product","link":"https:\/\/roveyayinevi.com.tr\/index.php\/urun\/kuzgunlar\/","title":{"rendered":"Kuzgunlar"},"content":{"rendered":"<p>Kappa Rho Nu, Westerly \u00dcniversitesi kamp\u00fcs\u00fcn\u00fcn en se\u00e7kin k\u0131zlar birli\u011fidir. Partileri dillere destan ve ba\u011f\u0131\u015f toplama geceleri, kamp\u00fcs\u00fcn en ses getiren etkinli\u011fidir. Ancak l\u00fcks ve g\u00f6steri\u015fle \u00f6r\u00fcl\u00fc hayatlar\u0131n\u0131n ard\u0131nda k\u0131z karde\u015flerin, Kuzgunlar\u2019\u0131n bir s\u0131rr\u0131 vard\u0131r: Onlar, k\u00f6kl\u00fc bir cad\u0131 meclisinin \u00fcyeleridir.   Olduk\u00e7a s\u0131radan bir hayat\u0131 olan ve bir cad\u0131 oldu\u011funu bilmeyen Vivi Devereaux, Kuzgun aday\u0131 oldu\u011funda k\u0131z karde\u015fli\u011fin bir par\u00e7as\u0131 olmak i\u00e7in ne gerekiyorsa yapmaya haz\u0131rd\u0131r. Vivi i\u00e7in bu, y\u0131llard\u0131r arad\u0131\u011f\u0131 aidiyet duygusuna sahip olma f\u0131rsat\u0131d\u0131r.    Scarlett Winter ise bir cad\u0131 oldu\u011funu her zaman biliyordur ve hayat\u0131 boyunca tek bir \u015fey i\u00e7in haz\u0131rlanm\u0131\u015ft\u0131r: g\u00fc\u00e7l\u00fc bir cad\u0131 olmak. Scarlett i\u00e7in Kappa Rho Nu\u2019nun ba\u015fkan\u0131 olmak annesinin imkans\u0131z beklentilerini kar\u015f\u0131lamak i\u00e7in tek \u015fans\u0131d\u0131r. Ama ge\u00e7mi\u015finden gelen ve kalbinin en derinliklerinde ta\u015f\u0131d\u0131\u011f\u0131 s\u0131r ortaya \u00e7\u0131karsa her \u015feyini kaybedebilir.   Kabul t\u00f6reninden \u00f6nce bir arada \u00e7al\u0131\u015fmak \u00fczere e\u015fle\u015fen Vivi ve Scarlett, \u00e7ok ge\u00e7meden kendilerini yeminlerin \u00e7i\u011fnendi\u011fi, ihanetlerin korkun\u00e7 kay\u0131plara yol a\u00e7t\u0131\u011f\u0131 karanl\u0131k bir d\u00fcnyada bulacaklar.<\/p>\n","protected":false},"excerpt":{"rendered":"<p>Kappa Rho Nu, Westerly \u00dcniversitesi kamp\u00fcs\u00fcn\u00fcn en se\u00e7kin k\u0131zlar birli\u011fidir. Partileri dillere destan ve ba\u011f\u0131\u015f toplama geceleri, kamp\u00fcs\u00fcn en ses getiren etkinli\u011fidir. Ancak l\u00fcks ve g\u00f6steri\u015fle<span class=\"excerpt-hellip\"> [\u2026]<\/span><\/p>\n","protected":false},"featured_media":0,"template":"","meta":{"_monsterinsights_skip_tracking":false,"_monsterinsights_sitenote_active":false,"_monsterinsights_sitenote_note":"","_monsterinsights_sitenote_category":0},"product_brand":[],"product_cat":[12291,12711],"product_tag":[],"class_list":{"0":"post-744042","1":"product","2":"type-product","3":"status-publish","5":"product_cat-edebiyat","6":"product_cat-roman-oyku","7":"pa_cilt-ciltsiz","8":"pa_tur-kitap","9":"pa_yayinevi-go-kitap","10":"pa_yazar-danielle-paige-kass-morgan","12":"first","13":"instock","14":"sale","15":"shipping-taxable","16":"purchasable","17":"product-type-simple"},"_links":{"self":[{"href":"https:\/\/roveyayinevi.com.tr\/index.php\/wp-json\/wp\/v2\/product\/744042","targetHints":{"allow":["GET"]}}],"collection":[{"href":"https:\/\/roveyayinevi.com.tr\/index.php\/wp-json\/wp\/v2\/product"}],"about":[{"href":"https:\/\/roveyayinevi.com.tr\/index.php\/wp-json\/wp\/v2\/types\/product"}],"wp:attachment":[{"href":"https:\/\/roveyayinevi.com.tr\/index.php\/wp-json\/wp\/v2\/media?parent=744042"}],"wp:term":[{"taxonomy":"product_brand","embeddable":true,"href":"https:\/\/roveyayinevi.com.tr\/index.php\/wp-json\/wp\/v2\/product_brand?post=744042"},{"taxonomy":"product_cat","embeddable":true,"href":"https:\/\/roveyayinevi.com.tr\/index.php\/wp-json\/wp\/v2\/product_cat?post=744042"},{"taxonomy":"product_tag","embeddable":true,"href":"https:\/\/roveyayinevi.com.tr\/index.php\/wp-json\/wp\/v2\/product_tag?post=744042"}],"curies":[{"name":"wp","href":"https:\/\/api.w.org\/{rel}","templated":true}]}}