{"id":744038,"date":"2025-08-28T01:48:08","date_gmt":"2025-08-27T22:48:08","guid":{"rendered":"https:\/\/roveyayinevi.com.tr\/index.php\/urun\/insan-toplumlarinin-temelinde\/"},"modified":"2026-04-16T02:55:39","modified_gmt":"2026-04-15T23:55:39","slug":"insan-toplumlarinin-temelinde","status":"publish","type":"product","link":"https:\/\/roveyayinevi.com.tr\/index.php\/urun\/insan-toplumlarinin-temelinde\/","title":{"rendered":"\u0130nsan Toplumlar\u0131n\u0131n Temelinde"},"content":{"rendered":"<p>Antropoloji ne i\u015fe yarar? Kitab\u0131n giri\u015f k\u0131sm\u0131n\u0131 bu soruyla a\u00e7arak Maurice Godelier niyet ve amac\u0131n\u0131 en ba\u015ftan belli eder. Soru basit oldu\u011fu kadar y\u0131k\u0131c\u0131d\u0131r: Nesnesi ve nesnesiyle kurdu\u011fu ili\u015fki, disiplini tamam\u0131yla da\u011f\u0131tacak derecede sorgulanan bir antropoloji, her t\u00fcrden kar\u015f\u0131la\u015ft\u0131rma, soyutlama ve kavramsalla\u015ft\u0131rma \u00e7abas\u0131ndan art\u0131k vazge\u00e7meli midir? Teredd\u00fcts\u00fczce \u2018\u2018hay\u0131r\u2019\u2019 cevab\u0131n\u0131 verir Godelier ve bu y\u00f6nde say\u0131s\u0131z ikna edici \u00f6rnek sunar.  Di\u011fer yandan bu kitap, hi\u00e7 ku\u015fkusuz Claude L\u00e9vi-Strauss\u2019tan sonra Frans\u0131z antropolojisinin en \u00fcretken ve uluslararas\u0131 d\u00fczeyde en \u00e7ok tart\u0131\u015f\u0131lm\u0131\u015f fig\u00fcr\u00fcn\u00fcn k\u0131rk y\u0131la yay\u0131lm\u0131\u015f \u00e7al\u0131\u015fmalar\u0131n\u0131n b\u00fct\u00fcnl\u00fckl\u00fc bir sentezidir. Hayranl\u0131k uyand\u0131ran bir bilgelik ve entelekt\u00fcel a\u00e7\u0131k s\u00f6zl\u00fcl\u00fckle Godelier, t\u00fcm ara\u015ft\u0131rmac\u0131 kariyerinin temel sorunlar\u0131n\u0131 (en ba\u015fta da \u2018\u2018Bir toplumu bir b\u00fct\u00fcn olarak kuran nedir\u2019\u2019 sorusunu) ve antropolojinin ba\u015fat temalar\u0131n\u0131 (kutsal, cinsellik, m\u00fcbadele, akrabal\u0131k, aile, arma\u011fan-kar\u015f\u0131 arma\u011fan) ak\u0131c\u0131 bir \u00fcslupla s\u0131ras\u0131yla ele al\u0131r. K\u0131sacas\u0131 \u0130nsan Toplumlar\u0131n\u0131n Temelinde, bir yandan, g\u00fcn\u00fcm\u00fcz antropolojisinin en b\u00fcy\u00fck ve en \u00fcretken isimlerinden birinin zengin k\u00fclliyat\u0131na ve oradan da antropolojinin temel meselelerine b\u00fct\u00fcnl\u00fckl\u00fc bir giri\u015f, di\u011fer yandan da bir disiplinin ve onun \u00f6tesinde sosyal bilimlerin izah ve kavratma g\u00fcc\u00fcne dair g\u00fc\u00e7l\u00fc bir manifestodur. <\/p>\n","protected":false},"excerpt":{"rendered":"<p>Antropoloji ne i\u015fe yarar? Kitab\u0131n giri\u015f k\u0131sm\u0131n\u0131 bu soruyla a\u00e7arak Maurice Godelier niyet ve amac\u0131n\u0131 en ba\u015ftan belli eder. Soru basit oldu\u011fu kadar y\u0131k\u0131c\u0131d\u0131r: Nesnesi ve<span class=\"excerpt-hellip\"> [\u2026]<\/span><\/p>\n","protected":false},"featured_media":0,"template":"","meta":{"_monsterinsights_skip_tracking":false,"_monsterinsights_sitenote_active":false,"_monsterinsights_sitenote_note":"","_monsterinsights_sitenote_category":0},"product_brand":[],"product_cat":[15499,13488],"product_tag":[],"class_list":{"0":"post-744038","1":"product","2":"type-product","3":"status-publish","5":"product_cat-antropoloji","6":"product_cat-toplum-ve-insan","7":"pa_cilt-ciltsiz","8":"pa_tur-kitap","9":"pa_yayinevi-heretik-yayincilik","10":"pa_yazar-maurice-godelier","12":"first","13":"instock","14":"sale","15":"shipping-taxable","16":"purchasable","17":"product-type-simple"},"_links":{"self":[{"href":"https:\/\/roveyayinevi.com.tr\/index.php\/wp-json\/wp\/v2\/product\/744038","targetHints":{"allow":["GET"]}}],"collection":[{"href":"https:\/\/roveyayinevi.com.tr\/index.php\/wp-json\/wp\/v2\/product"}],"about":[{"href":"https:\/\/roveyayinevi.com.tr\/index.php\/wp-json\/wp\/v2\/types\/product"}],"wp:attachment":[{"href":"https:\/\/roveyayinevi.com.tr\/index.php\/wp-json\/wp\/v2\/media?parent=744038"}],"wp:term":[{"taxonomy":"product_brand","embeddable":true,"href":"https:\/\/roveyayinevi.com.tr\/index.php\/wp-json\/wp\/v2\/product_brand?post=744038"},{"taxonomy":"product_cat","embeddable":true,"href":"https:\/\/roveyayinevi.com.tr\/index.php\/wp-json\/wp\/v2\/product_cat?post=744038"},{"taxonomy":"product_tag","embeddable":true,"href":"https:\/\/roveyayinevi.com.tr\/index.php\/wp-json\/wp\/v2\/product_tag?post=744038"}],"curies":[{"name":"wp","href":"https:\/\/api.w.org\/{rel}","templated":true}]}}