{"id":744037,"date":"2025-08-28T01:48:07","date_gmt":"2025-08-27T22:48:07","guid":{"rendered":"https:\/\/roveyayinevi.com.tr\/index.php\/urun\/bay-evdeyokumun-post-itleri\/"},"modified":"2026-04-16T02:55:39","modified_gmt":"2026-04-15T23:55:39","slug":"bay-evdeyokumun-post-itleri","status":"publish","type":"product","link":"https:\/\/roveyayinevi.com.tr\/index.php\/urun\/bay-evdeyokumun-post-itleri\/","title":{"rendered":"Bay Evdeyokumun Post-itleri"},"content":{"rendered":"<p>Cl\u00e0udia\u2019n\u0131n ya\u015fad\u0131\u011f\u0131 binan\u0131n \u00f6n\u00fcne bir nakliye arac\u0131 yana\u015f\u0131r. G\u00f6r\u00fcnen o ki yeni bir kom\u015fular\u0131 vard\u0131r art\u0131k! Peki acaba nas\u0131l biridir bu yeni kom\u015fu? Ne i\u015fle me\u015fguld\u00fcr? Yaln\u0131z m\u0131 ya\u015fayacakt\u0131r? Gizemli kom\u015fu koliler dolusu kitab\u0131 da beraberinde getirmi\u015ftir. Cl\u00e0udia onun kim oldu\u011funu \u00f6\u011frenmekte kararl\u0131d\u0131r. Fakat bu gizemi \u00e7\u00f6zmek sand\u0131\u011f\u0131 kadar kolay olmayacakt\u0131r \u00e7\u00fcnk\u00fc yeni kom\u015fu evde hi\u00e7 yok gibidir.   Bir haftan\u0131n sonunda, Cl\u00e0udia\u2019n\u0131n onunla ilgili \u00f6\u011frendi\u011fi tek \u015fey post-it\u2019lerle ileti\u015fim kurdu\u011fudur. Dijital \u00e7a\u011fda h\u00e2l\u00e2 not k\u00e2\u011f\u0131tlar\u0131 g\u00f6nderen biri, biraz tuhaf de\u011fil mi?   Bay Evdeyokum\u2019un Post-it\u2019leri, merdiven sahanl\u0131\u011f\u0131nda gidip gelen notlarla ba\u015flayan bir arkada\u015fl\u0131\u011f\u0131n gizemli ve muzip hik\u00e2yesi!<\/p>\n","protected":false},"excerpt":{"rendered":"<p>Cl\u00e0udia\u2019n\u0131n ya\u015fad\u0131\u011f\u0131 binan\u0131n \u00f6n\u00fcne bir nakliye arac\u0131 yana\u015f\u0131r. G\u00f6r\u00fcnen o ki yeni bir kom\u015fular\u0131 vard\u0131r art\u0131k! Peki acaba nas\u0131l biridir bu yeni kom\u015fu? Ne i\u015fle me\u015fguld\u00fcr?<span class=\"excerpt-hellip\"> [\u2026]<\/span><\/p>\n","protected":false},"featured_media":0,"template":"","meta":{"_monsterinsights_skip_tracking":false,"_monsterinsights_sitenote_active":false,"_monsterinsights_sitenote_note":"","_monsterinsights_sitenote_category":0},"product_brand":[],"product_cat":[12274,12284],"product_tag":[],"class_list":{"0":"post-744037","1":"product","2":"type-product","3":"status-publish","5":"product_cat-cocuk-ve-genclik-kitaplari","6":"product_cat-hikayeler","7":"pa_cilt-ciltsiz","8":"pa_tur-kitap","9":"pa_yayinevi-can-cocuk-yayinlari","10":"pa_yazar-tina-valles","12":"first","13":"instock","14":"sale","15":"shipping-taxable","16":"purchasable","17":"product-type-simple"},"_links":{"self":[{"href":"https:\/\/roveyayinevi.com.tr\/index.php\/wp-json\/wp\/v2\/product\/744037","targetHints":{"allow":["GET"]}}],"collection":[{"href":"https:\/\/roveyayinevi.com.tr\/index.php\/wp-json\/wp\/v2\/product"}],"about":[{"href":"https:\/\/roveyayinevi.com.tr\/index.php\/wp-json\/wp\/v2\/types\/product"}],"wp:attachment":[{"href":"https:\/\/roveyayinevi.com.tr\/index.php\/wp-json\/wp\/v2\/media?parent=744037"}],"wp:term":[{"taxonomy":"product_brand","embeddable":true,"href":"https:\/\/roveyayinevi.com.tr\/index.php\/wp-json\/wp\/v2\/product_brand?post=744037"},{"taxonomy":"product_cat","embeddable":true,"href":"https:\/\/roveyayinevi.com.tr\/index.php\/wp-json\/wp\/v2\/product_cat?post=744037"},{"taxonomy":"product_tag","embeddable":true,"href":"https:\/\/roveyayinevi.com.tr\/index.php\/wp-json\/wp\/v2\/product_tag?post=744037"}],"curies":[{"name":"wp","href":"https:\/\/api.w.org\/{rel}","templated":true}]}}