{"id":744036,"date":"2025-08-28T01:48:05","date_gmt":"2025-08-27T22:48:05","guid":{"rendered":"https:\/\/roveyayinevi.com.tr\/index.php\/urun\/istanbulda-bir-yabanci\/"},"modified":"2026-04-16T02:55:39","modified_gmt":"2026-04-15T23:55:39","slug":"istanbulda-bir-yabanci","status":"publish","type":"product","link":"https:\/\/roveyayinevi.com.tr\/index.php\/urun\/istanbulda-bir-yabanci\/","title":{"rendered":"\u0130stanbul&#8217;da Bir Yabanc\u0131"},"content":{"rendered":"<p>Sadullah Bey de kendi hayat\u0131n\u0131 ba\u015ftan ba\u015fa g\u00f6zden ge\u00e7irmek i\u00e7in geri \u00e7ekildi, dam bah\u00e7esinin arka taraf\u0131ndan Bo\u011faz\u2019a h\u00e2kim olan yere gitti. Kararan sular\u0131n \u00fcst\u00fcnde \u0131\u015f\u0131klar\u0131 yanan vapurlara, kay\u0131klara, birbirinden ba\u015fka tarafa giden gemilere ve takalara g\u00f6zlerini dikti. Evet, Bo\u011fazi\u00e7i sular\u0131 dahi \u0130stanbul\u2019un topraklar\u0131 gibi birbirine yabanc\u0131, aralar\u0131nda as\u0131rlar fark\u0131 olan deniz vas\u0131talar\u0131n\u0131n ge\u00e7it yeri olmu\u015ftu.       Halide Edib Ad\u0131var\u2019\u0131n 1960\u2019ta, B\u00fcy\u00fck Gazete\u2019de 12 say\u0131 tefrika etti\u011fi k\u0131sa roman denemesi \u0130stanbul\u2019da Bir Yabanc\u0131, ilk defa kitapla\u015f\u0131yor. Erol G\u00f6k\u015fen\u2019in eme\u011fi ve \u0130nci Engin\u00fcn\u2019\u00fcn \u00f6ns\u00f6z\u00fcyle zenginle\u015fen bu metin, yazar\u0131n daha \u00f6nceki romanlar\u0131nda da s\u0131k s\u0131k ele ald\u0131\u011f\u0131 \u201c\u0130stanbullu olma\u201d meselesine odaklan\u0131yor. Halide Edib romanc\u0131l\u0131\u011f\u0131n\u0131n son d\u00f6nemini g\u00f6rmek isteyenler i\u00e7in \u00f6nemli bir \u00e7al\u0131\u015fma.       Kaleme ald\u0131\u011f\u0131 her metinle yeniden tart\u0131\u015f\u0131lan Halide Edib\u2019in b\u00fct\u00fcn eserleri, g\u00f6zden ge\u00e7irilmi\u015f bask\u0131lar\u0131yla Can Yay\u0131nlar\u0131\u2019nda.<\/p>\n","protected":false},"excerpt":{"rendered":"<p>Sadullah Bey de kendi hayat\u0131n\u0131 ba\u015ftan ba\u015fa g\u00f6zden ge\u00e7irmek i\u00e7in geri \u00e7ekildi, dam bah\u00e7esinin arka taraf\u0131ndan Bo\u011faz\u2019a h\u00e2kim olan yere gitti. Kararan sular\u0131n \u00fcst\u00fcnde \u0131\u015f\u0131klar\u0131 yanan<span class=\"excerpt-hellip\"> [\u2026]<\/span><\/p>\n","protected":false},"featured_media":0,"template":"","meta":{"_monsterinsights_skip_tracking":false,"_monsterinsights_sitenote_active":false,"_monsterinsights_sitenote_note":"","_monsterinsights_sitenote_category":0},"product_brand":[],"product_cat":[12291,12711],"product_tag":[],"class_list":{"0":"post-744036","1":"product","2":"type-product","3":"status-publish","5":"product_cat-edebiyat","6":"product_cat-roman-oyku","7":"pa_cilt-ciltsiz","8":"pa_tur-kitap","9":"pa_yayinevi-can-yayinlari","10":"pa_yazar-halide-edib-adivar","12":"first","13":"instock","14":"sale","15":"shipping-taxable","16":"purchasable","17":"product-type-simple"},"_links":{"self":[{"href":"https:\/\/roveyayinevi.com.tr\/index.php\/wp-json\/wp\/v2\/product\/744036","targetHints":{"allow":["GET"]}}],"collection":[{"href":"https:\/\/roveyayinevi.com.tr\/index.php\/wp-json\/wp\/v2\/product"}],"about":[{"href":"https:\/\/roveyayinevi.com.tr\/index.php\/wp-json\/wp\/v2\/types\/product"}],"wp:attachment":[{"href":"https:\/\/roveyayinevi.com.tr\/index.php\/wp-json\/wp\/v2\/media?parent=744036"}],"wp:term":[{"taxonomy":"product_brand","embeddable":true,"href":"https:\/\/roveyayinevi.com.tr\/index.php\/wp-json\/wp\/v2\/product_brand?post=744036"},{"taxonomy":"product_cat","embeddable":true,"href":"https:\/\/roveyayinevi.com.tr\/index.php\/wp-json\/wp\/v2\/product_cat?post=744036"},{"taxonomy":"product_tag","embeddable":true,"href":"https:\/\/roveyayinevi.com.tr\/index.php\/wp-json\/wp\/v2\/product_tag?post=744036"}],"curies":[{"name":"wp","href":"https:\/\/api.w.org\/{rel}","templated":true}]}}