{"id":744034,"date":"2025-08-28T01:48:02","date_gmt":"2025-08-27T22:48:02","guid":{"rendered":"https:\/\/roveyayinevi.com.tr\/index.php\/urun\/go-ustasi\/"},"modified":"2026-04-16T02:55:39","modified_gmt":"2026-04-15T23:55:39","slug":"go-ustasi","status":"publish","type":"product","link":"https:\/\/roveyayinevi.com.tr\/index.php\/urun\/go-ustasi\/","title":{"rendered":"Go Ustas\u0131"},"content":{"rendered":"<p>Go oyununun gelene\u011fine g\u00f6re oyuncu \u00f6l\u00fcm d\u00f6\u015fe\u011findeki babas\u0131n\u0131n y\u00fcz\u00fcn\u00fc g\u00f6remeyecek bile olsa, kendisi Go masas\u0131na devrilecek kadar hasta bile olsa, m\u00fcsabaka g\u00fcn\u00fcne sad\u0131k kalmak zorundayd\u0131.       Go, kurallar\u0131n\u0131 anlamas\u0131 basit, ustala\u015fmas\u0131 bir \u00f6m\u00fcr s\u00fcren bir oyundur. Siyah ve Beyaz ta\u015flar\u0131n bir tahta \u00fczerinde birbirini ku\u015fatmaya \u00e7al\u0131\u015ft\u0131\u011f\u0131 bu strateji oyunu, Japon ruhunun ve d\u00fc\u015f\u00fcnce yap\u0131s\u0131n\u0131n cevherine sahiptir. Go Ustas\u0131, bizi son ya\u015fayan usta Hon\u2019inb\u014d Sh\u016bsai\u2019nin ma\u011flubiyetsiz hayat\u0131n\u0131n son m\u00fcsabakas\u0131na g\u00f6t\u00fcr\u00fcr. Go gelene\u011finde yeti\u015fmi\u015f usta art\u0131k ya\u015fl\u0131d\u0131r, hastad\u0131r; rakibi \u014ctake ise bir makine gibi h\u0131zl\u0131, agresif ve rand\u0131manl\u0131 bir tarza sahiptir. Japonya\u2019n\u0131n b\u00fcy\u00fcl\u00fc manzaras\u0131n\u0131n ortas\u0131ndaki bir kapl\u0131ca otelinde ba\u015flayan bu neredeyse alegorik kar\u015f\u0131la\u015fma, tam alt\u0131 ay s\u00fcrecektir.       \u0130ki rengin, iki insan\u0131n ve iki ku\u015fa\u011f\u0131n \u00f6tesinde bir yere, evrensel bir hakikate g\u00f6z k\u0131rpan Go Ustas\u0131, ya\u015fam\u0131n\u0131 sanat\u0131na adam\u0131\u015f bir adam\u0131n yazg\u0131s\u0131yla ve tarihteki yeriyle y\u00fczle\u015fmesinin \u00f6yk\u00fcs\u00fc.       \u201cKawabata\u2019n\u0131n \u00f6yk\u00fcs\u00fcnde g\u00f6steri\u015fsiz bir cesaret, \u00f6mr\u00fcn sonbahar\u0131na dair bir asalet mevcut.\u201d   Time <\/p>\n","protected":false},"excerpt":{"rendered":"<p>Go oyununun gelene\u011fine g\u00f6re oyuncu \u00f6l\u00fcm d\u00f6\u015fe\u011findeki babas\u0131n\u0131n y\u00fcz\u00fcn\u00fc g\u00f6remeyecek bile olsa, kendisi Go masas\u0131na devrilecek kadar hasta bile olsa, m\u00fcsabaka g\u00fcn\u00fcne sad\u0131k kalmak zorundayd\u0131. Go,<span class=\"excerpt-hellip\"> [\u2026]<\/span><\/p>\n","protected":false},"featured_media":0,"template":"","meta":{"_monsterinsights_skip_tracking":false,"_monsterinsights_sitenote_active":false,"_monsterinsights_sitenote_note":"","_monsterinsights_sitenote_category":0},"product_brand":[],"product_cat":[12291,12711],"product_tag":[],"class_list":{"0":"post-744034","1":"product","2":"type-product","3":"status-publish","5":"product_cat-edebiyat","6":"product_cat-roman-oyku","7":"pa_cilt-ciltsiz","8":"pa_tur-kitap","9":"pa_yayinevi-can-yayinlari","10":"pa_yazar-yasunari-kawabata","12":"first","13":"instock","14":"sale","15":"shipping-taxable","16":"purchasable","17":"product-type-simple"},"_links":{"self":[{"href":"https:\/\/roveyayinevi.com.tr\/index.php\/wp-json\/wp\/v2\/product\/744034","targetHints":{"allow":["GET"]}}],"collection":[{"href":"https:\/\/roveyayinevi.com.tr\/index.php\/wp-json\/wp\/v2\/product"}],"about":[{"href":"https:\/\/roveyayinevi.com.tr\/index.php\/wp-json\/wp\/v2\/types\/product"}],"wp:attachment":[{"href":"https:\/\/roveyayinevi.com.tr\/index.php\/wp-json\/wp\/v2\/media?parent=744034"}],"wp:term":[{"taxonomy":"product_brand","embeddable":true,"href":"https:\/\/roveyayinevi.com.tr\/index.php\/wp-json\/wp\/v2\/product_brand?post=744034"},{"taxonomy":"product_cat","embeddable":true,"href":"https:\/\/roveyayinevi.com.tr\/index.php\/wp-json\/wp\/v2\/product_cat?post=744034"},{"taxonomy":"product_tag","embeddable":true,"href":"https:\/\/roveyayinevi.com.tr\/index.php\/wp-json\/wp\/v2\/product_tag?post=744034"}],"curies":[{"name":"wp","href":"https:\/\/api.w.org\/{rel}","templated":true}]}}