{"id":744033,"date":"2025-08-28T01:48:01","date_gmt":"2025-08-27T22:48:01","guid":{"rendered":"https:\/\/roveyayinevi.com.tr\/index.php\/urun\/kaygiyla-basa-cikmanin-52-yolu\/"},"modified":"2026-04-11T14:13:15","modified_gmt":"2026-04-11T11:13:15","slug":"kaygiyla-basa-cikmanin-52-yolu","status":"publish","type":"product","link":"https:\/\/roveyayinevi.com.tr\/index.php\/urun\/kaygiyla-basa-cikmanin-52-yolu\/","title":{"rendered":"Kayg\u0131yla Ba\u015fa \u00c7\u0131kman\u0131n 52 Yolu"},"content":{"rendered":"<p>Ya\u015famda kendinizle ba\u015f ba\u015fa kalmak zorunda oldu\u011funuz anlar var m\u0131? Hayatta bazen bir ad\u0131m \u00f6ne \u00e7\u0131kmak ve sorunlar\u0131n kayna\u011f\u0131yla y\u00fczle\u015fme cesaretini g\u00f6stermek gerekir. Sorunlar\u0131m\u0131z bizi kayg\u0131ya m\u0131 iter? Hepimiz kayg\u0131n\u0131n bizi kendimizden uzakla\u015ft\u0131rd\u0131\u011f\u0131n\u0131 d\u00fc\u015f\u00fcn\u00fcr\u00fcz. \u00c7o\u011fumuz kayg\u0131yla kar\u015f\u0131la\u015ft\u0131\u011f\u0131 zaman hemen ondan ka\u00e7mak ister. Kayg\u0131 hayat\u0131 ya\u015fanmaz m\u0131 k\u0131lar? Kayg\u0131, insan\u0131 ger\u00e7eklikten kopar\u0131r. Bazen paranoyak\u00e7a d\u00fc\u015f\u00fcnceler geli\u015ftirmemize neden olur. Peki, her durumda b\u00f6yle mi olmas\u0131 gerekir? Kayg\u0131yla Ba\u015fa \u00c7\u0131kman\u0131n 52 Yolu size bamba\u015fka bir yol \u00f6neriyor. Bu kitap kayg\u0131lar\u0131n\u0131zla nas\u0131l dost olaca\u011f\u0131n\u0131z\u0131 anlat\u0131yor. Kayg\u0131 sizi buldu\u011funda, uygulayabilece\u011finiz 52 yolu \u00f6\u011frenmek ister misiniz? Bunlardan birini kulland\u0131\u011f\u0131n\u0131zda kayg\u0131 art\u0131k sizin dostunuz olabilecek. Sizi kayg\u0131land\u0131ran ve tetikleyen durumlar\u0131 kavray\u0131p belirli \u00e7\u00f6z\u00fcmler geli\u015ftirmek sizin elinizde.  Bu kitapta kayg\u0131yla ba\u015fa \u00e7\u0131kmak i\u00e7in uygulayabilece\u011finiz 52 pratik y\u00f6ntem anlat\u0131l\u0131yor. Kayg\u0131lar\u0131n\u0131z sizi bunaltmaya ba\u015flad\u0131\u011f\u0131nda bu pratik y\u00f6ntemleri birka\u00e7 kez uygulayarak k\u0131sa s\u00fcrede rahatlayabilirsiniz.<\/p>\n","protected":false},"excerpt":{"rendered":"<p>Ya\u015famda kendinizle ba\u015f ba\u015fa kalmak zorunda oldu\u011funuz anlar var m\u0131? Hayatta bazen bir ad\u0131m \u00f6ne \u00e7\u0131kmak ve sorunlar\u0131n kayna\u011f\u0131yla y\u00fczle\u015fme cesaretini g\u00f6stermek gerekir. Sorunlar\u0131m\u0131z bizi kayg\u0131ya<span class=\"excerpt-hellip\"> [\u2026]<\/span><\/p>\n","protected":false},"featured_media":0,"template":"","meta":{"_monsterinsights_skip_tracking":false,"_monsterinsights_sitenote_active":false,"_monsterinsights_sitenote_note":"","_monsterinsights_sitenote_category":0},"product_brand":[],"product_cat":[12364,12376],"product_tag":[],"class_list":{"0":"post-744033","1":"product","2":"type-product","3":"status-publish","5":"product_cat-genel-konular","6":"product_cat-kisisel-gelisim","7":"pa_cilt-ciltsiz","8":"pa_tur-kitap","9":"pa_yayinevi-tavoos-yayinlari","10":"pa_yazar-kollektif","12":"first","13":"instock","14":"sale","15":"shipping-taxable","16":"purchasable","17":"product-type-simple"},"_links":{"self":[{"href":"https:\/\/roveyayinevi.com.tr\/index.php\/wp-json\/wp\/v2\/product\/744033","targetHints":{"allow":["GET"]}}],"collection":[{"href":"https:\/\/roveyayinevi.com.tr\/index.php\/wp-json\/wp\/v2\/product"}],"about":[{"href":"https:\/\/roveyayinevi.com.tr\/index.php\/wp-json\/wp\/v2\/types\/product"}],"wp:attachment":[{"href":"https:\/\/roveyayinevi.com.tr\/index.php\/wp-json\/wp\/v2\/media?parent=744033"}],"wp:term":[{"taxonomy":"product_brand","embeddable":true,"href":"https:\/\/roveyayinevi.com.tr\/index.php\/wp-json\/wp\/v2\/product_brand?post=744033"},{"taxonomy":"product_cat","embeddable":true,"href":"https:\/\/roveyayinevi.com.tr\/index.php\/wp-json\/wp\/v2\/product_cat?post=744033"},{"taxonomy":"product_tag","embeddable":true,"href":"https:\/\/roveyayinevi.com.tr\/index.php\/wp-json\/wp\/v2\/product_tag?post=744033"}],"curies":[{"name":"wp","href":"https:\/\/api.w.org\/{rel}","templated":true}]}}