{"id":744032,"date":"2025-08-28T01:48:00","date_gmt":"2025-08-27T22:48:00","guid":{"rendered":"https:\/\/roveyayinevi.com.tr\/index.php\/urun\/cagdas-sanatin-sahtekarligi\/"},"modified":"2026-04-16T02:55:39","modified_gmt":"2026-04-15T23:55:39","slug":"cagdas-sanatin-sahtekarligi","status":"publish","type":"product","link":"https:\/\/roveyayinevi.com.tr\/index.php\/urun\/cagdas-sanatin-sahtekarligi\/","title":{"rendered":"\u00c7a\u011fda\u015f Sanat\u0131n Sahtek\u00e2rl\u0131\u011f\u0131"},"content":{"rendered":"<p>\u201cSanat tarihinde benzersiz bir an i\u00e7inde ya\u015famaktay\u0131z. \u00d6nceden \u00e7a\u011fda\u015f sanat addetti\u011fimiz \u015fey g\u00fcn\u00fcm\u00fczde bir ideolojiye, ele\u015ftirenlerin hi\u00e7bir sorgulama yapmas\u0131na olanak tan\u0131mayan koyu bir tutuculu\u011fa d\u00f6n\u00fc\u015ft\u00fc. \u00c7a\u011fda\u015f sanat teorisyenlerinin tesis etti\u011fi dogmalar\u0131n baz\u0131lar\u0131na hepimiz a\u015finay\u0131z: Sanat\u0131 meydana getiren \u015fey eserler de\u011fil fikirlerdir; herkes sanat\u00e7\u0131d\u0131r; sanat\u00e7\u0131n\u0131n sanat addetti\u011fi her \u015fey sanatt\u0131r ve elbette k\u00fcrat\u00f6r sanat\u00e7\u0131dan \u00fcst\u00fcnd\u00fcr. B\u00f6yle bir \u00f6zen kar\u015f\u0131tl\u0131\u011f\u0131 sayesinde \u00fc\u015fenge\u00e7lik, z\u0131p\u00e7\u0131kt\u0131l\u0131k, zek\u00e2 eksikli\u011fi gibi kavramlar bu sahte sanat\u0131n birer de\u011ferine d\u00f6n\u00fc\u015ft\u00fc ve her \u015fey m\u00fczelerde sergilenebilir hale geldi. Hi\u00e7bir estetik de\u011feri bulunmadan sanat diye sunulan nesneler bu dogmatizmin buyurdu\u011fu \u015fekilde, bir otoritenin buyurdu\u011fu prensiplere tamamen boyun e\u011ferek kabul edilmekte.\u201d       \u00c7ekincesiz ve samimi \u00fcslubuyla dikkat \u00e7eken Avelina L\u00e9sper, \u00c7a\u011fda\u015f Sanat\u0131n Sahtek\u00e2rl\u0131\u011f\u0131\u2019nda \u00e7a\u011fda\u015f sanat ideolojisinin \u201csorgulanamayan\u201d dogmalar\u0131n\u0131 irdeliyor ve \u015fu \u201czor\u201d soruya yan\u0131t ar\u0131yor: Yoksa \u00e7a\u011fda\u015f sanat bir kand\u0131rmacadan m\u0131 ibaret?<\/p>\n","protected":false},"excerpt":{"rendered":"<p>\u201cSanat tarihinde benzersiz bir an i\u00e7inde ya\u015famaktay\u0131z. \u00d6nceden \u00e7a\u011fda\u015f sanat addetti\u011fimiz \u015fey g\u00fcn\u00fcm\u00fczde bir ideolojiye, ele\u015ftirenlerin hi\u00e7bir sorgulama yapmas\u0131na olanak tan\u0131mayan koyu bir tutuculu\u011fa d\u00f6n\u00fc\u015ft\u00fc. \u00c7a\u011fda\u015f<span class=\"excerpt-hellip\"> [\u2026]<\/span><\/p>\n","protected":false},"featured_media":0,"template":"","meta":{"_monsterinsights_skip_tracking":false,"_monsterinsights_sitenote_active":false,"_monsterinsights_sitenote_note":"","_monsterinsights_sitenote_category":0},"product_brand":[],"product_cat":[44608,12408],"product_tag":[],"class_list":{"0":"post-744032","1":"product","2":"type-product","3":"status-publish","5":"product_cat-diger-sanat","6":"product_cat-sanat","7":"pa_cilt-ciltsiz","8":"pa_tur-kitap","9":"pa_yayinevi-tellekt","10":"pa_yazar-avelina-lesper","12":"first","13":"instock","14":"sale","15":"shipping-taxable","16":"purchasable","17":"product-type-simple"},"_links":{"self":[{"href":"https:\/\/roveyayinevi.com.tr\/index.php\/wp-json\/wp\/v2\/product\/744032","targetHints":{"allow":["GET"]}}],"collection":[{"href":"https:\/\/roveyayinevi.com.tr\/index.php\/wp-json\/wp\/v2\/product"}],"about":[{"href":"https:\/\/roveyayinevi.com.tr\/index.php\/wp-json\/wp\/v2\/types\/product"}],"wp:attachment":[{"href":"https:\/\/roveyayinevi.com.tr\/index.php\/wp-json\/wp\/v2\/media?parent=744032"}],"wp:term":[{"taxonomy":"product_brand","embeddable":true,"href":"https:\/\/roveyayinevi.com.tr\/index.php\/wp-json\/wp\/v2\/product_brand?post=744032"},{"taxonomy":"product_cat","embeddable":true,"href":"https:\/\/roveyayinevi.com.tr\/index.php\/wp-json\/wp\/v2\/product_cat?post=744032"},{"taxonomy":"product_tag","embeddable":true,"href":"https:\/\/roveyayinevi.com.tr\/index.php\/wp-json\/wp\/v2\/product_tag?post=744032"}],"curies":[{"name":"wp","href":"https:\/\/api.w.org\/{rel}","templated":true}]}}