{"id":744031,"date":"2025-08-28T01:47:58","date_gmt":"2025-08-27T22:47:58","guid":{"rendered":"https:\/\/roveyayinevi.com.tr\/index.php\/urun\/kader-yumurtalari\/"},"modified":"2026-04-16T02:55:39","modified_gmt":"2026-04-15T23:55:39","slug":"kader-yumurtalari","status":"publish","type":"product","link":"https:\/\/roveyayinevi.com.tr\/index.php\/urun\/kader-yumurtalari\/","title":{"rendered":"Kader Yumurtalar\u0131"},"content":{"rendered":"<p>K\u0131rm\u0131z\u0131 \u00e7izginin i\u00e7indeki hayat c\u0131v\u0131l c\u0131v\u0131ld\u0131. Gri renkli amipler yalanc\u0131 ayaklar \u00e7\u0131kararak olanca g\u00fc\u00e7leriyle k\u0131rm\u0131z\u0131 \u0131\u015f\u0131na do\u011fru uzan\u0131yorlar ve \u0131\u015f\u0131n\u0131n i\u00e7inde (sihirli bi\u00e7imde) canlan\u0131veriyorlard\u0131. Bir g\u00fc\u00e7, i\u00e7lerine ya\u015fam ruhu veriyordu.       Moskova, 1928. Uzun i\u00e7sava\u015f\u0131n sonras\u0131; Stalin\u2019in uzun iktidar\u0131n\u0131n ilk d\u00f6nemi. Kap\u0131lar\u0131n\u0131 yeniden a\u00e7m\u0131\u015f Zooloji Enstit\u00fcs\u00fc\u2019n\u00fcn m\u00fcd\u00fcr\u00fc Profes\u00f6r Persikov mikroskobunun ba\u015f\u0131ndan ayr\u0131ld\u0131\u011f\u0131 bir esnada canl\u0131 organizmalar\u0131n b\u00fcy\u00fckl\u00fc\u011f\u00fcn\u00fc ve \u00fcreme h\u0131z\u0131n\u0131 art\u0131ran ola\u011fan\u00fcst\u00fc bir \u0131\u015f\u0131n ke\u015ffeder. Tam o s\u0131rada \u00fclkedeki k\u00fcmes hayvanlar\u0131nda gizemli ve \u00f6l\u00fcmc\u00fcl bir salg\u0131n\u0131n ba\u015flamas\u0131yla ne yapaca\u011f\u0131n\u0131 bilemeyen yetkililer Persikov\u2019un bulu\u015funa el koyarlar. Ancak ufak bir kaza, \u00e7ok ge\u00e7meden t\u00fcm d\u00fcnyay\u0131 tehdit eden bir felakete d\u00f6n\u00fc\u015f\u00fcr.       Bulgakov\u2019un, H.G. Wells\u2019in Tanr\u0131lar\u0131n Tohumu eserinden esinlenerek yazd\u0131\u011f\u0131 Kader Yumurtalar\u0131, Sovyet Rusya\u2019n\u0131n ger\u00e7ek\u00fcst\u00fc ger\u00e7ekli\u011fini benzersiz bir zek\u00e2 ve \u00f6ng\u00f6r\u00fcyle ele alan bir bilimkurgu klasi\u011fi.       \u201cCo\u015fkusuyla okurun can\u0131na can katan, g\u00fcld\u00fcr\u00fcc\u00fc bir eser.\u201d   Doris Lessing   <\/p>\n","protected":false},"excerpt":{"rendered":"<p>K\u0131rm\u0131z\u0131 \u00e7izginin i\u00e7indeki hayat c\u0131v\u0131l c\u0131v\u0131ld\u0131. Gri renkli amipler yalanc\u0131 ayaklar \u00e7\u0131kararak olanca g\u00fc\u00e7leriyle k\u0131rm\u0131z\u0131 \u0131\u015f\u0131na do\u011fru uzan\u0131yorlar ve \u0131\u015f\u0131n\u0131n i\u00e7inde (sihirli bi\u00e7imde) canlan\u0131veriyorlard\u0131. Bir g\u00fc\u00e7,<span class=\"excerpt-hellip\"> [\u2026]<\/span><\/p>\n","protected":false},"featured_media":0,"template":"","meta":{"_monsterinsights_skip_tracking":false,"_monsterinsights_sitenote_active":false,"_monsterinsights_sitenote_note":"","_monsterinsights_sitenote_category":0},"product_brand":[],"product_cat":[12291,12711],"product_tag":[],"class_list":{"0":"post-744031","1":"product","2":"type-product","3":"status-publish","5":"product_cat-edebiyat","6":"product_cat-roman-oyku","7":"pa_cilt-ciltsiz","8":"pa_tur-kitap","9":"pa_yayinevi-can-yayinlari","10":"pa_yazar-mihail-bulgakov","12":"first","13":"instock","14":"sale","15":"shipping-taxable","16":"purchasable","17":"product-type-simple"},"_links":{"self":[{"href":"https:\/\/roveyayinevi.com.tr\/index.php\/wp-json\/wp\/v2\/product\/744031","targetHints":{"allow":["GET"]}}],"collection":[{"href":"https:\/\/roveyayinevi.com.tr\/index.php\/wp-json\/wp\/v2\/product"}],"about":[{"href":"https:\/\/roveyayinevi.com.tr\/index.php\/wp-json\/wp\/v2\/types\/product"}],"wp:attachment":[{"href":"https:\/\/roveyayinevi.com.tr\/index.php\/wp-json\/wp\/v2\/media?parent=744031"}],"wp:term":[{"taxonomy":"product_brand","embeddable":true,"href":"https:\/\/roveyayinevi.com.tr\/index.php\/wp-json\/wp\/v2\/product_brand?post=744031"},{"taxonomy":"product_cat","embeddable":true,"href":"https:\/\/roveyayinevi.com.tr\/index.php\/wp-json\/wp\/v2\/product_cat?post=744031"},{"taxonomy":"product_tag","embeddable":true,"href":"https:\/\/roveyayinevi.com.tr\/index.php\/wp-json\/wp\/v2\/product_tag?post=744031"}],"curies":[{"name":"wp","href":"https:\/\/api.w.org\/{rel}","templated":true}]}}