{"id":744030,"date":"2025-08-28T01:47:56","date_gmt":"2025-08-27T22:47:56","guid":{"rendered":"https:\/\/roveyayinevi.com.tr\/index.php\/urun\/har\/"},"modified":"2026-04-16T02:55:39","modified_gmt":"2026-04-15T23:55:39","slug":"har","status":"publish","type":"product","link":"https:\/\/roveyayinevi.com.tr\/index.php\/urun\/har\/","title":{"rendered":"Har"},"content":{"rendered":"<p>\u2026 Netamiye \u00fclkesi, \u00f6yle b\u00f6yle de\u011fil, \u00e7ok netameli, pek hassas bi yerdir. Herkesin bin t\u00fcrl\u00fc tak\u0131nt\u0131s\u0131, \u00e7e\u015fit \u00e7e\u015fit sap\u0131kl\u0131\u011f\u0131, ruhundan s\u00f6k\u00fcp atamad\u0131\u011f\u0131 k\u00f6t\u00fc hat\u0131ralar\u0131 vard\u0131r. Tarihini hat\u0131rlasa infilak edecek bi \u00fclkedir\u2026       Har sorunlarla bo\u011fu\u015fan, karmakar\u0131\u015f\u0131k bir Ortado\u011fu \u00fclkesinde ge\u00e7iyor; bombalar\u0131n patlad\u0131\u011f\u0131, i\u00e7sava\u015flar\u0131n ya\u015fand\u0131\u011f\u0131, cellatlar\u0131 ve kurbanlar\u0131yla cay\u0131r cay\u0131r yanan Netamiye\u2019de. Bu karma\u015fay\u0131 giderecek tek bir ki\u015fi, bir \u201cse\u00e7ilmi\u015f\u201d vard\u0131r. Lakin o se\u00e7ilmi\u015f, \u00fclkenin do\u011fusunda bir yerde askerlik yaparken vurulur. Hayal k\u0131r\u0131kl\u0131\u011f\u0131 ya\u015fayan melekler, Tanr\u0131 B\u00fcy\u00fck A\u2019y\u0131 da ikna ederek onun yerine abisini, Numune\u2019yi se\u00e7erler. Ne var ki Numune pek de sa\u011flam pabu\u00e7 de\u011fildir.       Murat Uyurkulak\u2019\u0131n ilk bask\u0131s\u0131 2006\u2019da yap\u0131lan ikinci roman\u0131 Har, hakikatlerle y\u00fczle\u015fmekten ka\u00e7\u0131nd\u0131k\u00e7a harlanan cehennem ate\u015fini sahneliyor. Fantastik, alegori ve mizahla ironiden g\u00fc\u00e7 alarak \u00fclkenin kalpazanlar\u0131n\u0131, oyunbozanlar\u0131n\u0131, kand\u0131r\u0131k\u00e7\u0131 meleklerini, unutamayan, unutamad\u0131k\u00e7a da yamulanlar\u0131n\u0131 ve g\u00fcnbeg\u00fcn sahtek\u00e2rla\u015fan bireylerini anlat\u0131yor. Tarih denen k\u00e2busu konu edinerek, insan\u0131n ruhuna eri\u015fmek i\u00e7in \u201cyaralar\u0131 kat etmek\u201dten \u00e7ekinmiyor. <\/p>\n","protected":false},"excerpt":{"rendered":"<p>\u2026 Netamiye \u00fclkesi, \u00f6yle b\u00f6yle de\u011fil, \u00e7ok netameli, pek hassas bi yerdir. Herkesin bin t\u00fcrl\u00fc tak\u0131nt\u0131s\u0131, \u00e7e\u015fit \u00e7e\u015fit sap\u0131kl\u0131\u011f\u0131, ruhundan s\u00f6k\u00fcp atamad\u0131\u011f\u0131 k\u00f6t\u00fc hat\u0131ralar\u0131 vard\u0131r. Tarihini<span class=\"excerpt-hellip\"> [\u2026]<\/span><\/p>\n","protected":false},"featured_media":0,"template":"","meta":{"_monsterinsights_skip_tracking":false,"_monsterinsights_sitenote_active":false,"_monsterinsights_sitenote_note":"","_monsterinsights_sitenote_category":0},"product_brand":[],"product_cat":[12291,12711],"product_tag":[],"class_list":{"0":"post-744030","1":"product","2":"type-product","3":"status-publish","5":"product_cat-edebiyat","6":"product_cat-roman-oyku","7":"pa_cilt-ciltsiz","8":"pa_tur-kitap","9":"pa_yayinevi-can-yayinlari","10":"pa_yazar-murat-uyurkulak","12":"first","13":"instock","14":"sale","15":"shipping-taxable","16":"purchasable","17":"product-type-simple"},"_links":{"self":[{"href":"https:\/\/roveyayinevi.com.tr\/index.php\/wp-json\/wp\/v2\/product\/744030","targetHints":{"allow":["GET"]}}],"collection":[{"href":"https:\/\/roveyayinevi.com.tr\/index.php\/wp-json\/wp\/v2\/product"}],"about":[{"href":"https:\/\/roveyayinevi.com.tr\/index.php\/wp-json\/wp\/v2\/types\/product"}],"wp:attachment":[{"href":"https:\/\/roveyayinevi.com.tr\/index.php\/wp-json\/wp\/v2\/media?parent=744030"}],"wp:term":[{"taxonomy":"product_brand","embeddable":true,"href":"https:\/\/roveyayinevi.com.tr\/index.php\/wp-json\/wp\/v2\/product_brand?post=744030"},{"taxonomy":"product_cat","embeddable":true,"href":"https:\/\/roveyayinevi.com.tr\/index.php\/wp-json\/wp\/v2\/product_cat?post=744030"},{"taxonomy":"product_tag","embeddable":true,"href":"https:\/\/roveyayinevi.com.tr\/index.php\/wp-json\/wp\/v2\/product_tag?post=744030"}],"curies":[{"name":"wp","href":"https:\/\/api.w.org\/{rel}","templated":true}]}}