{"id":744028,"date":"2025-08-28T01:47:48","date_gmt":"2025-08-27T22:47:48","guid":{"rendered":"https:\/\/roveyayinevi.com.tr\/index.php\/urun\/sosyal-hizmet-uygulamasinda-klinik-degerlendirme-ve-tani\/"},"modified":"2026-04-16T02:55:39","modified_gmt":"2026-04-15T23:55:39","slug":"sosyal-hizmet-uygulamasinda-klinik-degerlendirme-ve-tani","status":"publish","type":"product","link":"https:\/\/roveyayinevi.com.tr\/index.php\/urun\/sosyal-hizmet-uygulamasinda-klinik-degerlendirme-ve-tani\/","title":{"rendered":"Sosyal Hizmet Uygulamas\u0131nda Klinik De\u011ferlendirme ve Tan\u0131"},"content":{"rendered":"<p>Klinik alanda \u00e7al\u0131\u015fan sosyal \u00e7al\u0131\u015fmac\u0131lar, dan\u0131\u015fanlara kolayl\u0131kla tan\u0131 koyma ihtiyac\u0131 duyarlar. Ruhsal Bozukluklar\u0131n Tan\u0131sal ve \u0130statistiksel El Kitab\u0131 (DSM), ABD\u2019de klinik uygulay\u0131c\u0131lar aras\u0131nda kullan\u0131lan en yayg\u0131n tan\u0131sal s\u0131n\u0131fland\u0131rma sistemidir. DSM bilgisi, sosyal \u00e7al\u0131\u015fmac\u0131lar\u0131n di\u011fer ruh sa\u011fl\u0131\u011f\u0131 profesyonelleriyle g\u00f6r\u00fc\u015febilmeleri ve sunduklar\u0131 hizmetler i\u00e7in \u00f6deme almaya hak kazanabilmeleri i\u00e7in \u00f6nemlidir. Ruhsal, duygusal ve davran\u0131\u015f bozukluklar\u0131 \u00fczerine yaz\u0131lan bir sosyal hizmet kitab\u0131ndaki en temel zorluk, sosyal \u00e7al\u0131\u015fmac\u0131lara tan\u0131lama s\u00fcrecinde yetkinli\u011fi ve ele\u015ftirel d\u00fc\u015f\u00fcnmeyi \u00f6\u011fretmenin yan\u0131 s\u0131ra tan\u0131y\u0131 sosyal hizmet de\u011fer ve ilkeleriyle tutarl\u0131 bir \u015fekilde ele almakt\u0131r. Bu de\u011ferler; g\u00fc\u00e7ler temelli yakla\u015f\u0131m\u0131, bireyin de\u011feri ve onuruna y\u00f6nelik ilgiyi ve bireysel davran\u0131\u015f\u0131n \u00e7evresel ba\u011flam\u0131na y\u00f6nelik de\u011ferlendirmeyi i\u00e7ermektedir. S\u00f6z konusu zorluklarla ba\u015f etmek i\u00e7in bu kitap birka\u00e7 bak\u0131\u015f a\u00e7\u0131s\u0131n\u0131 bir araya getirecektir: \u2022 DSM \u2022 DSM\u2019nin ele\u015ftirisi \u2022 Risk ve dayan\u0131kl\u0131l\u0131\u011f\u0131n biyopsikososyal \u00e7er\u00e7evesi \u2022Psikopatoloji \u2022 Kan\u0131ta dayal\u0131 uygulama \u2022 \u00d6l\u00e7me ve de\u011ferlendirme i\u00e7in \u00f6l\u00e7\u00fcm ara\u00e7lar\u0131 \u2022 Ya\u015fam boyu yakla\u015f\u0131m Kitapta, bu bak\u0131\u015f a\u00e7\u0131lar\u0131n\u0131n sosyal hizmet tan\u0131s\u0131n\u0131 nas\u0131l etkiledi\u011fi ve bunlar\u0131n kitaba nas\u0131l entegre edildi\u011fi derinlikli bir \u015fekilde tart\u0131\u015f\u0131lmaktad\u0131r. <\/p>\n","protected":false},"excerpt":{"rendered":"<p>Klinik alanda \u00e7al\u0131\u015fan sosyal \u00e7al\u0131\u015fmac\u0131lar, dan\u0131\u015fanlara kolayl\u0131kla tan\u0131 koyma ihtiyac\u0131 duyarlar. Ruhsal Bozukluklar\u0131n Tan\u0131sal ve \u0130statistiksel El Kitab\u0131 (DSM), ABD\u2019de klinik uygulay\u0131c\u0131lar aras\u0131nda kullan\u0131lan en yayg\u0131n<span class=\"excerpt-hellip\"> [\u2026]<\/span><\/p>\n","protected":false},"featured_media":0,"template":"","meta":{"_monsterinsights_skip_tracking":false,"_monsterinsights_sitenote_active":false,"_monsterinsights_sitenote_note":"","_monsterinsights_sitenote_category":0},"product_brand":[],"product_cat":[13366,13365],"product_tag":[],"class_list":{"0":"post-744028","1":"product","2":"type-product","3":"status-publish","5":"product_cat-diger-saglik","6":"product_cat-saglik","7":"pa_cilt-ciltsiz","8":"pa_tur-kitap","9":"pa_yayinevi-nika-yayinevi","10":"pa_yazar-jacqueline-corcoran-joseph-walsh","12":"first","13":"instock","14":"sale","15":"shipping-taxable","16":"purchasable","17":"product-type-simple"},"_links":{"self":[{"href":"https:\/\/roveyayinevi.com.tr\/index.php\/wp-json\/wp\/v2\/product\/744028","targetHints":{"allow":["GET"]}}],"collection":[{"href":"https:\/\/roveyayinevi.com.tr\/index.php\/wp-json\/wp\/v2\/product"}],"about":[{"href":"https:\/\/roveyayinevi.com.tr\/index.php\/wp-json\/wp\/v2\/types\/product"}],"wp:attachment":[{"href":"https:\/\/roveyayinevi.com.tr\/index.php\/wp-json\/wp\/v2\/media?parent=744028"}],"wp:term":[{"taxonomy":"product_brand","embeddable":true,"href":"https:\/\/roveyayinevi.com.tr\/index.php\/wp-json\/wp\/v2\/product_brand?post=744028"},{"taxonomy":"product_cat","embeddable":true,"href":"https:\/\/roveyayinevi.com.tr\/index.php\/wp-json\/wp\/v2\/product_cat?post=744028"},{"taxonomy":"product_tag","embeddable":true,"href":"https:\/\/roveyayinevi.com.tr\/index.php\/wp-json\/wp\/v2\/product_tag?post=744028"}],"curies":[{"name":"wp","href":"https:\/\/api.w.org\/{rel}","templated":true}]}}