{"id":744027,"date":"2025-08-28T01:47:47","date_gmt":"2025-08-27T22:47:47","guid":{"rendered":"https:\/\/roveyayinevi.com.tr\/index.php\/urun\/oppenheimer-vicdan-bir-kara-kutudur\/"},"modified":"2026-04-16T02:55:39","modified_gmt":"2026-04-15T23:55:39","slug":"oppenheimer-vicdan-bir-kara-kutudur","status":"publish","type":"product","link":"https:\/\/roveyayinevi.com.tr\/index.php\/urun\/oppenheimer-vicdan-bir-kara-kutudur\/","title":{"rendered":"Oppenheimer &#8211; Vicdan Bir Kara Kutudur"},"content":{"rendered":"<p>\u201c\u015eimdi ben \u00f6l\u00fcm oldum; d\u00fcnyalar\u0131n yok edicisi.\u201d \u2013 Robert Oppenheimer   B\u00fct\u00fcn iyi niyetlerin, yolda sapma g\u00f6stererek deh\u015fete d\u00f6n\u00fc\u015fme riski vard\u0131r. Bilim ve k\u00fclt\u00fcr tarihinde \u00e7\u0131\u011f\u0131r a\u00e7\u0131c\u0131 geli\u015fimlere ilham kayna\u011f\u0131 olacak icatlar\u0131n, derin tarihsel travmalara ve ac\u0131mas\u0131z katliamlara yol a\u00e7mas\u0131 da m\u00fcmk\u00fcn ne yaz\u0131k ki! Sevgiyle ve bar\u0131\u015f gayesiyle kahraman olmak \u00fczere a\u015f\u0131lan yollardan, bir hain ve canavardan farks\u0131z bir katil olarak geri d\u00f6nmek de yazabilir kaderde. Y\u00fcksek dehas\u0131yla bilim d\u00fcnyas\u0131nda dikkat \u00e7ekmeyi ba\u015faran \u00fcnl\u00fc fizik\u00e7i Oppenheimer, atom bombas\u0131n\u0131 haz\u0131rlarken, b\u00fct\u00fcn bunlar\u0131 \u00f6ng\u00f6rememi\u015fti ku\u015fkusuz. Kahraman olma tutkusu, vicdan\u0131n\u0131n sesini i\u015fitmekten al\u0131koyuyordu onu.   Hiro\u015fima ve Nagasaki\u2019ye at\u0131lan atom bombalar\u0131ndan sonra neler ya\u015fad\u0131? Ailesinin ba\u015f\u0131na neler geldi? Bir bilim insan\u0131 olarak bir daha d\u00fcnyaya gelse, yine ayn\u0131 tutkuyla kendini g\u00f6z\u00fc kara icatlara adar m\u0131yd\u0131 yoksa bir daha d\u00fcnyaya bile gelmek istemez miydi? \u00d6l\u00fcm\u00fcne dek bir kara kutu gibi saklad\u0131\u011f\u0131 vicdan\u0131, \u015fimdi bu kitapta ilk kez g\u00fcn y\u00fcz\u00fcne \u00e7\u0131k\u0131yor. D\u00fcnya tarihinin belki de en karanl\u0131k vicdan muhasebesiyle y\u00fczle\u015fmeye haz\u0131r m\u0131s\u0131n\u0131z? <\/p>\n","protected":false},"excerpt":{"rendered":"<p>\u201c\u015eimdi ben \u00f6l\u00fcm oldum; d\u00fcnyalar\u0131n yok edicisi.\u201d \u2013 Robert Oppenheimer B\u00fct\u00fcn iyi niyetlerin, yolda sapma g\u00f6stererek deh\u015fete d\u00f6n\u00fc\u015fme riski vard\u0131r. Bilim ve k\u00fclt\u00fcr tarihinde \u00e7\u0131\u011f\u0131r a\u00e7\u0131c\u0131<span class=\"excerpt-hellip\"> [\u2026]<\/span><\/p>\n","protected":false},"featured_media":0,"template":"","meta":{"_monsterinsights_skip_tracking":false,"_monsterinsights_sitenote_active":false,"_monsterinsights_sitenote_note":"","_monsterinsights_sitenote_category":0},"product_brand":[],"product_cat":[13005,37328],"product_tag":[],"class_list":{"0":"post-744027","1":"product","2":"type-product","3":"status-publish","5":"product_cat-bilim-muhendislik","6":"product_cat-diger-bilim-muhendislik","7":"pa_cilt-ciltsiz","8":"pa_tur-kitap","9":"pa_yayinevi-kara-karga-yayinlari","10":"pa_yazar-mesud-topal","12":"first","13":"instock","14":"sale","15":"shipping-taxable","16":"purchasable","17":"product-type-simple"},"_links":{"self":[{"href":"https:\/\/roveyayinevi.com.tr\/index.php\/wp-json\/wp\/v2\/product\/744027","targetHints":{"allow":["GET"]}}],"collection":[{"href":"https:\/\/roveyayinevi.com.tr\/index.php\/wp-json\/wp\/v2\/product"}],"about":[{"href":"https:\/\/roveyayinevi.com.tr\/index.php\/wp-json\/wp\/v2\/types\/product"}],"wp:attachment":[{"href":"https:\/\/roveyayinevi.com.tr\/index.php\/wp-json\/wp\/v2\/media?parent=744027"}],"wp:term":[{"taxonomy":"product_brand","embeddable":true,"href":"https:\/\/roveyayinevi.com.tr\/index.php\/wp-json\/wp\/v2\/product_brand?post=744027"},{"taxonomy":"product_cat","embeddable":true,"href":"https:\/\/roveyayinevi.com.tr\/index.php\/wp-json\/wp\/v2\/product_cat?post=744027"},{"taxonomy":"product_tag","embeddable":true,"href":"https:\/\/roveyayinevi.com.tr\/index.php\/wp-json\/wp\/v2\/product_tag?post=744027"}],"curies":[{"name":"wp","href":"https:\/\/api.w.org\/{rel}","templated":true}]}}