{"id":744024,"date":"2025-08-28T01:47:45","date_gmt":"2025-08-27T22:47:45","guid":{"rendered":"https:\/\/roveyayinevi.com.tr\/index.php\/urun\/tarihi-dusunmek-gecmisin-degisen-eskali\/"},"modified":"2026-04-16T02:55:38","modified_gmt":"2026-04-15T23:55:38","slug":"tarihi-dusunmek-gecmisin-degisen-eskali","status":"publish","type":"product","link":"https:\/\/roveyayinevi.com.tr\/index.php\/urun\/tarihi-dusunmek-gecmisin-degisen-eskali\/","title":{"rendered":"Tarihi D\u00fc\u015f\u00fcnmek &#8211; Ge\u00e7mi\u015fin De\u011fi\u015fen E\u015fkali"},"content":{"rendered":"<p>Tarih\u00e7iler tarihin ne oldu\u011fu sorusuna zaman i\u00e7inde birbirinden farkl\u0131 yan\u0131tlar vermi\u015flerse de ge\u00e7mi\u015fin ge\u00e7mi\u015fte kalmay\u0131 reddedip kar\u015f\u0131m\u0131za her seferinde yeni bir y\u00fczle \u00e7\u0131kt\u0131\u011f\u0131, hatta gelece\u011fin \u015fekillenmesinde s\u00f6z sahibi oldu\u011fu konusunda b\u00fcy\u00fck \u00f6l\u00e7\u00fcde hemfikirdir. Bu kitap tarihin bu anlamda ne denli geni\u015f bir \u00e7al\u0131\u015fma alan\u0131 oldu\u011funu bize hat\u0131rlat\u0131rken, bir yandan da disiplini \u015fekillendiren ve alan\u0131n do\u011fas\u0131ndan ileri gelen gerilimlerin ve d\u00fczenli tart\u0131\u015fmalar\u0131n canl\u0131 bir manzaras\u0131n\u0131 sunuyor. Ge\u00e7ti\u011fimiz on y\u0131llar i\u00e7inde tarih\u00e7ilerin yeni akt\u00f6rlere, yeni mek\u00e2nlara ve yeni nesnelere y\u00f6nelmesiyle birlikte tarih disiplininin nas\u0131l de\u011fi\u015fti\u011fini ve tarihyaz\u0131m\u0131n\u0131n gelenekleri ile yenilikleri aras\u0131ndaki gerilimi \u00e7arp\u0131c\u0131 \u00f6rnekler \u00fczerinden ele al\u0131yor. Akademik, kamusal, pop\u00fcler ve di\u011fer ba\u015fl\u0131ca tarihyaz\u0131m\u0131 t\u00fcrleri aras\u0131ndaki farklar ve \u00f6rt\u00fc\u015fmeler ile tarih\u00e7inin kaynaklar\u0131n\u0131n eri\u015filmesi zor, zaman zaman da sorunlu do\u011fas\u0131 hakk\u0131nda sorular soruyor. Ge\u00e7mi\u015fe d\u00f6n\u00fck bir disiplin olarak tarihin kendi gelece\u011fine nas\u0131l bakt\u0131\u011f\u0131n\u0131, alana ilgi duyan herkesin kolayl\u0131kla anlayabilece\u011fi sade bir dille g\u00f6zler \u00f6n\u00fcne seriyor. <\/p>\n","protected":false},"excerpt":{"rendered":"<p>Tarih\u00e7iler tarihin ne oldu\u011fu sorusuna zaman i\u00e7inde birbirinden farkl\u0131 yan\u0131tlar vermi\u015flerse de ge\u00e7mi\u015fin ge\u00e7mi\u015fte kalmay\u0131 reddedip kar\u015f\u0131m\u0131za her seferinde yeni bir y\u00fczle \u00e7\u0131kt\u0131\u011f\u0131, hatta gelece\u011fin \u015fekillenmesinde<span class=\"excerpt-hellip\"> [\u2026]<\/span><\/p>\n","protected":false},"featured_media":0,"template":"","meta":{"_monsterinsights_skip_tracking":false,"_monsterinsights_sitenote_active":false,"_monsterinsights_sitenote_note":"","_monsterinsights_sitenote_category":0},"product_brand":[],"product_cat":[12312,12304],"product_tag":[],"class_list":{"0":"post-744024","1":"product","2":"type-product","3":"status-publish","5":"product_cat-diger","6":"product_cat-tarih","7":"pa_cilt-ciltsiz","8":"pa_tur-kitap","9":"pa_yayinevi-fol-kitap","10":"pa_yazar-sarah-maza","12":"first","13":"instock","14":"sale","15":"shipping-taxable","16":"purchasable","17":"product-type-simple"},"_links":{"self":[{"href":"https:\/\/roveyayinevi.com.tr\/index.php\/wp-json\/wp\/v2\/product\/744024","targetHints":{"allow":["GET"]}}],"collection":[{"href":"https:\/\/roveyayinevi.com.tr\/index.php\/wp-json\/wp\/v2\/product"}],"about":[{"href":"https:\/\/roveyayinevi.com.tr\/index.php\/wp-json\/wp\/v2\/types\/product"}],"wp:attachment":[{"href":"https:\/\/roveyayinevi.com.tr\/index.php\/wp-json\/wp\/v2\/media?parent=744024"}],"wp:term":[{"taxonomy":"product_brand","embeddable":true,"href":"https:\/\/roveyayinevi.com.tr\/index.php\/wp-json\/wp\/v2\/product_brand?post=744024"},{"taxonomy":"product_cat","embeddable":true,"href":"https:\/\/roveyayinevi.com.tr\/index.php\/wp-json\/wp\/v2\/product_cat?post=744024"},{"taxonomy":"product_tag","embeddable":true,"href":"https:\/\/roveyayinevi.com.tr\/index.php\/wp-json\/wp\/v2\/product_tag?post=744024"}],"curies":[{"name":"wp","href":"https:\/\/api.w.org\/{rel}","templated":true}]}}